{"id":1233,"date":"2025-01-10T20:10:16","date_gmt":"2025-01-10T19:10:16","guid":{"rendered":"https:\/\/ssgcsmdaqa.cfolks.pl\/muzeum\/produkt\/niecodzienna-wizyta-xix-wiecznego-dawnego-fabrykanta\/"},"modified":"2025-04-23T12:21:01","modified_gmt":"2025-04-23T10:21:01","slug":"unusual-visit-of-a-19th-century-former-factory-owner","status":"publish","type":"product","link":"https:\/\/muzeumfarmacji.eu\/en\/events\/unusual-visit-of-a-19th-century-former-factory-owner\/","title":{"rendered":"Unusual visit of a&nbsp;19th century former factory owner"},"content":{"rendered":"<p><span style=\"font-weight: 400;\">The museum was visited by a&nbsp;group of visitors led by Karol Scheibler aka Jan Czemerski. Here they learned about the history of \u0141\u00f3d\u017a and the history of pharmacy, including who could run a&nbsp;pharmacy in the city and in the countryside. What kinds of additional services pharmacies provided in the 19th century to increase their business.<\/span><\/p>\n","protected":false},"excerpt":{"rendered":"<p><span style=\"font-weight: 400;\">The museum often participates in field games and events organised by various institutions. This was the case this time, too.<\/span><\/p>\n","protected":false},"featured_media":562,"template":"","meta":{"_acf_changed":false},"product_brand":[],"product_cat":[30],"product_tag":[],"class_list":{"0":"post-1233","1":"product","2":"type-product","3":"status-publish","4":"has-post-thumbnail","6":"product_cat-events","8":"first","9":"instock","10":"virtual","11":"sold-individually","12":"purchasable","13":"product-type-booking"},"acf":[],"_links":{"self":[{"href":"https:\/\/muzeumfarmacji.eu\/en\/wp-json\/wp\/v2\/product\/1233","targetHints":{"allow":["GET"]}}],"collection":[{"href":"https:\/\/muzeumfarmacji.eu\/en\/wp-json\/wp\/v2\/product"}],"about":[{"href":"https:\/\/muzeumfarmacji.eu\/en\/wp-json\/wp\/v2\/types\/product"}],"wp:featuredmedia":[{"embeddable":true,"href":"https:\/\/muzeumfarmacji.eu\/en\/wp-json\/wp\/v2\/media\/562"}],"wp:attachment":[{"href":"https:\/\/muzeumfarmacji.eu\/en\/wp-json\/wp\/v2\/media?parent=1233"}],"wp:term":[{"taxonomy":"product_brand","embeddable":true,"href":"https:\/\/muzeumfarmacji.eu\/en\/wp-json\/wp\/v2\/product_brand?post=1233"},{"taxonomy":"product_cat","embeddable":true,"href":"https:\/\/muzeumfarmacji.eu\/en\/wp-json\/wp\/v2\/product_cat?post=1233"},{"taxonomy":"product_tag","embeddable":true,"href":"https:\/\/muzeumfarmacji.eu\/en\/wp-json\/wp\/v2\/product_tag?post=1233"}],"curies":[{"name":"wp","href":"https:\/\/api.w.org\/{rel}","templated":true}]}}