{"id":1235,"date":"2024-10-28T21:02:27","date_gmt":"2024-10-28T20:02:27","guid":{"rendered":"https:\/\/ssgcsmdaqa.cfolks.pl\/muzeum\/produkt\/wyklad-dr-lukasza-pigonskiego-na-konferencji-doz-fundacji-dbam-o-zdrowie-na-akademii-humanistyczno-ekonomicznej-w-lodzi\/"},"modified":"2025-04-23T12:22:24","modified_gmt":"2025-04-23T10:22:24","slug":"the-lecture-of-dr-lukasz-pigonski-at-the-doz-foundations-dbam-o-zdrowie-conference-at-the-academy-of-humanities-and-economics-in-lodz","status":"publish","type":"product","link":"https:\/\/muzeumfarmacji.eu\/en\/events\/the-lecture-of-dr-lukasz-pigonski-at-the-doz-foundations-dbam-o-zdrowie-conference-at-the-academy-of-humanities-and-economics-in-lodz\/","title":{"rendered":"The lecture of dr \u0141ukasz Pigo\u0144ski at the DOZ Foundation&#8217;s dbam o&nbsp;zdrowie conference at the Academy of Humanities and Economics in \u0141\u00f3d\u017a"},"content":{"rendered":"<p><span style=\"font-weight: 400;\">On 28.10.2024, a&nbsp;DOZ Foundation conference was held at the Academy of Humanities and Economics in \u0141\u00f3d\u017a, at which Dr \u0141ukasz Pigo\u0144ski, the Director of the prof.&nbsp;Jan Muszy\u0144ski Museum of Pharmacy, gave a&nbsp;speech. Guests listened to a&nbsp;lecture, entitled \u2018In the Footsteps of Cosmas and Damian &#8211; Medical Art and Pharmacy in Late Antiquity\u2019, devoted to medicine in antiquity.<\/span><\/p>\n","protected":false},"excerpt":{"rendered":"<p><span style=\"font-weight: 400;\">\u2018In the Footsteps of Cosmas and Damian &#8211; Medical Art and Pharmacy in Late Antiquity\u2019<\/span><\/p>\n","protected":false},"featured_media":571,"template":"","meta":{"_acf_changed":false},"product_brand":[],"product_cat":[30],"product_tag":[],"class_list":{"0":"post-1235","1":"product","2":"type-product","3":"status-publish","4":"has-post-thumbnail","6":"product_cat-events","8":"first","9":"instock","10":"virtual","11":"sold-individually","12":"purchasable","13":"product-type-booking"},"acf":[],"_links":{"self":[{"href":"https:\/\/muzeumfarmacji.eu\/en\/wp-json\/wp\/v2\/product\/1235","targetHints":{"allow":["GET"]}}],"collection":[{"href":"https:\/\/muzeumfarmacji.eu\/en\/wp-json\/wp\/v2\/product"}],"about":[{"href":"https:\/\/muzeumfarmacji.eu\/en\/wp-json\/wp\/v2\/types\/product"}],"wp:featuredmedia":[{"embeddable":true,"href":"https:\/\/muzeumfarmacji.eu\/en\/wp-json\/wp\/v2\/media\/571"}],"wp:attachment":[{"href":"https:\/\/muzeumfarmacji.eu\/en\/wp-json\/wp\/v2\/media?parent=1235"}],"wp:term":[{"taxonomy":"product_brand","embeddable":true,"href":"https:\/\/muzeumfarmacji.eu\/en\/wp-json\/wp\/v2\/product_brand?post=1235"},{"taxonomy":"product_cat","embeddable":true,"href":"https:\/\/muzeumfarmacji.eu\/en\/wp-json\/wp\/v2\/product_cat?post=1235"},{"taxonomy":"product_tag","embeddable":true,"href":"https:\/\/muzeumfarmacji.eu\/en\/wp-json\/wp\/v2\/product_tag?post=1235"}],"curies":[{"name":"wp","href":"https:\/\/api.w.org\/{rel}","templated":true}]}}