{"id":1236,"date":"2024-10-24T21:15:40","date_gmt":"2024-10-24T19:15:40","guid":{"rendered":"https:\/\/ssgcsmdaqa.cfolks.pl\/muzeum\/produkt\/wyklad-dr-lukasza-pigonskiego-sladem-kosmy-i-damiana-sztuka-medyczna-i-farmacja-w-poznym-antyku-dla-hospicjum\/"},"modified":"2025-05-09T15:51:31","modified_gmt":"2025-05-09T13:51:31","slug":"lecture-by-dr-lukasz-pigonski-in-the-footsteps-of-cosmas-and-damian-medical-art-and-pharmacy-in-late-antiquity-for-the-hospice","status":"publish","type":"product","link":"https:\/\/muzeumfarmacji.eu\/en\/events\/lecture-by-dr-lukasz-pigonski-in-the-footsteps-of-cosmas-and-damian-medical-art-and-pharmacy-in-late-antiquity-for-the-hospice\/","title":{"rendered":"Lecture by PhD \u0141ukasz Pigo\u0144ski \u2018In the Footsteps of Cosmas and Damian &#8211; Medical Art and Pharmacy in Late Antiquity\u2019 for the Hospice"},"content":{"rendered":"<p class=\"p1\"><span style=\"font-weight: 400;\">On 24.10.2024, volunteers of the Home Hospice Care Team listened to a&nbsp;lecture by PhD \u0141ukasz Pigo\u0144ski, Director of the prof.&nbsp;Jan Muszy\u0144ski Museum of Pharmacy, entitled \u2018In the Footsteps of Cosmas and Damian &#8211; Medical Art and Pharmacy in Late Antiquity\u2019, discussing the various healing practices used in antiquity.<\/span><\/p>\n","protected":false},"excerpt":{"rendered":"<p>On 24.10.2024, volunteers of the Home Hospice Care Team listened to a&nbsp;lecture by PhD \u0141ukasz Pigo\u0144ski, Director of the prof.&nbsp;Jan Muszy\u0144ski Museum of Pharmacy, entitled \u2018In the Footsteps of Cosmas and Damian &#8211; Medical Art and Pharmacy in Late Antiquity\u2019, discussing the various healing practices used in antiquity.<\/p>\n","protected":false},"featured_media":577,"template":"","meta":{"_acf_changed":false},"product_brand":[],"product_cat":[30],"product_tag":[],"class_list":{"0":"post-1236","1":"product","2":"type-product","3":"status-publish","4":"has-post-thumbnail","6":"product_cat-events","8":"first","9":"instock","10":"virtual","11":"sold-individually","12":"purchasable","13":"product-type-booking"},"acf":[],"_links":{"self":[{"href":"https:\/\/muzeumfarmacji.eu\/en\/wp-json\/wp\/v2\/product\/1236","targetHints":{"allow":["GET"]}}],"collection":[{"href":"https:\/\/muzeumfarmacji.eu\/en\/wp-json\/wp\/v2\/product"}],"about":[{"href":"https:\/\/muzeumfarmacji.eu\/en\/wp-json\/wp\/v2\/types\/product"}],"wp:featuredmedia":[{"embeddable":true,"href":"https:\/\/muzeumfarmacji.eu\/en\/wp-json\/wp\/v2\/media\/577"}],"wp:attachment":[{"href":"https:\/\/muzeumfarmacji.eu\/en\/wp-json\/wp\/v2\/media?parent=1236"}],"wp:term":[{"taxonomy":"product_brand","embeddable":true,"href":"https:\/\/muzeumfarmacji.eu\/en\/wp-json\/wp\/v2\/product_brand?post=1236"},{"taxonomy":"product_cat","embeddable":true,"href":"https:\/\/muzeumfarmacji.eu\/en\/wp-json\/wp\/v2\/product_cat?post=1236"},{"taxonomy":"product_tag","embeddable":true,"href":"https:\/\/muzeumfarmacji.eu\/en\/wp-json\/wp\/v2\/product_tag?post=1236"}],"curies":[{"name":"wp","href":"https:\/\/api.w.org\/{rel}","templated":true}]}}