{"id":1237,"date":"2024-09-26T21:21:32","date_gmt":"2024-09-26T19:21:32","guid":{"rendered":"https:\/\/ssgcsmdaqa.cfolks.pl\/muzeum\/produkt\/spotkanie-z-okazji-dnia-aptekarza-w-muzeum-farmacji\/"},"modified":"2025-04-23T12:23:20","modified_gmt":"2025-04-23T10:23:20","slug":"meeting-on-the-occasion-of-pharmacists-day-at-the-museum-of-pharmacy","status":"publish","type":"product","link":"https:\/\/muzeumfarmacji.eu\/en\/events\/meeting-on-the-occasion-of-pharmacists-day-at-the-museum-of-pharmacy\/","title":{"rendered":"Meeting on the occasion of Pharmacists&#8217; Day at the Museum of Pharmacy"},"content":{"rendered":"<p class=\"p1\"><span style=\"font-weight: 400;\">On 26 September, Pharmacists&#8217; Day is celebrated &#8211; a&nbsp;date associated with the feast of the patrons of pharmacists &#8211; Cosmas and Damian, medics from the 4th century AD. The celebration did not go unnoticed by the Prof.&nbsp;Jan Muszy\u0144ski Museum of Pharmacy, which hosted representatives of the Regional Pharmaceutical Council in \u0141\u00f3d\u017a and the \u0141\u00f3d\u017a Faculty of Pharmacy, as well as members of the Catholic Pharmacists Association. In addition to a&nbsp;tour of the Museum, participants listened to a&nbsp;lecture by the facility&#8217;s Director, Dr \u0141ukasz Pigo\u0144ski, entitled \u2018In the Footsteps of Cosmas and Damian &#8211; Medical Art and Pharmacy in Late Antiquity\u2019.<\/span><\/p>\n","protected":false},"excerpt":{"rendered":"<p>On 26 September, Pharmacists&#8217; Day is celebrated &#8211; a&nbsp;date associated with the feast of the patrons of pharmacists &#8211; Cosmas and Damian, medics from the 4th century AD. The celebration did not go unnoticed by the Prof.&nbsp;Jan Muszy\u0144ski Museum of Pharmacy, which hosted representatives of the Regional Pharmaceutical Council in \u0141\u00f3d\u017a and the \u0141\u00f3d\u017a Faculty [&hellip;]<\/p>\n","protected":false},"featured_media":581,"template":"","meta":{"_acf_changed":false},"product_brand":[],"product_cat":[30],"product_tag":[],"class_list":{"0":"post-1237","1":"product","2":"type-product","3":"status-publish","4":"has-post-thumbnail","6":"product_cat-events","8":"first","9":"instock","10":"virtual","11":"sold-individually","12":"purchasable","13":"product-type-booking"},"acf":[],"_links":{"self":[{"href":"https:\/\/muzeumfarmacji.eu\/en\/wp-json\/wp\/v2\/product\/1237","targetHints":{"allow":["GET"]}}],"collection":[{"href":"https:\/\/muzeumfarmacji.eu\/en\/wp-json\/wp\/v2\/product"}],"about":[{"href":"https:\/\/muzeumfarmacji.eu\/en\/wp-json\/wp\/v2\/types\/product"}],"wp:featuredmedia":[{"embeddable":true,"href":"https:\/\/muzeumfarmacji.eu\/en\/wp-json\/wp\/v2\/media\/581"}],"wp:attachment":[{"href":"https:\/\/muzeumfarmacji.eu\/en\/wp-json\/wp\/v2\/media?parent=1237"}],"wp:term":[{"taxonomy":"product_brand","embeddable":true,"href":"https:\/\/muzeumfarmacji.eu\/en\/wp-json\/wp\/v2\/product_brand?post=1237"},{"taxonomy":"product_cat","embeddable":true,"href":"https:\/\/muzeumfarmacji.eu\/en\/wp-json\/wp\/v2\/product_cat?post=1237"},{"taxonomy":"product_tag","embeddable":true,"href":"https:\/\/muzeumfarmacji.eu\/en\/wp-json\/wp\/v2\/product_tag?post=1237"}],"curies":[{"name":"wp","href":"https:\/\/api.w.org\/{rel}","templated":true}]}}