{"id":1238,"date":"2024-09-20T21:22:49","date_gmt":"2024-09-20T19:22:49","guid":{"rendered":"https:\/\/ssgcsmdaqa.cfolks.pl\/muzeum\/produkt\/gra-terenowa-iv-liceum-ogolnoksztalcacego-w-lodzi\/"},"modified":"2025-04-23T12:23:41","modified_gmt":"2025-04-23T10:23:41","slug":"field-game-for-secondary-school-no-4-in-lodz","status":"publish","type":"product","link":"https:\/\/muzeumfarmacji.eu\/en\/events\/field-game-for-secondary-school-no-4-in-lodz\/","title":{"rendered":"Field game for Secondary School No. 4 in \u0141\u00f3d\u017a"},"content":{"rendered":"<p><span style=\"font-weight: 400;\">The participants, working in groups, had the task of solving a&nbsp;puzzle on the Museum grounds, for which they were rewarded with points. The game developed the first-graders&#8217; cooperative skills and instilled an interest in ancient pharmacy and museum studies.<\/span><\/p>\n","protected":false},"excerpt":{"rendered":"<p><span style=\"font-weight: 400;\">On 20 September, the Museum of Pharmacy took part in an integrative field game organised for the first-grade students of the Emilia Sczaniecka Secondary School No. 4 in \u0141\u00f3d\u017a.<\/span><\/p>\n<p>&nbsp;<\/p>\n","protected":false},"featured_media":0,"template":"","meta":{"_acf_changed":false},"product_brand":[],"product_cat":[30],"product_tag":[],"class_list":{"0":"post-1238","1":"product","2":"type-product","3":"status-publish","5":"product_cat-events","7":"first","8":"instock","9":"virtual","10":"sold-individually","11":"purchasable","12":"product-type-booking"},"acf":[],"_links":{"self":[{"href":"https:\/\/muzeumfarmacji.eu\/en\/wp-json\/wp\/v2\/product\/1238","targetHints":{"allow":["GET"]}}],"collection":[{"href":"https:\/\/muzeumfarmacji.eu\/en\/wp-json\/wp\/v2\/product"}],"about":[{"href":"https:\/\/muzeumfarmacji.eu\/en\/wp-json\/wp\/v2\/types\/product"}],"wp:attachment":[{"href":"https:\/\/muzeumfarmacji.eu\/en\/wp-json\/wp\/v2\/media?parent=1238"}],"wp:term":[{"taxonomy":"product_brand","embeddable":true,"href":"https:\/\/muzeumfarmacji.eu\/en\/wp-json\/wp\/v2\/product_brand?post=1238"},{"taxonomy":"product_cat","embeddable":true,"href":"https:\/\/muzeumfarmacji.eu\/en\/wp-json\/wp\/v2\/product_cat?post=1238"},{"taxonomy":"product_tag","embeddable":true,"href":"https:\/\/muzeumfarmacji.eu\/en\/wp-json\/wp\/v2\/product_tag?post=1238"}],"curies":[{"name":"wp","href":"https:\/\/api.w.org\/{rel}","templated":true}]}}