{"id":1535,"date":"2025-04-05T00:00:00","date_gmt":"2025-04-04T22:00:00","guid":{"rendered":"https:\/\/muzeumfarmacji.eu\/wydarzenia\/the-museum-on-the-doz-marathon\/"},"modified":"2025-05-27T15:37:49","modified_gmt":"2025-05-27T13:37:49","slug":"the-museum-on-the-doz-marathon","status":"publish","type":"product","link":"https:\/\/muzeumfarmacji.eu\/en\/events\/the-museum-on-the-doz-marathon\/","title":{"rendered":"The Museum on the DOZ Marathon"},"content":{"rendered":"<p>On 5-6 of April our Museum participated in the unique event that was the DOZ \u0141\u00f3d\u017a Marathon. It was also accompanied by special events, including a&nbsp;family picnic and a&nbsp;special zone with stands of various companies, which was located in the Atlas Arena. <br \/>We prepared a&nbsp;number of attractions for both adults and children. <br \/>Every eager child could play a&nbsp;little chemist and perform simple but spectacular experiments. For example, they involved identifying the pH of water, acid and base. One could also play with non-Newtonian liquid. As we heard from the children, we had the coolest stall which made us very happy.<br \/>The adults, on the other hand, could test their knowledge of ancient pharmacy in a&nbsp;quiz and answer tricky questions. The fragrance recognition competition also attracted a&nbsp;lot of interest.<\/p>\n","protected":false},"excerpt":{"rendered":"<p>For the first, but certainly not the last time, the Museum participated as an exhibitor during the DOZ Marathon, the \u0141\u00f3d\u017a festival of sport.<\/p>\n","protected":false},"featured_media":1456,"template":"","meta":{"_acf_changed":false},"product_brand":[],"product_cat":[30],"product_tag":[],"class_list":{"0":"post-1535","1":"product","2":"type-product","3":"status-publish","4":"has-post-thumbnail","6":"product_cat-events","8":"first","9":"instock","10":"virtual","11":"sold-individually","12":"purchasable","13":"product-type-booking"},"acf":[],"_links":{"self":[{"href":"https:\/\/muzeumfarmacji.eu\/en\/wp-json\/wp\/v2\/product\/1535","targetHints":{"allow":["GET"]}}],"collection":[{"href":"https:\/\/muzeumfarmacji.eu\/en\/wp-json\/wp\/v2\/product"}],"about":[{"href":"https:\/\/muzeumfarmacji.eu\/en\/wp-json\/wp\/v2\/types\/product"}],"wp:featuredmedia":[{"embeddable":true,"href":"https:\/\/muzeumfarmacji.eu\/en\/wp-json\/wp\/v2\/media\/1456"}],"wp:attachment":[{"href":"https:\/\/muzeumfarmacji.eu\/en\/wp-json\/wp\/v2\/media?parent=1535"}],"wp:term":[{"taxonomy":"product_brand","embeddable":true,"href":"https:\/\/muzeumfarmacji.eu\/en\/wp-json\/wp\/v2\/product_brand?post=1535"},{"taxonomy":"product_cat","embeddable":true,"href":"https:\/\/muzeumfarmacji.eu\/en\/wp-json\/wp\/v2\/product_cat?post=1535"},{"taxonomy":"product_tag","embeddable":true,"href":"https:\/\/muzeumfarmacji.eu\/en\/wp-json\/wp\/v2\/product_tag?post=1535"}],"curies":[{"name":"wp","href":"https:\/\/api.w.org\/{rel}","templated":true}]}}