{"id":1583,"date":"2025-06-21T14:12:10","date_gmt":"2025-06-21T12:12:10","guid":{"rendered":"https:\/\/muzeumfarmacji.eu\/wydarzenia\/museum-on-the-european-route-of-historical-pharmacies-and-medicinal-gardens\/"},"modified":"2025-06-21T14:12:10","modified_gmt":"2025-06-21T12:12:10","slug":"museum-on-the-european-route-of-historical-pharmacies-and-medicinal-gardens","status":"publish","type":"product","link":"https:\/\/muzeumfarmacji.eu\/en\/events\/museum-on-the-european-route-of-historical-pharmacies-and-medicinal-gardens\/","title":{"rendered":"Museum on the European Route of Historical Pharmacies and Medicinal Gardens"},"content":{"rendered":"<p>On 15-16 May, the First International Forum of Aromas Itinerarium Salutis, a&nbsp;project that creates a&nbsp;European Cultural Route of Historic Pharmacies and Medicinal Plant Gardens, was held in Valencia. The event opened with the formal acceptance of new members into the project and the presentation of certificates to them by the director Maria Luisa Vasquez de Agredos Pascual, among whom was also our Museum. The atmosphere of the proceedings that followed was enhanced by the surrounding greenery of the Botanical Garden of the University of Valencia.  <\/p>\n<p>Launched by the Council of Europe in 1987, the Cultural Routes demonstrate, by means of a&nbsp;journey through space and time, how the heritage of the different countries and cultures of Europe contributes to a&nbsp;shared and living cultural heritage. The inclusion of our Museum on the Cultural Route of the Council of Europe is a&nbsp;great honour, opening us up to international cooperation with similar institutions throughout Europe.<\/p>\n<p>The Aromas Itinerarium Salutis &#8211; European Route of Historical Pharmacies and Medicinal Gardens is a&nbsp;Cultural Route of the Council of Europe since 2024.<br \/>\nYou can learn more about it on the <a href=\"https:\/\/aromassalutis.eu\/en\/\" target=\"_blank\">project&#8217;s site<\/a><br \/>\n<img loading=\"lazy\" decoding=\"async\" src=\"https:\/\/muzeumfarmacji.eu\/wp-content\/uploads\/2025\/06\/62D09044-300x200.jpg\" alt=\"\" width=\"300\" height=\"200\" class=\"alignnone size-medium wp-image-1570\" srcset=\"https:\/\/muzeumfarmacji.eu\/wp-content\/uploads\/2025\/06\/62D09044-300x200.jpg 300w, https:\/\/muzeumfarmacji.eu\/wp-content\/uploads\/2025\/06\/62D09044-1024x682.jpg 1024w, https:\/\/muzeumfarmacji.eu\/wp-content\/uploads\/2025\/06\/62D09044-768x512.jpg 768w, https:\/\/muzeumfarmacji.eu\/wp-content\/uploads\/2025\/06\/62D09044-1536x1024.jpg 1536w, https:\/\/muzeumfarmacji.eu\/wp-content\/uploads\/2025\/06\/62D09044-800x533.jpg 800w, https:\/\/muzeumfarmacji.eu\/wp-content\/uploads\/2025\/06\/62D09044.jpg 1682w\" sizes=\"auto, (max-width: 300px) 100vw, 300px\" \/><img loading=\"lazy\" decoding=\"async\" src=\"https:\/\/muzeumfarmacji.eu\/wp-content\/uploads\/2025\/06\/IMG_20250515_090629063_HDR-300x225.jpg\" alt=\"\" width=\"300\" height=\"225\" class=\"alignnone size-medium wp-image-1575\" srcset=\"https:\/\/muzeumfarmacji.eu\/wp-content\/uploads\/2025\/06\/IMG_20250515_090629063_HDR-300x225.jpg 300w, https:\/\/muzeumfarmacji.eu\/wp-content\/uploads\/2025\/06\/IMG_20250515_090629063_HDR-1024x768.jpg 1024w, https:\/\/muzeumfarmacji.eu\/wp-content\/uploads\/2025\/06\/IMG_20250515_090629063_HDR-768x576.jpg 768w, https:\/\/muzeumfarmacji.eu\/wp-content\/uploads\/2025\/06\/IMG_20250515_090629063_HDR-1536x1152.jpg 1536w, https:\/\/muzeumfarmacji.eu\/wp-content\/uploads\/2025\/06\/IMG_20250515_090629063_HDR-scaled.jpg 2048w, https:\/\/muzeumfarmacji.eu\/wp-content\/uploads\/2025\/06\/IMG_20250515_090629063_HDR-500x375.jpg 500w, https:\/\/muzeumfarmacji.eu\/wp-content\/uploads\/2025\/06\/IMG_20250515_090629063_HDR-800x600.jpg 800w\" sizes=\"auto, (max-width: 300px) 100vw, 300px\" \/><\/p>\n","protected":false},"excerpt":{"rendered":"<p>Museum of Pharmacy in \u0141\u00f3d\u017a became a&nbsp;part of the European Route of Historical Pharmacies and Medicinal Gardens as the first such institution in Poland.<\/p>\n","protected":false},"featured_media":1574,"template":"","meta":{"_acf_changed":false},"product_brand":[],"product_cat":[30],"product_tag":[],"class_list":{"0":"post-1583","1":"product","2":"type-product","3":"status-publish","4":"has-post-thumbnail","6":"product_cat-events","8":"first","9":"instock","10":"virtual","11":"sold-individually","12":"purchasable","13":"product-type-booking"},"acf":[],"_links":{"self":[{"href":"https:\/\/muzeumfarmacji.eu\/en\/wp-json\/wp\/v2\/product\/1583","targetHints":{"allow":["GET"]}}],"collection":[{"href":"https:\/\/muzeumfarmacji.eu\/en\/wp-json\/wp\/v2\/product"}],"about":[{"href":"https:\/\/muzeumfarmacji.eu\/en\/wp-json\/wp\/v2\/types\/product"}],"wp:featuredmedia":[{"embeddable":true,"href":"https:\/\/muzeumfarmacji.eu\/en\/wp-json\/wp\/v2\/media\/1574"}],"wp:attachment":[{"href":"https:\/\/muzeumfarmacji.eu\/en\/wp-json\/wp\/v2\/media?parent=1583"}],"wp:term":[{"taxonomy":"product_brand","embeddable":true,"href":"https:\/\/muzeumfarmacji.eu\/en\/wp-json\/wp\/v2\/product_brand?post=1583"},{"taxonomy":"product_cat","embeddable":true,"href":"https:\/\/muzeumfarmacji.eu\/en\/wp-json\/wp\/v2\/product_cat?post=1583"},{"taxonomy":"product_tag","embeddable":true,"href":"https:\/\/muzeumfarmacji.eu\/en\/wp-json\/wp\/v2\/product_tag?post=1583"}],"curies":[{"name":"wp","href":"https:\/\/api.w.org\/{rel}","templated":true}]}}