{"id":1617,"date":"2025-09-04T11:07:30","date_gmt":"2025-09-04T09:07:30","guid":{"rendered":"https:\/\/muzeumfarmacji.eu\/?post_type=product&#038;p=1617"},"modified":"2025-09-04T11:07:31","modified_gmt":"2025-09-04T09:07:31","slug":"muzeum-na-lodzkim-festiwalu-fantastyki-kapitularz","status":"publish","type":"product","link":"https:\/\/muzeumfarmacji.eu\/en\/wydarzenia\/muzeum-na-lodzkim-festiwalu-fantastyki-kapitularz\/","title":{"rendered":"Muzeum na&nbsp;\u0141\u00f3dzkim Festiwalu Fantastyki &#8220;Kapitularz&#8221;"},"content":{"rendered":"<p>Przygotowali\u015bmy stoisko z&nbsp;r\u00f3\u017cnymi atrakcjami &#8211; konkursem zgadywania perfum po&nbsp;samym zapachu, quizem na&nbsp;temat ciekawostek z&nbsp;dawnej farmacji i&nbsp;warsztatem w&nbsp;kt\u00f3rym uczestnicy stworz\u0105 w\u0142asne pami\u0105tkowe &#8220;lekarstwo&#8221;. <\/p>\n<p>Zapraszamy r\u00f3wnie\u017c na&nbsp;prelekcje &#8211; w&nbsp;sobot\u0119 o&nbsp;godz, 10.00 Anna Jarzy\u0144ska &#8211; opiekun zbior\u00f3w w&nbsp;Muzeum wyg\u0142osi wyst\u0105pienie pt. <strong>Historia tatua\u017cu &#8211; od rytua\u0142u do&nbsp;sztuki<\/strong>, za\u015b&nbsp;w&nbsp;niedziel\u0119 o&nbsp;godz. 12.00 zapraszamy na&nbsp;wyk\u0142ad dyrektora muzeum \u0141ukasza Pigo\u0144skiego pt. <strong>Jak przekl\u0105\u0107 z\u0142odzieja p\u0142aszcza &#8211; kilka s\u0142\u00f3w o&nbsp;magii staro\u017cytnej<\/strong>.<\/p>\n<p>Mamy nadziej\u0119 pokaza\u0107, \u017ce&nbsp;historia farmacji te\u017c mo\u017ce by\u0107 fantastyczna<\/p>\n<p>Do&nbsp;zobaczenia!<\/p>\n<p><em>W&nbsp;dniach festiwalu muzeum b\u0119dzie nieczynne<\/em><\/p>\n","protected":false},"excerpt":{"rendered":"<p>W&nbsp;dniach 5-7 wrze\u015bnia Muzeum Farmacji we\u017amie udzia\u0142 w&nbsp;Kapitularzu &#8211; \u0141\u00f3dzkim Festiwalu Fantastyki. Zapraszamy do&nbsp;odwiedzenia naszego stoiska i&nbsp;udzia\u0142u w&nbsp;przygotowanych przez&nbsp;nas prelekcjach!<\/p>\n","protected":false},"featured_media":1615,"template":"","meta":{"_acf_changed":false},"product_brand":[],"product_cat":[23],"product_tag":[],"class_list":{"0":"post-1617","1":"product","2":"type-product","3":"status-publish","4":"has-post-thumbnail","6":"product_cat-wydarzenia","8":"first","9":"instock","10":"virtual","11":"sold-individually","12":"purchasable","13":"product-type-booking"},"acf":[],"_links":{"self":[{"href":"https:\/\/muzeumfarmacji.eu\/en\/wp-json\/wp\/v2\/product\/1617","targetHints":{"allow":["GET"]}}],"collection":[{"href":"https:\/\/muzeumfarmacji.eu\/en\/wp-json\/wp\/v2\/product"}],"about":[{"href":"https:\/\/muzeumfarmacji.eu\/en\/wp-json\/wp\/v2\/types\/product"}],"wp:featuredmedia":[{"embeddable":true,"href":"https:\/\/muzeumfarmacji.eu\/en\/wp-json\/wp\/v2\/media\/1615"}],"wp:attachment":[{"href":"https:\/\/muzeumfarmacji.eu\/en\/wp-json\/wp\/v2\/media?parent=1617"}],"wp:term":[{"taxonomy":"product_brand","embeddable":true,"href":"https:\/\/muzeumfarmacji.eu\/en\/wp-json\/wp\/v2\/product_brand?post=1617"},{"taxonomy":"product_cat","embeddable":true,"href":"https:\/\/muzeumfarmacji.eu\/en\/wp-json\/wp\/v2\/product_cat?post=1617"},{"taxonomy":"product_tag","embeddable":true,"href":"https:\/\/muzeumfarmacji.eu\/en\/wp-json\/wp\/v2\/product_tag?post=1617"}],"curies":[{"name":"wp","href":"https:\/\/api.w.org\/{rel}","templated":true}]}}