{"id":1765,"date":"2026-01-31T00:00:00","date_gmt":"2026-01-30T23:00:00","guid":{"rendered":"https:\/\/muzeumfarmacji.eu\/wydarzenia\/meet-the-author-aleksandra-czajka-anyszko\/"},"modified":"2026-01-31T00:00:00","modified_gmt":"2026-01-30T23:00:00","slug":"meet-the-author-aleksandra-czajka-anyszko","status":"publish","type":"product","link":"https:\/\/muzeumfarmacji.eu\/en\/events\/meet-the-author-aleksandra-czajka-anyszko\/","title":{"rendered":"Meet the Author Aleksandra Czajka-Anyszko"},"content":{"rendered":"<p>During the meeting, we will discover the behind-the-scenes work on the book \u2018Moc pisania\u2019, as well as the literary debuts of the most widely read Polish authors, including Zygmunt Mi\u0142oszewski, Grzegorz Ksadepke, Joanna Bator and Wojciech Chmielarz. This is the first book by the journalist Aleksandra Czajka-Anyszko, containing the author&#8217;s personal conversations with 34 writers. <\/p>\n<p><strong><em>Aleksandra Czajka-Anyszko<\/em><\/strong><\/p>\n<p>A&nbsp;graduate of the University of \u0141\u00f3d\u017a and Cardinal Wyszy\u0144ski University in Warsaw. Journalist, teacher, enthusiast of literature, good cinema, as well as journeys both big and small.<\/p>\n","protected":false},"excerpt":{"rendered":"<p>We will find out what challenges popular and widely read authors had to face during a&nbsp;meeting with the author of the book \u2018Moc pisania\u2019.<\/p>\n<p>&nbsp;<\/p>\n<p>&nbsp;<\/p>\n","protected":false},"featured_media":1740,"template":"","meta":{"_acf_changed":false},"product_brand":[],"product_cat":[30],"product_tag":[],"class_list":{"0":"post-1765","1":"product","2":"type-product","3":"status-publish","4":"has-post-thumbnail","6":"product_cat-events","8":"first","9":"instock","10":"virtual","11":"sold-individually","12":"purchasable","13":"product-type-booking"},"acf":[],"_links":{"self":[{"href":"https:\/\/muzeumfarmacji.eu\/en\/wp-json\/wp\/v2\/product\/1765","targetHints":{"allow":["GET"]}}],"collection":[{"href":"https:\/\/muzeumfarmacji.eu\/en\/wp-json\/wp\/v2\/product"}],"about":[{"href":"https:\/\/muzeumfarmacji.eu\/en\/wp-json\/wp\/v2\/types\/product"}],"wp:featuredmedia":[{"embeddable":true,"href":"https:\/\/muzeumfarmacji.eu\/en\/wp-json\/wp\/v2\/media\/1740"}],"wp:attachment":[{"href":"https:\/\/muzeumfarmacji.eu\/en\/wp-json\/wp\/v2\/media?parent=1765"}],"wp:term":[{"taxonomy":"product_brand","embeddable":true,"href":"https:\/\/muzeumfarmacji.eu\/en\/wp-json\/wp\/v2\/product_brand?post=1765"},{"taxonomy":"product_cat","embeddable":true,"href":"https:\/\/muzeumfarmacji.eu\/en\/wp-json\/wp\/v2\/product_cat?post=1765"},{"taxonomy":"product_tag","embeddable":true,"href":"https:\/\/muzeumfarmacji.eu\/en\/wp-json\/wp\/v2\/product_tag?post=1765"}],"curies":[{"name":"wp","href":"https:\/\/api.w.org\/{rel}","templated":true}]}}