{"id":1770,"date":"2025-10-16T00:00:00","date_gmt":"2025-10-15T22:00:00","guid":{"rendered":"https:\/\/muzeumfarmacji.eu\/wydarzenia\/the-exhibition-pharmacognostic-atlas\/"},"modified":"2025-10-16T00:00:00","modified_gmt":"2025-10-15T22:00:00","slug":"the-exhibition-pharmacognostic-atlas","status":"publish","type":"product","link":"https:\/\/muzeumfarmacji.eu\/en\/events\/the-exhibition-pharmacognostic-atlas\/","title":{"rendered":"The Exhibition &#8216;Pharmacognostic Atlas&#8217;"},"content":{"rendered":"<p>The title of the exhibition refers to a&nbsp;publication by the museum&#8217;s patron \u2013 a&nbsp;work of particular importance for botany in \u0141\u00f3d\u017a and Poland. The exhibited works by artists from Poland, Lithuania and Spain intertwine science, art and nature.<\/p>\n<p>Artists: Dovile Dagiene, Katarzyna Korzeniecka, Estera Lipman, Aleksandra Liput, Belen Rodriguez, Agata Szwajcowska, Carles Tarrass\u00f3<br \/>\nCurator: Adam Mazur <\/p>\n<p>The exhibition was organised in cooperation between the Pharmacy Museum in \u0141\u00f3d\u017a, the <a href=\"https:\/\/hilarymajewski.com\/\" target=\"_blank\">Hilary Majewski Tenement House<\/a>, Jakub Szwajcowski, the Honorary Consul of Lithuania, and the <a href=\"https:\/\/aromassalutis.eu\/en\/\" target=\"_blank\">Aromas Itinerarium Salutis<\/a> project.<\/p>\n","protected":false},"excerpt":{"rendered":"<p>We invite you to the contemporary art exhibition \u2018Pharmacognostic Atlas\u2019 at the Prof.&nbsp;Jan Muszy\u0144ski Museum of Pharmacy.  <\/p>\n","protected":false},"featured_media":1670,"template":"","meta":{"_acf_changed":false},"product_brand":[],"product_cat":[31],"product_tag":[],"class_list":{"0":"post-1770","1":"product","2":"type-product","3":"status-publish","4":"has-post-thumbnail","6":"product_cat-exhibitions","8":"first","9":"instock","10":"virtual","11":"sold-individually","12":"purchasable","13":"product-type-booking"},"acf":[],"_links":{"self":[{"href":"https:\/\/muzeumfarmacji.eu\/en\/wp-json\/wp\/v2\/product\/1770","targetHints":{"allow":["GET"]}}],"collection":[{"href":"https:\/\/muzeumfarmacji.eu\/en\/wp-json\/wp\/v2\/product"}],"about":[{"href":"https:\/\/muzeumfarmacji.eu\/en\/wp-json\/wp\/v2\/types\/product"}],"wp:featuredmedia":[{"embeddable":true,"href":"https:\/\/muzeumfarmacji.eu\/en\/wp-json\/wp\/v2\/media\/1670"}],"wp:attachment":[{"href":"https:\/\/muzeumfarmacji.eu\/en\/wp-json\/wp\/v2\/media?parent=1770"}],"wp:term":[{"taxonomy":"product_brand","embeddable":true,"href":"https:\/\/muzeumfarmacji.eu\/en\/wp-json\/wp\/v2\/product_brand?post=1770"},{"taxonomy":"product_cat","embeddable":true,"href":"https:\/\/muzeumfarmacji.eu\/en\/wp-json\/wp\/v2\/product_cat?post=1770"},{"taxonomy":"product_tag","embeddable":true,"href":"https:\/\/muzeumfarmacji.eu\/en\/wp-json\/wp\/v2\/product_tag?post=1770"}],"curies":[{"name":"wp","href":"https:\/\/api.w.org\/{rel}","templated":true}]}}