{"id":1586,"date":"2025-06-27T07:12:07","date_gmt":"2025-06-27T05:12:07","guid":{"rendered":"https:\/\/muzeumfarmacji.eu\/?page_id=1586"},"modified":"2025-06-27T07:12:07","modified_gmt":"2025-06-27T05:12:07","slug":"ulatwienia-dostepu","status":"publish","type":"page","link":"https:\/\/muzeumfarmacji.eu\/pl\/ulatwienia-dostepu\/","title":{"rendered":"U\u0142atwienia dost\u0119pu"},"content":{"rendered":"<h2 class=\"p1\">Dost\u0119pno\u015b\u0107 cyfrowa w&nbsp;muzeumfarmacji.eu<\/h2>\n<p class=\"p1\">W&nbsp;muzeumfarmacji.eu wierzymy, \u017ce&nbsp;zdrowie i&nbsp;wygoda s\u0105 dla&nbsp;wszystkich. Dlatego&nbsp;projektujemy nasz serwis tak, aby&nbsp;zapewni\u0107 <b>dost\u0119pno\u015b\u0107 i&nbsp;funkcjonalno\u015b\u0107 r\u00f3wnie\u017c dla&nbsp;os\u00f3b z&nbsp;ograniczeniami.<\/b><\/p>\n<p class=\"p1\">Strona muzeumfarmacji.eu wspiera technologie asystuj\u0105ce i&nbsp;umo\u017cliwia \u0142atw\u0105 obs\u0142ug\u0119 niezale\u017cnie od sposobu korzystania z&nbsp;internetu. Poni\u017cej znajdziesz informacje o&nbsp;tym, w&nbsp;jaki spos\u00f3b us\u0142uga spe\u0142nia wymagania dost\u0119pno\u015bci, a&nbsp;tak\u017ce opis funkcji, kt\u00f3re pomagaj\u0105 w&nbsp;poruszaniu si\u0119 po&nbsp;serwisie i&nbsp;korzystaniu z&nbsp;naszych us\u0142ug.<\/p>\n<p>&nbsp;<\/p>\n<h2 class=\"p3\">Powi\u0119kszanie tre\u015bci i&nbsp;poprawa czytelno\u015bci<\/h2>\n<ul>\n<li class=\"p3\"><b>Powi\u0119ksz tekst i&nbsp;elementy strony:<\/b> naci\u015bnij klawisze <b>Ctrl + +<\/b> (Windows) lub&nbsp;<b>Cmd + +<\/b> (Mac), aby&nbsp;zwi\u0119kszy\u0107 rozmiar, <b>Ctrl\/Cmd + &#8211;<\/b> by zmniejszy\u0107, <b>Ctrl\/Cmd + 0<\/b> by przywr\u00f3ci\u0107 domy\u015blne ustawienie.<\/li>\n<li class=\"p3\"><b>W\u0142\u0105cz tryb czytelnika&nbsp;: <\/b>przegl\u0105darki takie jak Firefox, Safari, Opera i&nbsp;Edge oferuj\u0105 tryb uproszczonego widoku tekstu.<span class=\"Apple-converted-space\">\u00a0 <\/span>Mo\u017cesz w\u0142\u0105czy\u0107<span class=\"Apple-converted-space\">\u00a0 <\/span>go klikaj\u0105c ikon\u0119 \u201eczytelnika\u201d w&nbsp;pasku adresu lub&nbsp;skr\u00f3tem <b>F9<\/b> albo&nbsp;<b>Ctrl + Shift + R<\/b> \u2013 dzi\u0119ki temu skupisz si\u0119 na&nbsp;najwa\u017cniejszych tre\u015bciach.<\/li>\n<\/ul>\n<p>&nbsp;<\/p>\n<h2 class=\"p3\">Wskaz\u00f3wki dotycz\u0105ce czytnik\u00f3w ekranu<\/h2>\n<p class=\"p4\">Strona muzeumfarmacji.eu zosta\u0142a zaprojektowana tak, aby&nbsp;umo\u017cliwi\u0107 wygodne korzystanie tak\u017ce osobom korzystaj\u0105cym z&nbsp;czytnik\u00f3w ekranu:<\/p>\n<ul>\n<li class=\"p3\">Gdy chcesz <b>dokona\u0107 rezerwacji<\/b>, u\u017cyj skr\u00f3tu do&nbsp;nawigacji po&nbsp;przyciskach w&nbsp;swoim czytniku (np. B w&nbsp;NVDA\/JAWS), aby&nbsp;szybko dotrze\u0107 do&nbsp;opcji <b>\u201eRezerwuj\u201d<\/b>.<\/li>\n<li class=\"p3\">U\u017cyj skr\u00f3tu do&nbsp;przeskakiwania mi\u0119dzy <b>nag\u0142\u00f3wkami<\/b> (np. H), aby&nbsp;przej\u015b\u0107 do&nbsp;nast\u0119pnej cz\u0119\u015bci strony.<\/li>\n<li class=\"p3\">Na&nbsp;urz\u0105dzeniu mobilnym mo\u017cesz przegl\u0105da\u0107 wyniki wyszukiwania za&nbsp;pomoc\u0105 <b>gest\u00f3w przesuwania mi\u0119dzy nag\u0142\u00f3wkami<\/b> dost\u0119pnych w&nbsp;aplikacji czytnika<\/li>\n<\/ul>\n<p>&nbsp;<\/p>\n<h2 class=\"p3\">Obs\u0142uga klawiatur\u0105<\/h2>\n<p class=\"p1\">Mo\u017cesz w&nbsp;pe\u0142ni korzysta\u0107 z&nbsp;muzeumfarmacji.eu <b>bez u\u017cycia myszy<\/b>:<\/p>\n<ul>\n<li class=\"p3\"><b>Tab<\/b> \u2013 przechodzenie do&nbsp;kolejnych element\u00f3w (link\u00f3w, przycisk\u00f3w, formularzy),<\/li>\n<li class=\"p3\"><b>Shift + Tab<\/b> \u2013 cofanie si\u0119,<\/li>\n<li class=\"p3\"><b>Enter<\/b> \u2013 aktywacja wybranych element\u00f3w,<\/li>\n<li class=\"p3\"><b>Strza\u0142ki g\u00f3ra\/d\u00f3\u0142<\/b> \u2013 przewijanie strony,<\/li>\n<li class=\"p3\"><b>Esc<\/b> \u2013 zamykanie popup\u00f3w i&nbsp;okien podr\u0119cznych (np. szybka rezerwacja),<\/li>\n<\/ul>\n<p>&nbsp;<\/p>\n<h2 class=\"p3\">U\u0142atwienia dost\u0119pu na&nbsp;urz\u0105dzeniach mobilnych<\/h2>\n<p class=\"p1\">Je\u015bli korzystasz z&nbsp;muzeumfarmacji.eu na&nbsp;telefonie, mo\u017cesz w\u0142\u0105czy\u0107 systemowe u\u0142atwienia dost\u0119pu, kt\u00f3re uproszcz\u0105 nawigacj\u0119 i&nbsp;poprawi\u0105 komfort u\u017cytkowania:<\/p>\n<h3 class=\"p3\">Na&nbsp;systemie Android:<\/h3>\n<ul>\n<li class=\"p3\">Otw\u00f3rz aplikacj\u0119 <b>Ustawienia<\/b> na&nbsp;swoim urz\u0105dzeniu,<\/li>\n<li class=\"p3\">Wybierz opcj\u0119 <b>U\u0142atwienia dost\u0119pu<\/b>,<\/li>\n<li class=\"p3\">Wejd\u017a w&nbsp;<b>Menu u\u0142atwie\u0144 dost\u0119pu<\/b>,<\/li>\n<li class=\"p3\">W\u0142\u0105cz skr\u00f3t, aby&nbsp;aktywowa\u0107 funkcje dost\u0119pno\u015bci,<\/li>\n<li class=\"p3\">Zaakceptuj wymagane uprawnienia (naci\u015bnij <b>OK<\/b>).<\/li>\n<\/ul>\n<h3 class=\"p3\">Na&nbsp;systemie iOS (iPhone):<\/h3>\n<ul>\n<li class=\"p3\">Otw\u00f3rz aplikacj\u0119 <b>Ustawienia<\/b>,<\/li>\n<li class=\"p3\">Przejd\u017a do&nbsp;sekcji <b>U\u0142atwienia dost\u0119pu<\/b>,<\/li>\n<li class=\"p3\">Wybierz kategori\u0119, kt\u00f3ra Ci\u0119 interesuje \u2013 np.&nbsp;<b>Widzenie<\/b>, <b>Ruch i&nbsp;motoryka<\/b>, <b>S\u0142yszenie<\/b> lub&nbsp;<b>Og\u00f3lne<\/b>,<\/li>\n<li class=\"p3\">W\u0142\u0105cz odpowiednie funkcje, takie jak VoiceOver, Zoom, Przycisk AssistiveTouch czy&nbsp;Napisy.<\/li>\n<\/ul>\n<p>&nbsp;<\/p>\n<p class=\"p4\">Dzi\u0119kujemy, \u017ce&nbsp;jeste\u015b z&nbsp;nami. Chcemy, by ka\u017cdy m\u00f3g\u0142 swobodnie korzysta\u0107 z&nbsp;muzeumfarmacji.eu \u2013 niezale\u017cnie od swoich potrzeb czy&nbsp;ogranicze\u0144. Je\u015bli co\u015b mo\u017cemy poprawi\u0107, nie wahaj si\u0119 do&nbsp;nas napisa\u0107. Jeste\u015bmy tu dla&nbsp;Ciebie. <span class=\"s1\">\ud83e\udde1<\/span><\/p>\n","protected":false},"excerpt":{"rendered":"<p>Dost\u0119pno\u015b\u0107 cyfrowa w&nbsp;muzeumfarmacji.eu W&nbsp;muzeumfarmacji.eu wierzymy, \u017ce&nbsp;zdrowie i&nbsp;wygoda s\u0105 dla&nbsp;wszystkich. Dlatego&nbsp;projektujemy nasz serwis tak, aby&nbsp;zapewni\u0107 dost\u0119pno\u015b\u0107 i&nbsp;funkcjonalno\u015b\u0107 r\u00f3wnie\u017c dla&nbsp;os\u00f3b z&nbsp;ograniczeniami. Strona muzeumfarmacji.eu wspiera technologie asystuj\u0105ce i&nbsp;umo\u017cliwia \u0142atw\u0105 obs\u0142ug\u0119 niezale\u017cnie od sposobu korzystania z&nbsp;internetu. Poni\u017cej znajdziesz informacje o&nbsp;tym, w&nbsp;jaki spos\u00f3b us\u0142uga spe\u0142nia wymagania dost\u0119pno\u015bci, a&nbsp;tak\u017ce opis funkcji, kt\u00f3re pomagaj\u0105 w&nbsp;poruszaniu si\u0119 po&nbsp;serwisie i&nbsp;korzystaniu z&nbsp;naszych us\u0142ug. &nbsp; Powi\u0119kszanie [&hellip;]<\/p>\n","protected":false},"author":1,"featured_media":0,"parent":0,"menu_order":0,"comment_status":"closed","ping_status":"closed","template":"","meta":{"_acf_changed":false,"footnotes":""},"class_list":["post-1586","page","type-page","status-publish","hentry"],"acf":[],"_links":{"self":[{"href":"https:\/\/muzeumfarmacji.eu\/pl\/wp-json\/wp\/v2\/pages\/1586","targetHints":{"allow":["GET"]}}],"collection":[{"href":"https:\/\/muzeumfarmacji.eu\/pl\/wp-json\/wp\/v2\/pages"}],"about":[{"href":"https:\/\/muzeumfarmacji.eu\/pl\/wp-json\/wp\/v2\/types\/page"}],"author":[{"embeddable":true,"href":"https:\/\/muzeumfarmacji.eu\/pl\/wp-json\/wp\/v2\/users\/1"}],"replies":[{"embeddable":true,"href":"https:\/\/muzeumfarmacji.eu\/pl\/wp-json\/wp\/v2\/comments?post=1586"}],"version-history":[{"count":1,"href":"https:\/\/muzeumfarmacji.eu\/pl\/wp-json\/wp\/v2\/pages\/1586\/revisions"}],"predecessor-version":[{"id":1587,"href":"https:\/\/muzeumfarmacji.eu\/pl\/wp-json\/wp\/v2\/pages\/1586\/revisions\/1587"}],"wp:attachment":[{"href":"https:\/\/muzeumfarmacji.eu\/pl\/wp-json\/wp\/v2\/media?parent=1586"}],"curies":[{"name":"wp","href":"https:\/\/api.w.org\/{rel}","templated":true}]}}