{"id":3,"date":"2025-01-02T10:08:47","date_gmt":"2025-01-02T09:08:47","guid":{"rendered":"https:\/\/ssgcsmdaqa.cfolks.pl\/muzeum\/?page_id=3"},"modified":"2025-03-21T06:43:12","modified_gmt":"2025-03-21T05:43:12","slug":"polityka-prywatnosci","status":"publish","type":"page","link":"https:\/\/muzeumfarmacji.eu\/pl\/polityka-prywatnosci\/","title":{"rendered":"Polityka prywatno\u015bci"},"content":{"rendered":"<p class=\"p1\"><span class=\"s1\"><b>Klauzula informacyjna dotycz\u0105ca przetwarzania danych osobowych przez&nbsp;Przedsi\u0119biorstwo Zaopatrzenia Farmaceutycznego CEFARM- \u0141\u00f3d\u017a Sp. z&nbsp;o.o. z&nbsp;siedzib\u0105 w&nbsp;\u0141odzi (94-406) przy&nbsp;ul. KINGA GILLETTE 11 prowadz\u0105ce Muzeum Farmacji im. prof.&nbsp;Jana Muszy\u0144skiego w&nbsp;\u0141odzi przy&nbsp;Placu Wolno\u015bci 2<\/b><\/span><\/p>\n<p class=\"p2\"><i>Niniejsza klauzula wyczerpuje obowi\u0105zek informacyjny wynikaj\u0105cy z&nbsp;art. 13 ust. <\/i><span class=\"s2\"><i>\u202f<\/i><\/span><i>1 i&nbsp;ust. 2 oraz&nbsp;art. 14 Rozporz\u0105dzenia Parlamentu Europejskiego i&nbsp;Rady (UE) 2016\/679 z<\/i><span class=\"s2\"><i>\u202f<\/i><\/span><i>dnia 27 kwietnia 2016 r. w&nbsp;sprawie ochrony os\u00f3b fizycznych w\u00a0zwi\u0105zku z&nbsp;przetwarzaniem danych osobowych i&nbsp;w sprawie swobodnego przep\u0142ywu takich danych oraz&nbsp;uchylenia dyrektywy 95\/46\/WE (Dz. U. UE. L. 2016. 119. 1) zwanego dalej \u201eRODO\u201d.<\/i><\/p>\n<p class=\"p3\"><i>Pragniemy zapewni\u0107, \u017ce&nbsp;przyk\u0142adamy du\u017c\u0105 wag\u0119 do&nbsp;przetwarzania pozyskanych przez&nbsp;nas danych osobowych zgodnie z\u00a0obowi\u0105zuj\u0105cymi przepisami prawa oraz&nbsp;do&nbsp;zapewnienia im bezpiecze\u0144stwa przez&nbsp;ca\u0142y okres ich przetwarzania. W&nbsp;celu skutecznej realizacji zasad ochrony danych, wdra\u017camy odpowiednie \u015brodki techniczne i&nbsp;organizacyjne, uwzgl\u0119dniaj\u0105ce stan wiedzy technicznej, charakter, zakres, kontekst, cele przetwarzania oraz&nbsp;ryzyko naruszenia praw lub&nbsp;wolno\u015bci os\u00f3b fizycznych, a&nbsp;tak\u017ce nadajemy przetwarzaniu niezb\u0119dnych zabezpiecze\u0144.<\/i><\/p>\n<p class=\"p3\"><b><i>Kto jest administratorem Pani\/ Pana danych?<\/i><\/b><\/p>\n<p class=\"p3\">Administratorem Pani\/ Pana danych osobowych (zwanym dalej \u201eADO\u201d) jest Przedsi\u0119biorstwo Zaopatrzenia Farmaceutycznego CEFARM- \u0141\u00f3d\u017a z&nbsp;siedzib\u0105 w&nbsp;\u0141odzi prowadz\u0105ce Muzeum Farmacji im. prof.&nbsp;Jana Muszy\u0144skiego w&nbsp;\u0141odzi przy&nbsp;Placu Wolno\u015bci 2, wpisana do&nbsp;rejestru przedsi\u0119biorc\u00f3w Krajowego Rejestru S\u0105dowego prowadzonego przez&nbsp;S\u0105d Rejonowy dla&nbsp;\u0141odzi-\u015ar\u00f3dmie\u015bcia w&nbsp;\u0141odzi, XX Wydzia\u0142 Gospodarczy Krajowego Rejestru S\u0105dowego pod&nbsp;numerem KRS: 0000207809, NIP: 7272619792, REGON: 473241881 o&nbsp;kapitale zak\u0142adowym w&nbsp;wysoko\u015bci 32 410 000,00 z\u0142 wp\u0142aconym w&nbsp;ca\u0142o\u015bci. Z&nbsp;ADO mo\u017cna kontaktowa\u0107 si\u0119 poprzez adres mailowy: muzeumfarmacji@doz.pl lub&nbsp;pisemnie na&nbsp;adres siedziby ADO z&nbsp;dopiskiem \u201eOchrona danych\u201d.<\/p>\n<p class=\"p3\"><b><i>Z&nbsp;kim mo\u017ce Pani\/ Pan skontaktowa\u0107 si\u0119 w&nbsp;sprawach dotycz\u0105cych Pani\/ Pana danych osobowych?<\/i><\/b><\/p>\n<p class=\"p3\">W&nbsp;celu nale\u017cytej ochrony danych osobowych ADO powo\u0142a\u0142 Inspektora Ochrony Danych. We wszystkich sprawach dotycz\u0105cych przetwarzania danych osobowych oraz&nbsp;realizacji przys\u0142uguj\u0105cych Pani\/Panu praw zwi\u0105zanych z\u00a0przetwarzaniem danych osobowych, mo\u017ce Pani\/Pan skontaktowa\u0107 si\u0119 z&nbsp;Inspektorem Ochrony Danych pod&nbsp;adresem e-\u00a0mail: <span class=\"s3\">iod@doz.pl<\/span>.<\/p>\n<p class=\"p3\"><b><i>Czy&nbsp;podawanie danych jest obowi\u0105zkowe i&nbsp;sk\u0105d ADO posiada Pani\/ Pana dane osobowe? <\/i><\/b><\/p>\n<p class=\"p6\">Administrator pozyska\u0142 Pani\/ Pana dane bezpo\u015brednio od Pani\/ Pana tj. podmiotu, kt\u00f3rego dane dotycz\u0105. W&nbsp;przypadku przetwarzania Pani\/ Pana danych na&nbsp;podstawie:<\/p>\n<p class=\"p6\">&#8211;<span class=\"Apple-converted-space\">\u00a0 <\/span>art. 6 ust. 1 lit. a&nbsp;RODO- tj. na&nbsp;podstawie Pani\/ Pana zgody, podanie danych jest dobrowolne. Niepodanie przez&nbsp;Pani\u0105\/ Pana danych uniemo\u017cliwi ADO podj\u0119cie dzia\u0142a\u0144 i&nbsp;realizacj\u0119 cel\u00f3w, dla&nbsp;kt\u00f3rych dane s\u0105 pozyskiwane<\/p>\n<p class=\"p6\">&#8211; art. 6 ust. 1 lit. b RODO, podanie danych jest dobrowolne, ale&nbsp;ich niepodanie uniemo\u017cliwi ADO podj\u0119cie dzia\u0142a\u0144 i&nbsp;realizacj\u0119 cel\u00f3w, dla&nbsp;kt\u00f3rych dane s\u0105 pozyskiwane<\/p>\n<p class=\"p6\">&#8211; art. 6 ust. 1 lit. c RODO, obowi\u0105zek przetwarzania pozyskanych danych wynika z&nbsp;przepis\u00f3w prawa. Niepodanie ich uniemo\u017cliwi wykonanie przez&nbsp;ADO czynno\u015bci, jakie zosta\u0142y na&nbsp;niego na\u0142o\u017cone na&nbsp;mocy przepis\u00f3w prawa<\/p>\n<p class=\"p6\">&#8211; art. 6 ust. 1 lit. f RODO, ADO przetwarza pozyskane wcze\u015bniej dane w&nbsp;swoim prawnie uzasadnionym interesie.<\/p>\n<p class=\"p6\">Je\u015bli ADO nie pozyska\u0142 danych bezpo\u015brednio od Pani\/Pana, to Pani\/Pana dane osobowe w&nbsp;zakresie: m.in.: dane identyfikacyjne (imi\u0119 i&nbsp;nazwisko), dane kontaktowe (adres poczty elektronicznej), inne dane (np. miejsce zatrudnienia):<\/p>\n<p class=\"p6\">&#8211; mog\u0142y zosta\u0107 pozyskane przez&nbsp;ADO ze \u017ar\u00f3de\u0142 og\u00f3lnodost\u0119pnych (np. z&nbsp;KRS, CEIDG, serwis\u00f3w www&nbsp;itp.)<\/p>\n<p class=\"p6\">&#8211; mog\u0142y zosta\u0107 udost\u0119pnione ADO w&nbsp;inny spos\u00f3b tj. przez&nbsp;osob\u0119\/ podmiot, z&nbsp;kt\u00f3rym podmiot danych wsp\u00f3\u0142pracuje lub&nbsp;z&nbsp;kt\u00f3rym \u0142\u0105czy go inny stosunek prawny uprawniaj\u0105cy w\/w podmiot do&nbsp;udost\u0119pnienia Pani\/ Pana danych ADO.<\/p>\n<p class=\"p3\"><b><i>Jakie s\u0105 cele i&nbsp;podstawy prawne przetwarzania Pani\/ Pana danych osobowych?<\/i><\/b><\/p>\n<p class=\"p3\">Podane przez&nbsp;Pani\u0105\/ Pana dane osobowe mog\u0105 by\u0107 przetwarzane w&nbsp;r\u00f3\u017cnych celach realizowanych przez&nbsp;ADO, w\u00a0oparciu o&nbsp;ro\u017cne podstawy prawne opisane poni\u017cej:<\/p>\n<div class=\"table-responsive\">\n<table class=\"t1\" cellspacing=\"0\" cellpadding=\"0\">\n<tbody>\n<tr>\n<td class=\"td1\" valign=\"middle\">\n<p class=\"p3\"><b>Cel przetwarzania:<\/b><\/p>\n<\/td>\n<td class=\"td1\" valign=\"middle\">\n<p class=\"p3\"><b>Podstawa prawna przetwarzania<\/b><\/p>\n<\/td>\n<td class=\"td1\" valign=\"middle\">\n<p class=\"p3\"><b>Okres przetwarzania danych<\/b><\/p>\n<\/td>\n<\/tr>\n<tr>\n<td class=\"td1\" valign=\"middle\">\n<p class=\"p3\"><b>Przetwarzanie Pani\/ Pana danych na&nbsp;cele, dla&nbsp;kt\u00f3rych zgody zosta\u0142y udzielone.<\/b><\/p>\n<\/td>\n<td class=\"td1\" valign=\"middle\">\n<p class=\"p3\">Art. 6 ust. 1 lit. a&nbsp;RODO, czyli&nbsp;zgoda osoby, kt\u00f3rej dane dotycz\u0105.<\/p>\n<\/td>\n<td class=\"td1\" valign=\"middle\">\n<p class=\"p3\">Dane osobowe b\u0119d\u0105 przetwarzane przez&nbsp;okres realizacji celu, dla&nbsp;kt\u00f3rego zgoda zosta\u0142a udzielona lub&nbsp;do&nbsp;momentu wycofania zgody. Niezale\u017cnie od wycofania zgody, dane mog\u0105 by\u0107 przetwarzane przez&nbsp;czas wynikaj\u0105cy z&nbsp;obowi\u0105zuj\u0105cych przepis\u00f3w prawa lub&nbsp;do&nbsp;czasu przedawnienia ewentualnych roszcze\u0144 oraz&nbsp;na&nbsp;potrzeby rozliczalno\u015bci dzia\u0142a\u0144 ADO, o&nbsp;kt\u00f3rej mowa w&nbsp;art. 5 ust. 2 RODO.<\/p>\n<\/td>\n<\/tr>\n<tr>\n<td class=\"td1\" valign=\"middle\">\n<p class=\"p3\"><b>Przetwarzanie innych Pani\/ Pana danych, dobrowolnie podanych w&nbsp;formularzu kontaktowym.<\/b><\/p>\n<\/td>\n<td class=\"td1\" valign=\"middle\">\n<p class=\"p3\">Art. 6 ust. 1 lit. a&nbsp;RODO, czyli&nbsp;zgoda osoby, kt\u00f3rej dane dotycz\u0105.<\/p>\n<\/td>\n<td class=\"td1\" valign=\"middle\">\n<p class=\"p3\">Dane osobowe b\u0119d\u0105 przetwarzane przez&nbsp;okres realizacji celu, dla&nbsp;kt\u00f3rego inne dane w&nbsp;Formularzu kontaktowym zosta\u0142y wskazane lub&nbsp;do&nbsp;momentu wycofania zgody. Niezale\u017cnie od wycofania zgody, dane mog\u0105 by\u0107 przetwarzane przez&nbsp;czas wynikaj\u0105cy z&nbsp;obowi\u0105zuj\u0105cych przepis\u00f3w prawa lub&nbsp;do&nbsp;czasu przedawnienia ewentualnych roszcze\u0144 oraz&nbsp;na&nbsp;potrzeby rozliczalno\u015bci dzia\u0142a\u0144 ADO, o&nbsp;kt\u00f3rej mowa w&nbsp;art. 5 ust. 2 RODO.<\/p>\n<\/td>\n<\/tr>\n<tr>\n<td class=\"td1\" valign=\"middle\">\n<p class=\"p3\"><b>Podj\u0119cie dzia\u0142a\u0144 zmierzaj\u0105cych do&nbsp;zawarcia Umowy w&nbsp;postaci realizacji zam\u00f3wionej Rezerwacji.<\/b><\/p>\n<\/td>\n<td class=\"td1\" valign=\"middle\">\n<p class=\"p3\">Art. 6 ust. 1 lit. b RODO, czyli&nbsp;przetwarzanie jest niezb\u0119dne do&nbsp;podj\u0119cia dzia\u0142a\u0144 zmierzaj\u0105cych do&nbsp;realizacji Zam\u00f3wienia\/Rezerwacji.<\/p>\n<\/td>\n<td class=\"td1\" valign=\"middle\">\n<p class=\"p3\">Dane osobowe przetwarzane b\u0119d\u0105 przez&nbsp;okres trwania Umowy, a&nbsp;po up\u0142ywie tego okresu do&nbsp;czasu przedawnienia roszcze\u0144 wynikaj\u0105cych z&nbsp;powszechnie obowi\u0105zuj\u0105cych przepis\u00f3w prawa, w&nbsp;szczeg\u00f3lno\u015bci dla&nbsp;rozliczalno\u015bci dzia\u0142a\u0144 ADO, o&nbsp;kt\u00f3rej mowa w&nbsp;art. 5 ust. 2 RODO.<\/p>\n<\/td>\n<\/tr>\n<tr>\n<td class=\"td1\" valign=\"middle\">\n<p class=\"p3\"><b>Wype\u0142nianie obowi\u0105zk\u00f3w prawnych na\u0142o\u017conych na&nbsp;ADO, w&nbsp;szczeg\u00f3lno\u015bci zwi\u0105zanych z&nbsp;dokonywaniem rozlicze\u0144 publicznoprawnych oraz&nbsp;wynikaj\u0105cych z&nbsp;innych przepis\u00f3w prawa.<\/b><\/p>\n<\/td>\n<td class=\"td1\" valign=\"middle\">\n<p class=\"p3\">art. 6 ust. 1 lit. c RODO, czyli&nbsp;wype\u0142nianie obowi\u0105zk\u00f3w prawnych ci\u0105\u017c\u0105cych na&nbsp;ADO.<\/p>\n<\/td>\n<td class=\"td1\" valign=\"middle\">\n<p class=\"p3\">Dane osobowe b\u0119d\u0105 przetwarzane przez&nbsp;okres wynikaj\u0105cy z\u00a0obowi\u0105zuj\u0105cych przepis\u00f3w prawa.<\/p>\n<\/td>\n<\/tr>\n<tr>\n<td class=\"td1\" valign=\"middle\">\n<p class=\"p3\"><b>Prowadzenie ewidencji i&nbsp;dokumentacji ksi\u0119gowo-rachunkowej oraz&nbsp;sprawozda\u0144 finansowych.<\/b><\/p>\n<\/td>\n<td class=\"td1\" valign=\"middle\">\n<p class=\"p3\">Art. 6 ust. 1 lit. c RODO w&nbsp;zwi\u0105zku z&nbsp;art. 32 \u00a7 1, art. 70 \u00a7 1 oraz&nbsp;art. 86 \u00a7 1 Ordynacji podatkowej i&nbsp;w zwi\u0105zku z&nbsp;art. 74 Ustawy o&nbsp;rachunkowo\u015bci.<\/p>\n<\/td>\n<td class=\"td1\" valign=\"middle\">\n<p class=\"p3\">Dane osobowe b\u0119d\u0105 przetwarzane do&nbsp;czasu up\u0142ywu terminu przedawnienia zobowi\u0105zania p\u0142atnika lub&nbsp;do&nbsp;czasu up\u0142ywu okresu przedawnienia zobowi\u0105zania podatkowego.<\/p>\n<\/td>\n<\/tr>\n<tr>\n<td class=\"td1\" valign=\"middle\">\n<p class=\"p3\">Ustalanie, dochodzenie lub&nbsp;obrona przed ewentualnymi roszczeniami wynikaj\u0105cymi z&nbsp;realizacji Umowy oraz&nbsp;dla&nbsp;rozliczalno\u015bci dzia\u0142a\u0144 ADO, o&nbsp;kt\u00f3rej mowa w&nbsp;art. 5 ust. 2 RODO.<\/p>\n<\/td>\n<td class=\"td1\" valign=\"middle\">\n<p class=\"p3\">Art. 6 ust. 1 lit. f oraz&nbsp;art. 5 ust. 2 RODO, czyli&nbsp;prawnie uzasadniony interes ADO, kt\u00f3rym jest zabezpieczenie roszcze\u0144 i&nbsp;zapewnienie rozliczalno\u015bci<\/p>\n<\/td>\n<td class=\"td1\" valign=\"middle\">\n<p class=\"p3\">Dane osobowe przetwarzane b\u0119d\u0105 do&nbsp;czasu przedawnienia roszcze\u0144 wynikaj\u0105cych z&nbsp;powszechnie obowi\u0105zuj\u0105cych przepis\u00f3w prawa. W&nbsp;przypadku przetwarzania danych celem ustalenia, dochodzenia lub&nbsp;obrony roszcze\u0144, prawo do&nbsp;sprzeciwu nie przys\u0142uguje (art. 21 ust. 1 zd. 2 RODO).<\/p>\n<\/td>\n<\/tr>\n<tr>\n<td class=\"td1\" valign=\"middle\">\n<p class=\"p3\">Prowadzenie przez&nbsp;ADO wewn\u0119trznych audyt\u00f3w celem zapewnienia przestrzegania wewn\u0119trznych standard\u00f3w i&nbsp;procedur u&nbsp;ADO.<\/p>\n<\/td>\n<td class=\"td1\" valign=\"middle\">\n<p class=\"p3\">Art. 6 ust. 1 lit. f RODO, czyli&nbsp;prawnie uzasadniony interes ADO jakim jest zapewnienie przestrzegania wewn\u0119trznych standard\u00f3w i&nbsp;procedur zwi\u0105zanych z&nbsp;dzia\u0142alno\u015bci\u0105 ADO.<\/p>\n<\/td>\n<td class=\"td1\" valign=\"middle\">\n<p class=\"p3\">Dane osobowe b\u0119d\u0105 przetwarzane przez&nbsp;okres niezb\u0119dny do&nbsp;realizacji prawnie uzasadnionego interesu ADO lub&nbsp;do&nbsp;momentu skutecznego wniesienia przez&nbsp;Pani\u0105\/ Pana sprzeciwu wobec przetwarzania danych.<\/p>\n<\/td>\n<\/tr>\n<\/tbody>\n<\/table>\n<\/div>\n<p class=\"p8\"><b><i>Kto mo\u017ce by\u0107 odbiorc\u0105 Pani\/ Pana danych osobowych, czyli&nbsp;komu ADO mo\u017ce przekaza\u0107 pozyskane dane osobowe? <\/i><\/b><\/p>\n<p class=\"p8\">Odbiorcami Pani\/ Pana danych osobowych mog\u0105 by\u0107:<\/p>\n<ul class=\"ul1\">\n<li class=\"li8\">podmioty przetwarzaj\u0105ce dane osobowe na&nbsp;zlecenie ADO, z&nbsp;kt\u00f3rymi ADO zawar\u0142 wymagane prawem umowy powierzenia przetwarzania danych osobowych tj.:\n<ul class=\"ul1\">\n<li class=\"li8\">podmioty zewn\u0119trzne dostarczaj\u0105ce i&nbsp;wspieraj\u0105ce systemy informatyczne ADO<\/li>\n<li class=\"li8\">podmioty \u015bwiadcz\u0105ce us\u0142ugi zwi\u0105zane z&nbsp;bie\u017c\u0105c\u0105 dzia\u0142alno\u015bci\u0105 ADO.<\/li>\n<\/ul>\n<\/li>\n<\/ul>\n<p class=\"p10\">W\/w podmioty zosta\u0142y zobowi\u0105zane przez&nbsp;ADO do&nbsp;zapewnienia adekwatnych \u015brodk\u00f3w technicznych i\u00a0organizacyjnych zapewniaj\u0105cych bezpiecze\u0144stwo oraz&nbsp;ochron\u0119 przekazanych im danych osobowych.<\/p>\n<ul class=\"ul1\">\n<li class=\"li8\">podmioty uprawnione na&nbsp;podstawie obowi\u0105zuj\u0105cych przepis\u00f3w prawa, w&nbsp;zwi\u0105zku z&nbsp;tzw. udost\u0119pnianiem danych osobowych. W&nbsp;takim przypadku, przed przekazaniem pozyskanych przez&nbsp;ADO danych osobowych, ADO ka\u017cdorazowo dokonuje weryfikacji istnienia podstawy prawnej udost\u0119pnienia.<\/li>\n<\/ul>\n<p class=\"p8\">Co do&nbsp;zasady, pozyskane przez&nbsp;ADO Pani\/ Pana dane osobowe nie b\u0119d\u0105 przekazywane do&nbsp;pa\u0144stwa trzeciego ani&nbsp;organizacji mi\u0119dzynarodowej poza Europejski Obszar Gospodarczy. Niemniej w&nbsp;niekt\u00f3rych sytuacjach, ze wzgl\u0119du na\u00a0wsp\u00f3\u0142prac\u0119 ADO z&nbsp;dostawcami us\u0142ug w&nbsp;ramach realizacji cel\u00f3w przetwarzania danych osobowych, mo\u017ce jednak\u017ce doj\u015b\u0107 do&nbsp;przekazania danych osobowych do&nbsp;pa\u0144stw spoza&nbsp;Europejskiego Obszaru Gospodarczego. W\u00a0takiej sytuacji, ADO zadba o&nbsp;wszelkie formalno\u015bci zwi\u0105zane z&nbsp;prawid\u0142owym zabezpieczeniem danych osobowych, w&nbsp;tym m.in. stosowanie standardowych klauzul umownych przyj\u0119tych przez&nbsp;Komisj\u0119 (UE) oraz&nbsp;przeka\u017ce podmiotom danych, kt\u00f3rych dane pozyska\u0142 stosowne informacje.<\/p>\n<p class=\"p3\"><b><i>Jakie przys\u0142uguj\u0105 Pani\/ Panu prawa w&nbsp;zwi\u0105zku z&nbsp;przetwarzaniem Pani\/ Pana danych przez&nbsp;ADO? <\/i><\/b><\/p>\n<p class=\"p3\">W&nbsp;zwi\u0105zku z&nbsp;przetwarzaniem przez&nbsp;ADO pozyskanych danych osobowych, przys\u0142uguj\u0105 Pani\/ Panu nast\u0119puj\u0105ce prawa:<\/p>\n<ul class=\"ul1\">\n<li class=\"li3\"><b>dost\u0119pu<\/b> do&nbsp;swoich danych osobowych oraz&nbsp;otrzymania ich kopii (art. 15 RODO) &#8211; je\u017celi&nbsp;podstaw\u0105 prawn\u0105 przetwarzania Pani \/ Pana danych jest art. 6 ust. 1 lit. a&nbsp;lub b lub&nbsp;c lub&nbsp;d lub&nbsp;e lub&nbsp;f RODO<\/li>\n<\/ul>\n<ul class=\"ul1\">\n<li class=\"li3\"><b>sprostowania<\/b> nieprawid\u0142owych danych osobowych oraz&nbsp;uzupe\u0142nienia danych niekompletnych (art. 16 RODO) &#8211; je\u017celi&nbsp;podstaw\u0105 prawn\u0105 przetwarzania Pani \/ Pana danych jest art. 6 ust. 1 lit. a&nbsp;lub b lub&nbsp;c lub&nbsp;d lub&nbsp;e lub&nbsp;f RODO<\/li>\n<li class=\"li3\">\u017c\u0105dania <b>usuni\u0119cia<\/b> swoich danych osobowych tzw. prawo do&nbsp;bycia zapomnianym (art. 17 RODO)- je\u017celi&nbsp;podstaw\u0105 prawn\u0105 przetwarzania Pani \/ Pana danych jest art. 6 ust. 1 lit. a&nbsp;lub b lub&nbsp;d lub&nbsp;f RODO<\/li>\n<li class=\"li3\">\u017c\u0105dania <b>ograniczenia przetwarzania<\/b> (art. 18 RODO)- je\u017celi&nbsp;podstaw\u0105 prawn\u0105 przetwarzania Pani \/ Pana danych jest art. 6 ust. 1 lit. a&nbsp;lub b lub&nbsp;c lub&nbsp;d lub&nbsp;e lub&nbsp;f RODO<\/li>\n<li class=\"li3\">do&nbsp;<b>przenoszenia<\/b> danych osobowych (art. 20 RODO) &#8211; je\u017celi&nbsp;podstaw\u0105 prawn\u0105 przetwarzania Pani \/ Pana danych jest art. 6 ust. 1 lit. a&nbsp;lub b RODO<\/li>\n<li class=\"li3\">wniesienia <b>sprzeciwu<\/b> wobec przetwarzania danych osobowych (art. 21 RODO) &#8211; je\u017celi&nbsp;podstaw\u0105 prawn\u0105 przetwarzania Pani \/ Pana danych jest art. 6 ust. 1 lit. e lub&nbsp;f RODO.<\/li>\n<\/ul>\n<p class=\"p3\">Dodatkowo, przys\u0142uguje Pani\/ Panu prawo do:<\/p>\n<ul class=\"ul1\">\n<li class=\"li3\"><b>wycofania zgody <\/b>(art. 7 pkt. 3 RODO) &#8211; je\u017celi&nbsp;podstaw\u0105 prawn\u0105 przetwarzania Pani\/ Pana danych jest art. 6 ust. 1 lit. a&nbsp;RODO. Oznacza to, \u017ce&nbsp;Pani\/ Pana dane b\u0119dziemy przetwarza\u0107 do&nbsp;momentu wycofania zgody. Zgod\u0119 mo\u017cna wycofa\u0107 w&nbsp;ka\u017cdej chwili, przesy\u0142aj\u0105c wiadomo\u015b\u0107 e-mail na&nbsp;adres wskazany powy\u017cej lub&nbsp;listownie na&nbsp;adres ADO wskazany wy\u017cej. <span class=\"s2\">\u202f\u202f<\/span>Wycofanie zgody nie b\u0119dzie mia\u0142o wp\u0142ywu na&nbsp;zgodno\u015b\u0107 z&nbsp;prawem przetwarzania danych, kt\u00f3rego dokonano na&nbsp;podstawie zgody przed jej wycofaniem<\/li>\n<li class=\"li3\">wniesienia skargi do&nbsp;Prezesa Urz\u0119du Ochrony Danych Osobowych. Szczeg\u00f3\u0142owe informacje dotycz\u0105ce prawa skargi do&nbsp;PUODO, dost\u0119pne s\u0105 na&nbsp;stronie internetowej: https:\/\/uodo.gov.pl\/pl\/83\/155.<\/li>\n<\/ul>\n<p class=\"p3\">Ka\u017cdorazowo, gdy chce Pani\/ Pan skorzysta\u0107 z&nbsp;wy\u017cej wymienionych praw, ADO dokonuje oceny i\u00a0weryfikacji stawianych \u017c\u0105da\u0144 oraz&nbsp;realizuje je z&nbsp;poszanowaniem obowi\u0105zuj\u0105cych przepis\u00f3w prawa.<\/p>\n<p class=\"p3\"><b><i>Czy&nbsp;pozyskane dane osobowe podlegaj\u0105 zautomatyzowanemu przetwarzaniu lub&nbsp;profilowaniu?<\/i><\/b><\/p>\n<p class=\"p3\">Nie, pozyskane i&nbsp;przetwarzane przez&nbsp;ADO Pani\/ Pana dane osobowe nie podlegaj\u0105 zautomatyzowanemu przetwarzaniu w\u00a0tym profilowaniu.<\/p>\n","protected":false},"excerpt":{"rendered":"<p>Klauzula informacyjna dotycz\u0105ca przetwarzania danych osobowych przez&nbsp;Przedsi\u0119biorstwo Zaopatrzenia Farmaceutycznego CEFARM- \u0141\u00f3d\u017a Sp. z&nbsp;o.o. z&nbsp;siedzib\u0105 w&nbsp;\u0141odzi (94-406) przy&nbsp;ul. KINGA GILLETTE 11 prowadz\u0105ce Muzeum Farmacji im. prof.&nbsp;Jana Muszy\u0144skiego w&nbsp;\u0141odzi przy&nbsp;Placu Wolno\u015bci 2 Niniejsza klauzula wyczerpuje obowi\u0105zek informacyjny wynikaj\u0105cy z&nbsp;art. 13 ust. \u202f1 i&nbsp;ust. 2 oraz&nbsp;art. 14 Rozporz\u0105dzenia Parlamentu Europejskiego i&nbsp;Rady (UE) 2016\/679 z\u202fdnia 27 kwietnia 2016 r. [&hellip;]<\/p>\n","protected":false},"author":1,"featured_media":0,"parent":0,"menu_order":0,"comment_status":"closed","ping_status":"closed","template":"","meta":{"_acf_changed":false,"footnotes":""},"class_list":["post-3","page","type-page","status-publish","hentry"],"acf":[],"_links":{"self":[{"href":"https:\/\/muzeumfarmacji.eu\/pl\/wp-json\/wp\/v2\/pages\/3","targetHints":{"allow":["GET"]}}],"collection":[{"href":"https:\/\/muzeumfarmacji.eu\/pl\/wp-json\/wp\/v2\/pages"}],"about":[{"href":"https:\/\/muzeumfarmacji.eu\/pl\/wp-json\/wp\/v2\/types\/page"}],"author":[{"embeddable":true,"href":"https:\/\/muzeumfarmacji.eu\/pl\/wp-json\/wp\/v2\/users\/1"}],"replies":[{"embeddable":true,"href":"https:\/\/muzeumfarmacji.eu\/pl\/wp-json\/wp\/v2\/comments?post=3"}],"version-history":[{"count":0,"href":"https:\/\/muzeumfarmacji.eu\/pl\/wp-json\/wp\/v2\/pages\/3\/revisions"}],"wp:attachment":[{"href":"https:\/\/muzeumfarmacji.eu\/pl\/wp-json\/wp\/v2\/media?parent=3"}],"curies":[{"name":"wp","href":"https:\/\/api.w.org\/{rel}","templated":true}]}}