{"id":1454,"date":"2025-04-05T00:00:00","date_gmt":"2025-04-04T22:00:00","guid":{"rendered":"https:\/\/muzeum-test.dozit.pl\/?post_type=product&#038;p=1454"},"modified":"2025-05-14T11:18:33","modified_gmt":"2025-05-14T09:18:33","slug":"muzeum-na-doz-maratonie","status":"publish","type":"product","link":"https:\/\/muzeumfarmacji.eu\/pl\/wydarzenia\/muzeum-na-doz-maratonie\/","title":{"rendered":"Muzeum na&nbsp;DOZ Maratonie"},"content":{"rendered":"<p>W&nbsp;dniach 5-6 kwietnia nasze Muzeum uczestniczy\u0142o w&nbsp;wyj\u0105tkowym wydarzeniu jakim by\u0142 DOZ Maraton \u0141\u00f3d\u017a. Maratonowi towarzyszy\u0142y r\u00f3wnie\u017c imprezy okoliczno\u015bciowe m.in. piknik rodzinny, a&nbsp;tak\u017ce specjalna strefa ze stoiskami r\u00f3\u017cnych firm, kt\u00f3ra mie\u015bci\u0142a si\u0119 w&nbsp;Atlas Arenie. Nasze Muzeum przygotowa\u0142o szereg atrakcji zar\u00f3wno dla&nbsp;doros\u0142ych jak i&nbsp;dla dzieci. Ka\u017cde ch\u0119tnie dziecko mog\u0142o zabawi\u0107 si\u0119 w&nbsp;ma\u0142ego chemika i&nbsp;wykona\u0107 proste, ale&nbsp;widowiskowe do\u015bwiadczenia. Jeden z&nbsp;eksperyment\u00f3w polega\u0142 na&nbsp;rozpoznaniu pH wody, kwasu i&nbsp;zasady. By\u0142a te\u017c zabawa ciecz\u0105 nienewtonowsk\u0105. Jak us\u0142yszeli\u015bmy od dzieci mieli\u015bmy najfajniejsze stoisko co nas bardzo ucieszy\u0142o. Doro\u015bli natomiast&nbsp;mogli sprawdzi\u0107 si\u0119 w&nbsp;quizie z&nbsp;wiedzy o&nbsp;dawnej farmacji i&nbsp;odpowiedzie\u0107 na&nbsp;podchwytliwe pytania typu: Czy&nbsp;za&nbsp;substancje lecznicze w&nbsp;medycynie staro\u017cytnej uznawane by\u0142y czary, zakl\u0119cia i&nbsp;amulety? Du\u017cym zainteresowaniem cieszy\u0142 si\u0119 r\u00f3wnie\u017c konkurs z&nbsp;rozpoznawania zapach\u00f3w.<\/p>\n","protected":false},"excerpt":{"rendered":"<p>Pierwszy, ale&nbsp;z&nbsp;pewno\u015bci\u0105 nie ostatni raz Muzeum uczestniczy\u0142o jako wystawca podczas DOZ Maratonu, \u0142\u00f3dzkiego \u015bwi\u0119ta sportu.<\/p>\n","protected":false},"featured_media":1455,"template":"","meta":{"_acf_changed":false},"product_brand":[],"product_cat":[23],"product_tag":[],"class_list":{"0":"post-1454","1":"product","2":"type-product","3":"status-publish","4":"has-post-thumbnail","6":"product_cat-wydarzenia","8":"first","9":"instock","10":"virtual","11":"sold-individually","12":"purchasable","13":"product-type-booking"},"acf":[],"_links":{"self":[{"href":"https:\/\/muzeumfarmacji.eu\/pl\/wp-json\/wp\/v2\/product\/1454","targetHints":{"allow":["GET"]}}],"collection":[{"href":"https:\/\/muzeumfarmacji.eu\/pl\/wp-json\/wp\/v2\/product"}],"about":[{"href":"https:\/\/muzeumfarmacji.eu\/pl\/wp-json\/wp\/v2\/types\/product"}],"wp:featuredmedia":[{"embeddable":true,"href":"https:\/\/muzeumfarmacji.eu\/pl\/wp-json\/wp\/v2\/media\/1455"}],"wp:attachment":[{"href":"https:\/\/muzeumfarmacji.eu\/pl\/wp-json\/wp\/v2\/media?parent=1454"}],"wp:term":[{"taxonomy":"product_brand","embeddable":true,"href":"https:\/\/muzeumfarmacji.eu\/pl\/wp-json\/wp\/v2\/product_brand?post=1454"},{"taxonomy":"product_cat","embeddable":true,"href":"https:\/\/muzeumfarmacji.eu\/pl\/wp-json\/wp\/v2\/product_cat?post=1454"},{"taxonomy":"product_tag","embeddable":true,"href":"https:\/\/muzeumfarmacji.eu\/pl\/wp-json\/wp\/v2\/product_tag?post=1454"}],"curies":[{"name":"wp","href":"https:\/\/api.w.org\/{rel}","templated":true}]}}