{"id":1457,"date":"2025-05-17T00:00:00","date_gmt":"2025-05-16T22:00:00","guid":{"rendered":"https:\/\/muzeum-test.dozit.pl\/?post_type=product&#038;p=1457"},"modified":"2025-05-20T12:45:39","modified_gmt":"2025-05-20T10:45:39","slug":"noc-muzeow","status":"publish","type":"product","link":"https:\/\/muzeumfarmacji.eu\/pl\/wydarzenia\/noc-muzeow\/","title":{"rendered":"NOC MUZE\u00d3W"},"content":{"rendered":"<p>Zapraszamy do&nbsp;naszego Muzeum w&nbsp;godzinach 17:00-24:00. Przygotowali\u015bmy dla&nbsp;Pa\u0144stwa r\u00f3\u017cne atrakcje, w&nbsp;tym dla&nbsp;ch\u0119tnych udzia\u0142 w&nbsp;quizie i&nbsp;innych konkursach. Oczywi\u015bcie mamy te\u017c propozycj\u0119 udzia\u0142u w&nbsp;ciekawych do\u015bwiadczeniach dla&nbsp;dzieci.<\/p>\n<p>Pracownicy Muzeum opowiada\u0107 b\u0119d\u0105 o&nbsp;ciekawostkach zwi\u0105zanych z&nbsp;XIX wieczn\u0105 farmacj\u0105.<\/p>\n","protected":false},"excerpt":{"rendered":"<p>Tradycyjnie od ponad dziesi\u0119ciu lat nasze Muzeum uczestniczy w&nbsp;tym wyj\u0105tkowym wydarzeniu. W&nbsp;t\u0119 noc nie \u015bpimy tylko zwiedzamy.<\/p>\n","protected":false},"featured_media":1499,"template":"","meta":{"_acf_changed":false},"product_brand":[],"product_cat":[23],"product_tag":[],"class_list":{"0":"post-1457","1":"product","2":"type-product","3":"status-publish","4":"has-post-thumbnail","6":"product_cat-wydarzenia","8":"first","9":"instock","10":"virtual","11":"sold-individually","12":"purchasable","13":"product-type-booking"},"acf":[],"_links":{"self":[{"href":"https:\/\/muzeumfarmacji.eu\/pl\/wp-json\/wp\/v2\/product\/1457","targetHints":{"allow":["GET"]}}],"collection":[{"href":"https:\/\/muzeumfarmacji.eu\/pl\/wp-json\/wp\/v2\/product"}],"about":[{"href":"https:\/\/muzeumfarmacji.eu\/pl\/wp-json\/wp\/v2\/types\/product"}],"wp:featuredmedia":[{"embeddable":true,"href":"https:\/\/muzeumfarmacji.eu\/pl\/wp-json\/wp\/v2\/media\/1499"}],"wp:attachment":[{"href":"https:\/\/muzeumfarmacji.eu\/pl\/wp-json\/wp\/v2\/media?parent=1457"}],"wp:term":[{"taxonomy":"product_brand","embeddable":true,"href":"https:\/\/muzeumfarmacji.eu\/pl\/wp-json\/wp\/v2\/product_brand?post=1457"},{"taxonomy":"product_cat","embeddable":true,"href":"https:\/\/muzeumfarmacji.eu\/pl\/wp-json\/wp\/v2\/product_cat?post=1457"},{"taxonomy":"product_tag","embeddable":true,"href":"https:\/\/muzeumfarmacji.eu\/pl\/wp-json\/wp\/v2\/product_tag?post=1457"}],"curies":[{"name":"wp","href":"https:\/\/api.w.org\/{rel}","templated":true}]}}