{"id":1517,"date":"2025-05-29T00:00:00","date_gmt":"2025-05-28T22:00:00","guid":{"rendered":"https:\/\/muzeumfarmacji.eu\/?post_type=product&#038;p=1517"},"modified":"2025-05-27T15:17:40","modified_gmt":"2025-05-27T13:17:40","slug":"koncert-choru-sybirakow-3","status":"publish","type":"product","link":"https:\/\/muzeumfarmacji.eu\/pl\/wydarzenia\/koncert-choru-sybirakow-3\/","title":{"rendered":"Koncert Ch\u00f3ru Sybirak\u00f3w"},"content":{"rendered":"<p>Ch\u00f3r powsta\u0142 w&nbsp;listopadzie 1994 r., za\u015b&nbsp;od 2012 r. prowadzi go pani Swiet\u0142ana Niewiadomska. Ch\u00f3r ma na&nbsp;celu kultywowanie polskich tradycji syberyjskich, a&nbsp;swoimi wyst\u0119pami opowiada o&nbsp;smutnej przesz\u0142o\u015bci tysi\u0119cy rodak\u00f3w przez&nbsp;wiele lat przebywaj\u0105cych na&nbsp;zsy\u0142ce.<\/p>\n<p>Podczas koncertu us\u0142yszymy r\u00f3\u017cne pie\u015bni sentymentalne o&nbsp;najbli\u017cszych nam osobach, Mamie i&nbsp;Tacie.<\/p>\n","protected":false},"excerpt":{"rendered":"<p>Zapraszamy na&nbsp;koncert Ch\u00f3ru Sybirak\u00f3w, niezwykle poruszaj\u0105ce spotkanie.<\/p>\n","protected":false},"featured_media":1515,"template":"","meta":{"_acf_changed":false},"product_brand":[],"product_cat":[23],"product_tag":[],"class_list":{"0":"post-1517","1":"product","2":"type-product","3":"status-publish","4":"has-post-thumbnail","6":"product_cat-wydarzenia","8":"first","9":"instock","10":"virtual","11":"sold-individually","12":"purchasable","13":"product-type-booking"},"acf":[],"_links":{"self":[{"href":"https:\/\/muzeumfarmacji.eu\/pl\/wp-json\/wp\/v2\/product\/1517","targetHints":{"allow":["GET"]}}],"collection":[{"href":"https:\/\/muzeumfarmacji.eu\/pl\/wp-json\/wp\/v2\/product"}],"about":[{"href":"https:\/\/muzeumfarmacji.eu\/pl\/wp-json\/wp\/v2\/types\/product"}],"wp:featuredmedia":[{"embeddable":true,"href":"https:\/\/muzeumfarmacji.eu\/pl\/wp-json\/wp\/v2\/media\/1515"}],"wp:attachment":[{"href":"https:\/\/muzeumfarmacji.eu\/pl\/wp-json\/wp\/v2\/media?parent=1517"}],"wp:term":[{"taxonomy":"product_brand","embeddable":true,"href":"https:\/\/muzeumfarmacji.eu\/pl\/wp-json\/wp\/v2\/product_brand?post=1517"},{"taxonomy":"product_cat","embeddable":true,"href":"https:\/\/muzeumfarmacji.eu\/pl\/wp-json\/wp\/v2\/product_cat?post=1517"},{"taxonomy":"product_tag","embeddable":true,"href":"https:\/\/muzeumfarmacji.eu\/pl\/wp-json\/wp\/v2\/product_tag?post=1517"}],"curies":[{"name":"wp","href":"https:\/\/api.w.org\/{rel}","templated":true}]}}