{"id":1536,"date":"2025-06-21T14:20:16","date_gmt":"2025-06-21T12:20:16","guid":{"rendered":"https:\/\/muzeumfarmacji.eu\/?post_type=product&#038;p=1536"},"modified":"2025-06-21T14:43:58","modified_gmt":"2025-06-21T12:43:58","slug":"majowa-noc-muzeow","status":"publish","type":"product","link":"https:\/\/muzeumfarmacji.eu\/pl\/wydarzenia\/majowa-noc-muzeow\/","title":{"rendered":"Majowa Noc Muze\u00f3w"},"content":{"rendered":"<p>Przez&nbsp;ca\u0142y rok zwiedzanie odbywa si\u0119 zazwyczaj w&nbsp;ci\u0105gu dnia, natomiast&nbsp;w&nbsp;maju tradycyjnie od ponad 10 lat Muzeum, \u015bladem podobnych instytucji w&nbsp;ca\u0142ej Europie, otwiera si\u0119 noc\u0105.<\/p>\n<p>Na&nbsp;to wydarzenie przez&nbsp;ca\u0142y rok czekaj\u0105 nie tylko mi\u0142o\u015bnicy historii i&nbsp;kultury, ale&nbsp;jest to szczeg\u00f3lna atrakcja dla&nbsp;dzieci, kt\u00f3re w&nbsp;tym dniu nie musz\u0105 i\u015b\u0107 wcze\u015bniej spa\u0107. \u00a0Nasze Muzeum przygotowa\u0142o dla&nbsp;dzieci ciekawe i&nbsp;widowiskowe do\u015bwiadczenia chemiczne, za\u015b&nbsp;doro\u015bli mogli liczy\u0107 na&nbsp;inne niespodzianki m.in. konkurs zgadywania kompozycji perfum oraz&nbsp;quiz z&nbsp;ciekawostkami farmaceutycznymi i&nbsp;oczywi\u015bcie s\u0142odkimi nagrodami.<\/p>\n<p>Ka\u017cdy z&nbsp;odwiedzaj\u0105cych m\u00f3g\u0142 liczy\u0107 na&nbsp;pocz\u0119stunek ciep\u0142\u0105 herbatk\u0105 przygotowan\u0105 przez&nbsp;DOZ Zielnik, co ze wzgl\u0119du na&nbsp;zimn\u0105 i&nbsp;deszczow\u0105 pogod\u0119 by\u0142o bardzo dobrze przyj\u0119te.<\/p>\n<p>Jak zawsze mogli\u015bmy liczy\u0107 na&nbsp;pomoc Wolontariuszy i&nbsp;Przyjaci\u00f3\u0142 Muzeum.<\/p>\n\n\t\t<style type=\"text\/css\">\n\t\t\t#gallery-1 {\n\t\t\t\tmargin: auto;\n\t\t\t}\n\t\t\t#gallery-1 .gallery-item {\n\t\t\t\tfloat: left;\n\t\t\t\tmargin-top: 10px;\n\t\t\t\ttext-align: center;\n\t\t\t\twidth: 33%;\n\t\t\t}\n\t\t\t#gallery-1 img {\n\t\t\t\tborder: 2px solid #cfcfcf;\n\t\t\t}\n\t\t\t#gallery-1 .gallery-caption {\n\t\t\t\tmargin-left: 0;\n\t\t\t}\n\t\t\t\/* see gallery_shortcode() in wp-includes\/media.php *\/\n\t\t<\/style>\n\t\t<div id='gallery-1' class='gallery galleryid-1536 gallery-columns-3 gallery-size-thumbnail'><dl class='gallery-item'>\n\t\t\t<dt class='gallery-icon landscape'>\n\t\t\t\t<a href='https:\/\/muzeumfarmacji.eu\/pl\/?attachment_id=1540'><img loading=\"lazy\" decoding=\"async\" width=\"150\" height=\"150\" src=\"https:\/\/muzeumfarmacji.eu\/wp-content\/uploads\/2025\/05\/IMG_3721-150x150.jpeg\" class=\"attachment-thumbnail size-thumbnail\" alt=\"\" srcset=\"https:\/\/muzeumfarmacji.eu\/wp-content\/uploads\/2025\/05\/IMG_3721-150x150.jpeg 150w, https:\/\/muzeumfarmacji.eu\/wp-content\/uploads\/2025\/05\/IMG_3721-100x100.jpeg 100w\" sizes=\"auto, (max-width: 150px) 100vw, 150px\" \/><\/a>\n\t\t\t<\/dt><\/dl><dl class='gallery-item'>\n\t\t\t<dt class='gallery-icon landscape'>\n\t\t\t\t<a href='https:\/\/muzeumfarmacji.eu\/pl\/?attachment_id=1542'><img loading=\"lazy\" decoding=\"async\" width=\"150\" height=\"150\" src=\"https:\/\/muzeumfarmacji.eu\/wp-content\/uploads\/2025\/05\/1000014842-150x150.jpg\" class=\"attachment-thumbnail size-thumbnail\" alt=\"\" srcset=\"https:\/\/muzeumfarmacji.eu\/wp-content\/uploads\/2025\/05\/1000014842-150x150.jpg 150w, https:\/\/muzeumfarmacji.eu\/wp-content\/uploads\/2025\/05\/1000014842-100x100.jpg 100w\" sizes=\"auto, (max-width: 150px) 100vw, 150px\" \/><\/a>\n\t\t\t<\/dt><\/dl><dl class='gallery-item'>\n\t\t\t<dt class='gallery-icon landscape'>\n\t\t\t\t<a href='https:\/\/muzeumfarmacji.eu\/pl\/?attachment_id=1544'><img loading=\"lazy\" decoding=\"async\" width=\"150\" height=\"150\" src=\"https:\/\/muzeumfarmacji.eu\/wp-content\/uploads\/2025\/05\/IMG_3698-150x150.jpeg\" class=\"attachment-thumbnail size-thumbnail\" alt=\"\" srcset=\"https:\/\/muzeumfarmacji.eu\/wp-content\/uploads\/2025\/05\/IMG_3698-150x150.jpeg 150w, https:\/\/muzeumfarmacji.eu\/wp-content\/uploads\/2025\/05\/IMG_3698-100x100.jpeg 100w\" sizes=\"auto, (max-width: 150px) 100vw, 150px\" \/><\/a>\n\t\t\t<\/dt><\/dl><br style=\"clear: both\" \/><dl class='gallery-item'>\n\t\t\t<dt class='gallery-icon landscape'>\n\t\t\t\t<a href='https:\/\/muzeumfarmacji.eu\/pl\/?attachment_id=1546'><img loading=\"lazy\" decoding=\"async\" width=\"150\" height=\"150\" src=\"https:\/\/muzeumfarmacji.eu\/wp-content\/uploads\/2025\/05\/IMG_3711-150x150.jpeg\" class=\"attachment-thumbnail size-thumbnail\" alt=\"\" srcset=\"https:\/\/muzeumfarmacji.eu\/wp-content\/uploads\/2025\/05\/IMG_3711-150x150.jpeg 150w, https:\/\/muzeumfarmacji.eu\/wp-content\/uploads\/2025\/05\/IMG_3711-100x100.jpeg 100w\" sizes=\"auto, (max-width: 150px) 100vw, 150px\" \/><\/a>\n\t\t\t<\/dt><\/dl><dl class='gallery-item'>\n\t\t\t<dt class='gallery-icon landscape'>\n\t\t\t\t<a href='https:\/\/muzeumfarmacji.eu\/pl\/?attachment_id=1548'><img loading=\"lazy\" decoding=\"async\" width=\"150\" height=\"150\" src=\"https:\/\/muzeumfarmacji.eu\/wp-content\/uploads\/2025\/05\/IMG_3743-150x150.jpeg\" class=\"attachment-thumbnail size-thumbnail\" alt=\"\" srcset=\"https:\/\/muzeumfarmacji.eu\/wp-content\/uploads\/2025\/05\/IMG_3743-150x150.jpeg 150w, https:\/\/muzeumfarmacji.eu\/wp-content\/uploads\/2025\/05\/IMG_3743-100x100.jpeg 100w\" sizes=\"auto, (max-width: 150px) 100vw, 150px\" \/><\/a>\n\t\t\t<\/dt><\/dl><dl class='gallery-item'>\n\t\t\t<dt class='gallery-icon landscape'>\n\t\t\t\t<a href='https:\/\/muzeumfarmacji.eu\/pl\/?attachment_id=1550'><img loading=\"lazy\" decoding=\"async\" width=\"150\" height=\"150\" src=\"https:\/\/muzeumfarmacji.eu\/wp-content\/uploads\/2025\/05\/IMG_3690-150x150.jpeg\" class=\"attachment-thumbnail size-thumbnail\" alt=\"\" srcset=\"https:\/\/muzeumfarmacji.eu\/wp-content\/uploads\/2025\/05\/IMG_3690-150x150.jpeg 150w, https:\/\/muzeumfarmacji.eu\/wp-content\/uploads\/2025\/05\/IMG_3690-100x100.jpeg 100w\" sizes=\"auto, (max-width: 150px) 100vw, 150px\" \/><\/a>\n\t\t\t<\/dt><\/dl><br style=\"clear: both\" \/>\n\t\t<\/div>\n\n","protected":false},"excerpt":{"rendered":"<p>1717 os\u00f3b odwiedzi\u0142o podczas tej wyj\u0105tkowej nocy nasze Muzeum.<\/p>\n","protected":false},"featured_media":1538,"template":"","meta":{"_acf_changed":false},"product_brand":[],"product_cat":[23],"product_tag":[],"class_list":{"0":"post-1536","1":"product","2":"type-product","3":"status-publish","4":"has-post-thumbnail","6":"product_cat-wydarzenia","8":"first","9":"instock","10":"virtual","11":"sold-individually","12":"purchasable","13":"product-type-booking"},"acf":[],"_links":{"self":[{"href":"https:\/\/muzeumfarmacji.eu\/pl\/wp-json\/wp\/v2\/product\/1536","targetHints":{"allow":["GET"]}}],"collection":[{"href":"https:\/\/muzeumfarmacji.eu\/pl\/wp-json\/wp\/v2\/product"}],"about":[{"href":"https:\/\/muzeumfarmacji.eu\/pl\/wp-json\/wp\/v2\/types\/product"}],"wp:featuredmedia":[{"embeddable":true,"href":"https:\/\/muzeumfarmacji.eu\/pl\/wp-json\/wp\/v2\/media\/1538"}],"wp:attachment":[{"href":"https:\/\/muzeumfarmacji.eu\/pl\/wp-json\/wp\/v2\/media?parent=1536"}],"wp:term":[{"taxonomy":"product_brand","embeddable":true,"href":"https:\/\/muzeumfarmacji.eu\/pl\/wp-json\/wp\/v2\/product_brand?post=1536"},{"taxonomy":"product_cat","embeddable":true,"href":"https:\/\/muzeumfarmacji.eu\/pl\/wp-json\/wp\/v2\/product_cat?post=1536"},{"taxonomy":"product_tag","embeddable":true,"href":"https:\/\/muzeumfarmacji.eu\/pl\/wp-json\/wp\/v2\/product_tag?post=1536"}],"curies":[{"name":"wp","href":"https:\/\/api.w.org\/{rel}","templated":true}]}}