{"id":1569,"date":"2025-06-21T14:12:10","date_gmt":"2025-06-21T12:12:10","guid":{"rendered":"https:\/\/muzeumfarmacji.eu\/?post_type=product&#038;p=1569"},"modified":"2025-06-21T14:16:04","modified_gmt":"2025-06-21T12:16:04","slug":"muzeum-na-europejskim-szlaku-kulturowym-historycznych-aptek-i-ogrodow-roslin-leczniczych","status":"publish","type":"product","link":"https:\/\/muzeumfarmacji.eu\/pl\/wydarzenia\/muzeum-na-europejskim-szlaku-kulturowym-historycznych-aptek-i-ogrodow-roslin-leczniczych\/","title":{"rendered":"Muzeum na&nbsp;Europejskim Szlaku Kulturowym Historycznych Aptek i&nbsp;Ogrod\u00f3w Ro\u015blin Leczniczych"},"content":{"rendered":"<p>W&nbsp;dniach 15-16 maja w&nbsp;Walencji odby\u0142o si\u0119 Pierwsze Mi\u0119dzynarodowe Forum Aromas Itinerarium Salutis, projektu tworz\u0105cego Europejski Szlak Kulturowy Historycznych Aptek i&nbsp;Ogrod\u00f3w Ro\u015blin Leczniczych. Wydarzenie otwarte zosta\u0142o uroczystym przyj\u0119ciem do&nbsp;projektu nowych cz\u0142onk\u00f3w i&nbsp;wr\u0119czeniem im certyfikat\u00f3w przez&nbsp;dyrektor projektu Mari\u0119 Luis\u0119 Vasquez de Agredos Pascual, w\u015br\u00f3d kt\u00f3rych by\u0142o tak\u017ce nasze Muzeum. Atmosfer\u0119 nast\u0119puj\u0105cych potem obrad tworzy\u0142a otaczaj\u0105ca ziele\u0144 Ogrodu Botanicznego Uniwersytetu w&nbsp;Walencji.<\/p>\n<p>Program Szlaki Kulturowe Rady Europy zosta\u0142 zainicjowany w&nbsp;1987 r., by pokaza\u0107 &#8211;  poprzez podr\u00f3\u017c w&nbsp;czasie i&nbsp;przestrzeni &#8211; jak dziedzictwo poszczeg\u00f3lnych kraj\u00f3w Europy sk\u0142ada si\u0119 na&nbsp;wsp\u00f3lne dziedzictwo kulturowe. Obecno\u015b\u0107 naszego Muzeum na&nbsp;Szlaku Kulturowym Rady Europy to znacz\u0105ce wyr\u00f3\u017cnienie otwieraj\u0105ce Nas na&nbsp;wsp\u00f3\u0142prac\u0119 mi\u0119dzynarodow\u0105 z&nbsp;podobnymi instytucjami w&nbsp;ca\u0142ej Europie.<\/p>\n<p>Program Aromas Itinerarium Salutis &#8211; Europejski Szlak Kulturowy Historycznych Aptek i&nbsp;Ogrod\u00f3w Ro\u015blin Leczniczych jest Szlakiem Kulturowym Rady Europy of 2024 roku.<br \/>\nWi\u0119cej o&nbsp;nim mo\u017cna przeczyta\u0107 na&nbsp;<a href=\"https:\/\/aromassalutis.eu\/en\/\" target=\"_blank\">stronie projektu<\/a><br \/>\n<img loading=\"lazy\" decoding=\"async\" src=\"https:\/\/muzeumfarmacji.eu\/wp-content\/uploads\/2025\/06\/62D09044-300x200.jpg\" alt=\"\" width=\"300\" height=\"200\" class=\"alignnone size-medium wp-image-1570\" srcset=\"https:\/\/muzeumfarmacji.eu\/wp-content\/uploads\/2025\/06\/62D09044-300x200.jpg 300w, https:\/\/muzeumfarmacji.eu\/wp-content\/uploads\/2025\/06\/62D09044-1024x682.jpg 1024w, https:\/\/muzeumfarmacji.eu\/wp-content\/uploads\/2025\/06\/62D09044-768x512.jpg 768w, https:\/\/muzeumfarmacji.eu\/wp-content\/uploads\/2025\/06\/62D09044-1536x1024.jpg 1536w, https:\/\/muzeumfarmacji.eu\/wp-content\/uploads\/2025\/06\/62D09044-800x533.jpg 800w, https:\/\/muzeumfarmacji.eu\/wp-content\/uploads\/2025\/06\/62D09044.jpg 1682w\" sizes=\"auto, (max-width: 300px) 100vw, 300px\" \/><img loading=\"lazy\" decoding=\"async\" src=\"https:\/\/muzeumfarmacji.eu\/wp-content\/uploads\/2025\/06\/IMG_20250515_090629063_HDR-300x225.jpg\" alt=\"\" width=\"300\" height=\"225\" class=\"alignnone size-medium wp-image-1575\" srcset=\"https:\/\/muzeumfarmacji.eu\/wp-content\/uploads\/2025\/06\/IMG_20250515_090629063_HDR-300x225.jpg 300w, https:\/\/muzeumfarmacji.eu\/wp-content\/uploads\/2025\/06\/IMG_20250515_090629063_HDR-1024x768.jpg 1024w, https:\/\/muzeumfarmacji.eu\/wp-content\/uploads\/2025\/06\/IMG_20250515_090629063_HDR-768x576.jpg 768w, https:\/\/muzeumfarmacji.eu\/wp-content\/uploads\/2025\/06\/IMG_20250515_090629063_HDR-1536x1152.jpg 1536w, https:\/\/muzeumfarmacji.eu\/wp-content\/uploads\/2025\/06\/IMG_20250515_090629063_HDR-scaled.jpg 2048w, https:\/\/muzeumfarmacji.eu\/wp-content\/uploads\/2025\/06\/IMG_20250515_090629063_HDR-500x375.jpg 500w, https:\/\/muzeumfarmacji.eu\/wp-content\/uploads\/2025\/06\/IMG_20250515_090629063_HDR-800x600.jpg 800w\" sizes=\"auto, (max-width: 300px) 100vw, 300px\" \/><\/p>\n","protected":false},"excerpt":{"rendered":"<p>Muzeum Farmacji w&nbsp;\u0141odzi sta\u0142o si\u0119 cz\u0119\u015bci\u0105 Europejskiego Szlaku Kulturowego Historycznych Aptek i&nbsp;Ogrod\u00f3w Ro\u015blin Leczniczych jako pierwsza tego typu plac\u00f3wka w&nbsp;Polsce.<\/p>\n","protected":false},"featured_media":1573,"template":"","meta":{"_acf_changed":false},"product_brand":[],"product_cat":[23],"product_tag":[],"class_list":{"0":"post-1569","1":"product","2":"type-product","3":"status-publish","4":"has-post-thumbnail","6":"product_cat-wydarzenia","8":"first","9":"instock","10":"virtual","11":"sold-individually","12":"purchasable","13":"product-type-booking"},"acf":[],"_links":{"self":[{"href":"https:\/\/muzeumfarmacji.eu\/pl\/wp-json\/wp\/v2\/product\/1569","targetHints":{"allow":["GET"]}}],"collection":[{"href":"https:\/\/muzeumfarmacji.eu\/pl\/wp-json\/wp\/v2\/product"}],"about":[{"href":"https:\/\/muzeumfarmacji.eu\/pl\/wp-json\/wp\/v2\/types\/product"}],"wp:featuredmedia":[{"embeddable":true,"href":"https:\/\/muzeumfarmacji.eu\/pl\/wp-json\/wp\/v2\/media\/1573"}],"wp:attachment":[{"href":"https:\/\/muzeumfarmacji.eu\/pl\/wp-json\/wp\/v2\/media?parent=1569"}],"wp:term":[{"taxonomy":"product_brand","embeddable":true,"href":"https:\/\/muzeumfarmacji.eu\/pl\/wp-json\/wp\/v2\/product_brand?post=1569"},{"taxonomy":"product_cat","embeddable":true,"href":"https:\/\/muzeumfarmacji.eu\/pl\/wp-json\/wp\/v2\/product_cat?post=1569"},{"taxonomy":"product_tag","embeddable":true,"href":"https:\/\/muzeumfarmacji.eu\/pl\/wp-json\/wp\/v2\/product_tag?post=1569"}],"curies":[{"name":"wp","href":"https:\/\/api.w.org\/{rel}","templated":true}]}}