{"id":1650,"date":"2025-09-26T09:00:28","date_gmt":"2025-09-26T07:00:28","guid":{"rendered":"https:\/\/muzeumfarmacji.eu\/?post_type=product&#038;p=1650"},"modified":"2025-09-26T09:24:59","modified_gmt":"2025-09-26T07:24:59","slug":"dzien-aptekarza","status":"publish","type":"product","link":"https:\/\/muzeumfarmacji.eu\/pl\/wydarzenia\/dzien-aptekarza\/","title":{"rendered":"Dzie\u0144 Aptekarza"},"content":{"rendered":"<div data-olk-copy-source=\"MailCompose\">26 wrze\u015bnia to Og\u00f3lnopolski Dzie\u0144 Aptekarza przypadaj\u0105cy w&nbsp;\u015bwi\u0119to \u015bwi\u0119tych Kosmy i\u00a0Damiana, patron\u00f3w aptekarzy, farmaceut\u00f3w, lekarzy czy&nbsp;dentyst\u00f3w.<\/div>\n<div>25 wrze\u015bnia obchodzony by\u0142\u00a0\u015awiatowy Dzie\u0144 Farmaceuty.<\/div>\n<div><\/div>\n<div><\/div>\n<div><\/div>\n<div><\/div>\n<div><span data-olk-copy-source=\"MailCompose\">\u017byczymy wszystkim samych sukces\u00f3w w&nbsp;\u017cyciu zawodowym i&nbsp;osobistym.<\/span><\/div>\n","protected":false},"excerpt":{"rendered":"<p>26 wrze\u015bnia to Og\u00f3lnopolski Dzie\u0144 Aptekarza przypadaj\u0105cy w&nbsp;\u015bwi\u0119to \u015bwi\u0119tych Kosmy i\u00a0Damiana, patron\u00f3w aptekarzy, farmaceut\u00f3w, lekarzy czy&nbsp;dentyst\u00f3w. 25 wrze\u015bnia obchodzony by\u0142\u00a0\u015awiatowy Dzie\u0144 Farmaceuty. \u017byczymy wszystkim samych sukces\u00f3w w&nbsp;\u017cyciu zawodowym i&nbsp;osobistym.<\/p>\n","protected":false},"featured_media":1651,"template":"","meta":{"_acf_changed":false},"product_brand":[],"product_cat":[23],"product_tag":[],"class_list":{"0":"post-1650","1":"product","2":"type-product","3":"status-publish","4":"has-post-thumbnail","6":"product_cat-wydarzenia","8":"first","9":"instock","10":"virtual","11":"sold-individually","12":"purchasable","13":"product-type-booking"},"acf":[],"_links":{"self":[{"href":"https:\/\/muzeumfarmacji.eu\/pl\/wp-json\/wp\/v2\/product\/1650","targetHints":{"allow":["GET"]}}],"collection":[{"href":"https:\/\/muzeumfarmacji.eu\/pl\/wp-json\/wp\/v2\/product"}],"about":[{"href":"https:\/\/muzeumfarmacji.eu\/pl\/wp-json\/wp\/v2\/types\/product"}],"wp:featuredmedia":[{"embeddable":true,"href":"https:\/\/muzeumfarmacji.eu\/pl\/wp-json\/wp\/v2\/media\/1651"}],"wp:attachment":[{"href":"https:\/\/muzeumfarmacji.eu\/pl\/wp-json\/wp\/v2\/media?parent=1650"}],"wp:term":[{"taxonomy":"product_brand","embeddable":true,"href":"https:\/\/muzeumfarmacji.eu\/pl\/wp-json\/wp\/v2\/product_brand?post=1650"},{"taxonomy":"product_cat","embeddable":true,"href":"https:\/\/muzeumfarmacji.eu\/pl\/wp-json\/wp\/v2\/product_cat?post=1650"},{"taxonomy":"product_tag","embeddable":true,"href":"https:\/\/muzeumfarmacji.eu\/pl\/wp-json\/wp\/v2\/product_tag?post=1650"}],"curies":[{"name":"wp","href":"https:\/\/api.w.org\/{rel}","templated":true}]}}