{"id":1668,"date":"2025-10-16T00:00:00","date_gmt":"2025-10-15T22:00:00","guid":{"rendered":"https:\/\/muzeumfarmacji.eu\/?post_type=product&#038;p=1668"},"modified":"2025-10-11T13:04:07","modified_gmt":"2025-10-11T11:04:07","slug":"wystawa-atlas-farmakognostyczny","status":"publish","type":"product","link":"https:\/\/muzeumfarmacji.eu\/pl\/wydarzenia\/wystawa-atlas-farmakognostyczny\/","title":{"rendered":"Wystawa &#8222;Atlas farmakognostyczny&#8221;"},"content":{"rendered":"<p>Tytu\u0142 ekspozycji odnosi si\u0119 do&nbsp;publikacji patrona Muzeum \u2013 pracy szczeg\u00f3lnie istotnej dla&nbsp;\u0142\u00f3dzkiej i&nbsp;polskiej botaniki. Eksponowane dzie\u0142a artyst\u00f3w z&nbsp;Polski, Litwy i&nbsp;Hiszpanii przeplataj\u0105 ze sob\u0105 nauk\u0119, sztuk\u0119 i&nbsp;natur\u0119.<\/p>\n<p>Artystki i&nbsp;arty\u015bci: Dovile Dagiene, Katarzyna Korzeniecka, Estera Lipman, Aleksandra Liput, Belen Rodriguez, Agata Szwajcowska, Carles Tarrass\u00f3<br \/>\nKurator: Adam Mazur<\/p>\n<p>Wystawa zosta\u0142a zorganizowana we wsp\u00f3\u0142pracy Muzeum Farmacji w&nbsp;\u0141odzi, <a href=\"https:\/\/hilarymajewski.com\/\" target=\"_blank\">Kamienicy Hilarego Majewskiego<\/a>, Konsula Honorowego Litwy Jakuba Szwajcowskiego oraz&nbsp;projektu <a href=\"https:\/\/aromassalutis.eu\/en\/\" target=\"_blank\">Aromas Itinerarium Salutis<\/a>.<\/p>\n","protected":false},"excerpt":{"rendered":"<p>Zapraszamy na&nbsp;wystaw\u0119 sztuki wsp\u00f3\u0142czesnej \u201eAtlas farmakognostyczny\u201d w&nbsp;Muzeum Farmacji im. prof.&nbsp;Jana Muszy\u0144skiego.<\/p>\n","protected":false},"featured_media":1669,"template":"","meta":{"_acf_changed":false},"product_brand":[],"product_cat":[24],"product_tag":[],"class_list":{"0":"post-1668","1":"product","2":"type-product","3":"status-publish","4":"has-post-thumbnail","6":"product_cat-wystawy","8":"first","9":"instock","10":"virtual","11":"sold-individually","12":"purchasable","13":"product-type-booking"},"acf":[],"_links":{"self":[{"href":"https:\/\/muzeumfarmacji.eu\/pl\/wp-json\/wp\/v2\/product\/1668","targetHints":{"allow":["GET"]}}],"collection":[{"href":"https:\/\/muzeumfarmacji.eu\/pl\/wp-json\/wp\/v2\/product"}],"about":[{"href":"https:\/\/muzeumfarmacji.eu\/pl\/wp-json\/wp\/v2\/types\/product"}],"wp:featuredmedia":[{"embeddable":true,"href":"https:\/\/muzeumfarmacji.eu\/pl\/wp-json\/wp\/v2\/media\/1669"}],"wp:attachment":[{"href":"https:\/\/muzeumfarmacji.eu\/pl\/wp-json\/wp\/v2\/media?parent=1668"}],"wp:term":[{"taxonomy":"product_brand","embeddable":true,"href":"https:\/\/muzeumfarmacji.eu\/pl\/wp-json\/wp\/v2\/product_brand?post=1668"},{"taxonomy":"product_cat","embeddable":true,"href":"https:\/\/muzeumfarmacji.eu\/pl\/wp-json\/wp\/v2\/product_cat?post=1668"},{"taxonomy":"product_tag","embeddable":true,"href":"https:\/\/muzeumfarmacji.eu\/pl\/wp-json\/wp\/v2\/product_tag?post=1668"}],"curies":[{"name":"wp","href":"https:\/\/api.w.org\/{rel}","templated":true}]}}