{"id":1729,"date":"2026-01-15T00:00:00","date_gmt":"2026-01-14T23:00:00","guid":{"rendered":"https:\/\/muzeumfarmacji.eu\/?post_type=product&#038;p=1729"},"modified":"2026-01-15T12:44:42","modified_gmt":"2026-01-15T11:44:42","slug":"spotkanie-z-katarzyna-korzeniecka","status":"publish","type":"product","link":"https:\/\/muzeumfarmacji.eu\/pl\/wydarzenia\/spotkanie-z-katarzyna-korzeniecka\/","title":{"rendered":"Spotkanie z&nbsp;Katarzyn\u0105 Korzenieck\u0105"},"content":{"rendered":"<p>15 stycznia\u00a0 o&nbsp;godzinie 17:30 zapraszamy na&nbsp;rozmow\u0119 z&nbsp;Katarzyn\u0105 Korzenieck\u0105, kt\u00f3r\u0105 poprowadzi Adam Mazur, kurator wystawy \u201cAtlas Farmakognostyczny\u201d.<\/p>\n<p>W&nbsp;rozmowie artystka powr\u00f3ci do&nbsp;postaci swojego ojca w&nbsp;kontek\u015bcie ksi\u0105\u017cki \u201ePiotr&#8221;, ale&nbsp;tak\u017ce szerzej opowie o&nbsp;praktykach jasnowidzenia, radiestezjologii i&nbsp;psychotroniki<\/p>\n<p>&nbsp;<\/p>\n<p><img loading=\"lazy\" decoding=\"async\" class=\"alignnone size-medium wp-image-1730\" src=\"https:\/\/muzeumfarmacji.eu\/wp-content\/uploads\/2026\/01\/trzecie-oko-300x157.jpg\" alt=\"\" width=\"300\" height=\"157\" srcset=\"https:\/\/muzeumfarmacji.eu\/wp-content\/uploads\/2026\/01\/trzecie-oko-300x157.jpg 300w, https:\/\/muzeumfarmacji.eu\/wp-content\/uploads\/2026\/01\/trzecie-oko-1024x536.jpg 1024w, https:\/\/muzeumfarmacji.eu\/wp-content\/uploads\/2026\/01\/trzecie-oko-768x402.jpg 768w, https:\/\/muzeumfarmacji.eu\/wp-content\/uploads\/2026\/01\/trzecie-oko-800x419.jpg 800w, https:\/\/muzeumfarmacji.eu\/wp-content\/uploads\/2026\/01\/trzecie-oko.jpg 1200w\" sizes=\"auto, (max-width: 300px) 100vw, 300px\" \/><\/p>\n","protected":false},"excerpt":{"rendered":"<p>W&nbsp;ramach wystawy &#8222;Atlas Farmakognostyczny&#8221; zapraszamy na&nbsp;spotkanie z&nbsp;K.Korzenieck\u0105.<\/p>\n","protected":false},"featured_media":1669,"template":"","meta":{"_acf_changed":false},"product_brand":[],"product_cat":[23],"product_tag":[],"class_list":{"0":"post-1729","1":"product","2":"type-product","3":"status-publish","4":"has-post-thumbnail","6":"product_cat-wydarzenia","8":"first","9":"instock","10":"virtual","11":"sold-individually","12":"purchasable","13":"product-type-booking"},"acf":[],"_links":{"self":[{"href":"https:\/\/muzeumfarmacji.eu\/pl\/wp-json\/wp\/v2\/product\/1729","targetHints":{"allow":["GET"]}}],"collection":[{"href":"https:\/\/muzeumfarmacji.eu\/pl\/wp-json\/wp\/v2\/product"}],"about":[{"href":"https:\/\/muzeumfarmacji.eu\/pl\/wp-json\/wp\/v2\/types\/product"}],"wp:featuredmedia":[{"embeddable":true,"href":"https:\/\/muzeumfarmacji.eu\/pl\/wp-json\/wp\/v2\/media\/1669"}],"wp:attachment":[{"href":"https:\/\/muzeumfarmacji.eu\/pl\/wp-json\/wp\/v2\/media?parent=1729"}],"wp:term":[{"taxonomy":"product_brand","embeddable":true,"href":"https:\/\/muzeumfarmacji.eu\/pl\/wp-json\/wp\/v2\/product_brand?post=1729"},{"taxonomy":"product_cat","embeddable":true,"href":"https:\/\/muzeumfarmacji.eu\/pl\/wp-json\/wp\/v2\/product_cat?post=1729"},{"taxonomy":"product_tag","embeddable":true,"href":"https:\/\/muzeumfarmacji.eu\/pl\/wp-json\/wp\/v2\/product_tag?post=1729"}],"curies":[{"name":"wp","href":"https:\/\/api.w.org\/{rel}","templated":true}]}}