{"id":1733,"date":"2026-01-16T00:00:00","date_gmt":"2026-01-15T23:00:00","guid":{"rendered":"https:\/\/muzeumfarmacji.eu\/?post_type=product&#038;p=1733"},"modified":"2026-01-15T12:53:06","modified_gmt":"2026-01-15T11:53:06","slug":"finisaz-wystawy-atlas-farmakognostyczny","status":"publish","type":"product","link":"https:\/\/muzeumfarmacji.eu\/pl\/wydarzenia\/finisaz-wystawy-atlas-farmakognostyczny\/","title":{"rendered":"Finisa\u017c wystawy &#8222;Atlas Farmakognostyczny&#8221;"},"content":{"rendered":"<p>Zapraszamy na&nbsp;finisa\u017c wystawy \ud835\udc9c\ud835\udcc9\ud835\udcc1\ud835\udcb6\ud835\udcc8 \ud835\udcbb\ud835\udcb6\ud835\udcc7\ud835\udcc2\ud835\udcb6\ud835\udcc0\ud835\udc5c\ud835\udc54\ud835\udcc3\ud835\udc5c\ud835\udcc8\ud835\udcc9\ud835\udcce\ud835\udcb8\ud835\udccf\ud835\udcc3\ud835\udcce<\/p>\n<p>Podczas wydarzenia b\u0119dzie mo\u017cna zobaczy\u0107 instalacj\u0119 multimedialn\u0105 Estery Lipman \u201eRaster w&nbsp;kreatywnym kodowaniu\u201d oraz&nbsp;performance Kaliny Kazimierczak \u201eI was crazy once&#8221;.<\/p>\n","protected":false},"excerpt":{"rendered":"<p>Finisa\u017c wystawy rozpocznie si\u0119 o&nbsp;godz. 17:00<\/p>\n","protected":false},"featured_media":1669,"template":"","meta":{"_acf_changed":false},"product_brand":[],"product_cat":[23],"product_tag":[],"class_list":{"0":"post-1733","1":"product","2":"type-product","3":"status-publish","4":"has-post-thumbnail","6":"product_cat-wydarzenia","8":"first","9":"instock","10":"virtual","11":"sold-individually","12":"purchasable","13":"product-type-booking"},"acf":[],"_links":{"self":[{"href":"https:\/\/muzeumfarmacji.eu\/pl\/wp-json\/wp\/v2\/product\/1733","targetHints":{"allow":["GET"]}}],"collection":[{"href":"https:\/\/muzeumfarmacji.eu\/pl\/wp-json\/wp\/v2\/product"}],"about":[{"href":"https:\/\/muzeumfarmacji.eu\/pl\/wp-json\/wp\/v2\/types\/product"}],"wp:featuredmedia":[{"embeddable":true,"href":"https:\/\/muzeumfarmacji.eu\/pl\/wp-json\/wp\/v2\/media\/1669"}],"wp:attachment":[{"href":"https:\/\/muzeumfarmacji.eu\/pl\/wp-json\/wp\/v2\/media?parent=1733"}],"wp:term":[{"taxonomy":"product_brand","embeddable":true,"href":"https:\/\/muzeumfarmacji.eu\/pl\/wp-json\/wp\/v2\/product_brand?post=1733"},{"taxonomy":"product_cat","embeddable":true,"href":"https:\/\/muzeumfarmacji.eu\/pl\/wp-json\/wp\/v2\/product_cat?post=1733"},{"taxonomy":"product_tag","embeddable":true,"href":"https:\/\/muzeumfarmacji.eu\/pl\/wp-json\/wp\/v2\/product_tag?post=1733"}],"curies":[{"name":"wp","href":"https:\/\/api.w.org\/{rel}","templated":true}]}}