{"id":1734,"date":"2026-01-22T00:00:00","date_gmt":"2026-01-21T23:00:00","guid":{"rendered":"https:\/\/muzeumfarmacji.eu\/?post_type=product&#038;p=1734"},"modified":"2026-01-17T13:17:22","modified_gmt":"2026-01-17T12:17:22","slug":"koncert-choru-sybirakow-2","status":"publish","type":"product","link":"https:\/\/muzeumfarmacji.eu\/pl\/wydarzenia\/koncert-choru-sybirakow-2\/","title":{"rendered":"Koncert Ch\u00f3ru Sybirak\u00f3w"},"content":{"rendered":"<p>Zapraszamy na&nbsp;niezwykle wzruszaj\u0105ce spotkanie z&nbsp;Ch\u00f3rem Sybirak\u00f3w pod&nbsp;dyrekcj\u0105 Swiet\u0142any Nowakowskiej.<\/p>\n<p>W&nbsp;programie kol\u0119dy napisane przez&nbsp;Sybirak\u00f3w podczas zsy\u0142ki.<\/p>\n","protected":false},"excerpt":{"rendered":"<p>Ch\u00f3r Sybirak\u00f3w prowadzony przez&nbsp;pani\u0105 Swiet\u0142an\u0119 Nowakowsk\u0105 zaprasza na&nbsp;koncert kol\u0119d.<\/p>\n","protected":false},"featured_media":1735,"template":"","meta":{"_acf_changed":false},"product_brand":[],"product_cat":[23],"product_tag":[],"class_list":{"0":"post-1734","1":"product","2":"type-product","3":"status-publish","4":"has-post-thumbnail","6":"product_cat-wydarzenia","8":"first","9":"instock","10":"virtual","11":"sold-individually","12":"purchasable","13":"product-type-booking"},"acf":[],"_links":{"self":[{"href":"https:\/\/muzeumfarmacji.eu\/pl\/wp-json\/wp\/v2\/product\/1734","targetHints":{"allow":["GET"]}}],"collection":[{"href":"https:\/\/muzeumfarmacji.eu\/pl\/wp-json\/wp\/v2\/product"}],"about":[{"href":"https:\/\/muzeumfarmacji.eu\/pl\/wp-json\/wp\/v2\/types\/product"}],"wp:featuredmedia":[{"embeddable":true,"href":"https:\/\/muzeumfarmacji.eu\/pl\/wp-json\/wp\/v2\/media\/1735"}],"wp:attachment":[{"href":"https:\/\/muzeumfarmacji.eu\/pl\/wp-json\/wp\/v2\/media?parent=1734"}],"wp:term":[{"taxonomy":"product_brand","embeddable":true,"href":"https:\/\/muzeumfarmacji.eu\/pl\/wp-json\/wp\/v2\/product_brand?post=1734"},{"taxonomy":"product_cat","embeddable":true,"href":"https:\/\/muzeumfarmacji.eu\/pl\/wp-json\/wp\/v2\/product_cat?post=1734"},{"taxonomy":"product_tag","embeddable":true,"href":"https:\/\/muzeumfarmacji.eu\/pl\/wp-json\/wp\/v2\/product_tag?post=1734"}],"curies":[{"name":"wp","href":"https:\/\/api.w.org\/{rel}","templated":true}]}}