{"id":1738,"date":"2026-01-31T00:00:00","date_gmt":"2026-01-30T23:00:00","guid":{"rendered":"https:\/\/muzeumfarmacji.eu\/?post_type=product&#038;p=1738"},"modified":"2026-01-28T11:23:08","modified_gmt":"2026-01-28T10:23:08","slug":"spotkanie-autorskie-z-aleksandra-czajka-anyszka","status":"publish","type":"product","link":"https:\/\/muzeumfarmacji.eu\/pl\/wydarzenia\/spotkanie-autorskie-z-aleksandra-czajka-anyszka\/","title":{"rendered":"Spotkanie autorskie z&nbsp;Aleksandr\u0105 Czajk\u0105-Anyszk\u0105"},"content":{"rendered":"<p>Podczas spotkania odkryjemy kulisy pracy nad&nbsp;ksi\u0105\u017ck\u0105 \u201eMoc pisania\u201d, a&nbsp;tak\u017ce kulisy literackich debiut\u00f3w najpoczytniejszych polskich autor\u00f3w w&nbsp;tym Zygmunta Mi\u0142oszewskiego, Grzegorza Ksadepke, Joanny Bator czy&nbsp;Wojciecha Chmielarza. Jest to pierwsza\u00a0 ksi\u0105\u017cka\u00a0 dziennikarki Aleksandry Czajki-Anyszko, zawieraj\u0105ca osobiste\u00a0 rozmowy autorki z&nbsp;34 pisarzami.<\/p>\n<p><strong><em>Aleksandra Czajka-Anyszka<\/em><\/strong><\/p>\n<p>Absolwentka Uniwersytetu \u0141\u00f3dzkiego i&nbsp;Uniwersytetu Kardyna\u0142a Wyszy\u0144skiego w&nbsp;Warszawie. Dziennikarka, nauczycielka, pasjonatka literatury, dobrego kina, a&nbsp;tak\u017ce podr\u00f3\u017cy ma\u0142ych i&nbsp;du\u017cych.<\/p>\n","protected":false},"excerpt":{"rendered":"<p>Z&nbsp;jakimi wyzwaniami musieli zmierzy\u0107 si\u0119 lubiani i&nbsp;poczytni autorzy, dowiemy si\u0119 podczas spotkania z&nbsp;autork\u0105 ksi\u0105\u017cki &#8222;Moc pisania&#8221;<\/p>\n<p>&nbsp;<\/p>\n<p>&nbsp;<\/p>\n","protected":false},"featured_media":1739,"template":"","meta":{"_acf_changed":false},"product_brand":[],"product_cat":[23],"product_tag":[],"class_list":{"0":"post-1738","1":"product","2":"type-product","3":"status-publish","4":"has-post-thumbnail","6":"product_cat-wydarzenia","8":"first","9":"instock","10":"virtual","11":"sold-individually","12":"purchasable","13":"product-type-booking"},"acf":[],"_links":{"self":[{"href":"https:\/\/muzeumfarmacji.eu\/pl\/wp-json\/wp\/v2\/product\/1738","targetHints":{"allow":["GET"]}}],"collection":[{"href":"https:\/\/muzeumfarmacji.eu\/pl\/wp-json\/wp\/v2\/product"}],"about":[{"href":"https:\/\/muzeumfarmacji.eu\/pl\/wp-json\/wp\/v2\/types\/product"}],"wp:featuredmedia":[{"embeddable":true,"href":"https:\/\/muzeumfarmacji.eu\/pl\/wp-json\/wp\/v2\/media\/1739"}],"wp:attachment":[{"href":"https:\/\/muzeumfarmacji.eu\/pl\/wp-json\/wp\/v2\/media?parent=1738"}],"wp:term":[{"taxonomy":"product_brand","embeddable":true,"href":"https:\/\/muzeumfarmacji.eu\/pl\/wp-json\/wp\/v2\/product_brand?post=1738"},{"taxonomy":"product_cat","embeddable":true,"href":"https:\/\/muzeumfarmacji.eu\/pl\/wp-json\/wp\/v2\/product_cat?post=1738"},{"taxonomy":"product_tag","embeddable":true,"href":"https:\/\/muzeumfarmacji.eu\/pl\/wp-json\/wp\/v2\/product_tag?post=1738"}],"curies":[{"name":"wp","href":"https:\/\/api.w.org\/{rel}","templated":true}]}}