{"id":1781,"date":"2026-04-02T14:09:14","date_gmt":"2026-04-02T12:09:14","guid":{"rendered":"https:\/\/muzeumfarmacji.eu\/?post_type=product&#038;p=1781"},"modified":"2026-04-02T14:09:15","modified_gmt":"2026-04-02T12:09:15","slug":"wesolych-swiat-2","status":"publish","type":"product","link":"https:\/\/muzeumfarmacji.eu\/pl\/wydarzenia\/wesolych-swiat-2\/","title":{"rendered":"Weso\u0142ych \u015awi\u0105t"},"content":{"rendered":"<p>Zdrowych, Spokojnych i&nbsp;Radosnych \u015awi\u0105t Wielkanocnych sp\u0119dzonych w&nbsp;gronie rodzinnym bez trosk codziennego \u017cycia. Chwili wytchnienie i&nbsp;refleksji.<\/p>\n<p>\u017cyczy Dyrekcja i&nbsp;Pracownicy Muzeum.<\/p>\n","protected":false},"excerpt":{"rendered":"<p>Zdrowych, Spokojnych i&nbsp;Radosnych \u015awi\u0105t Wielkanocnych sp\u0119dzonych w&nbsp;gronie rodzinnym bez trosk codziennego \u017cycia. Chwili wytchnienie i&nbsp;refleksji. \u017cyczy Dyrekcja i&nbsp;Pracownicy Muzeum.<\/p>\n","protected":false},"featured_media":1784,"template":"","meta":{"_acf_changed":false},"product_brand":[],"product_cat":[30],"product_tag":[],"class_list":{"0":"post-1781","1":"product","2":"type-product","3":"status-publish","4":"has-post-thumbnail","6":"product_cat-events","8":"first","9":"instock","10":"virtual","11":"sold-individually","12":"purchasable","13":"product-type-booking"},"acf":[],"_links":{"self":[{"href":"https:\/\/muzeumfarmacji.eu\/pl\/wp-json\/wp\/v2\/product\/1781","targetHints":{"allow":["GET"]}}],"collection":[{"href":"https:\/\/muzeumfarmacji.eu\/pl\/wp-json\/wp\/v2\/product"}],"about":[{"href":"https:\/\/muzeumfarmacji.eu\/pl\/wp-json\/wp\/v2\/types\/product"}],"wp:featuredmedia":[{"embeddable":true,"href":"https:\/\/muzeumfarmacji.eu\/pl\/wp-json\/wp\/v2\/media\/1784"}],"wp:attachment":[{"href":"https:\/\/muzeumfarmacji.eu\/pl\/wp-json\/wp\/v2\/media?parent=1781"}],"wp:term":[{"taxonomy":"product_brand","embeddable":true,"href":"https:\/\/muzeumfarmacji.eu\/pl\/wp-json\/wp\/v2\/product_brand?post=1781"},{"taxonomy":"product_cat","embeddable":true,"href":"https:\/\/muzeumfarmacji.eu\/pl\/wp-json\/wp\/v2\/product_cat?post=1781"},{"taxonomy":"product_tag","embeddable":true,"href":"https:\/\/muzeumfarmacji.eu\/pl\/wp-json\/wp\/v2\/product_tag?post=1781"}],"curies":[{"name":"wp","href":"https:\/\/api.w.org\/{rel}","templated":true}]}}