{"id":1792,"date":"2026-04-15T14:22:45","date_gmt":"2026-04-15T12:22:45","guid":{"rendered":"https:\/\/muzeumfarmacji.eu\/?post_type=product&#038;p=1792"},"modified":"2026-04-15T14:29:14","modified_gmt":"2026-04-15T12:29:14","slug":"jestesmy-na-doz-maratonie-2026","status":"publish","type":"product","link":"https:\/\/muzeumfarmacji.eu\/pl\/wydarzenia\/jestesmy-na-doz-maratonie-2026\/","title":{"rendered":"Jeste\u015bmy na&nbsp;DOZ Maratonie 2026"},"content":{"rendered":"<p><span class=\"x193iq5w xeuugli x13faqbe x1vvkbs x1xmvt09 x1lliihq x1s928wv xhkezso x1gmr53x x1cpjm7i x1fgarty x1943h6x xudqn12 x3x7a5m x6prxxf xvq8zen xo1l8bm xzsf02u x1yc453h\" dir=\"auto\">Nasze Muzeum i&nbsp;ca\u0142a ekipa ju\u017c po&nbsp;raz drugi uczestniczy\u0142a w&nbsp;\u0142\u00f3dzkim DOZ Maratonie. Jak zawsze by\u0142o to wspania\u0142e do\u015bwiadczenie. Dzi\u0119ki przygotowanym atrakcjom (Quiz farmaceutyczny, konkurs perfumeryjny, a&nbsp;tak\u017ce mo\u017cliwo\u015b\u0107 wykonania swojej w\u0142asnej kapsu\u0142ki i&nbsp;poznawanie zi\u00f3\u0142 leczniczych) ka\u017cdy odwiedzaj\u0105cy nasze stoisko znalaz\u0142 co\u015b dla&nbsp;siebie. Go\u015bcili\u015bmy dzieci i&nbsp;m\u0142odzie\u017c i&nbsp;oczywi\u015bcie senior\u00f3w. Zapraszamy za&nbsp;rok na&nbsp;kolejny DOZ Maraton, a&nbsp;tymczasem od wtorku do&nbsp;soboty ch\u0119tnie oprowadzimy Pa\u0144stwa po&nbsp;naszym Muzeum.<\/span><\/p>\n<p>&nbsp;<\/p>\n<p><img loading=\"lazy\" decoding=\"async\" class=\"alignnone size-medium wp-image-1798\" src=\"https:\/\/muzeumfarmacji.eu\/wp-content\/uploads\/2026\/04\/ziolka2-300x225.jpg\" alt=\"\" width=\"300\" height=\"225\" srcset=\"https:\/\/muzeumfarmacji.eu\/wp-content\/uploads\/2026\/04\/ziolka2-300x225.jpg 300w, https:\/\/muzeumfarmacji.eu\/wp-content\/uploads\/2026\/04\/ziolka2-1024x768.jpg 1024w, https:\/\/muzeumfarmacji.eu\/wp-content\/uploads\/2026\/04\/ziolka2-768x576.jpg 768w, https:\/\/muzeumfarmacji.eu\/wp-content\/uploads\/2026\/04\/ziolka2-1536x1152.jpg 1536w, https:\/\/muzeumfarmacji.eu\/wp-content\/uploads\/2026\/04\/ziolka2-500x375.jpg 500w, https:\/\/muzeumfarmacji.eu\/wp-content\/uploads\/2026\/04\/ziolka2-800x600.jpg 800w, https:\/\/muzeumfarmacji.eu\/wp-content\/uploads\/2026\/04\/ziolka2.jpg 1920w\" sizes=\"auto, (max-width: 300px) 100vw, 300px\" \/> <img loading=\"lazy\" decoding=\"async\" class=\"alignnone size-medium wp-image-1800\" src=\"https:\/\/muzeumfarmacji.eu\/wp-content\/uploads\/2026\/04\/perfumy2-300x225.jpg\" alt=\"\" width=\"300\" height=\"225\" srcset=\"https:\/\/muzeumfarmacji.eu\/wp-content\/uploads\/2026\/04\/perfumy2-300x225.jpg 300w, https:\/\/muzeumfarmacji.eu\/wp-content\/uploads\/2026\/04\/perfumy2-1024x768.jpg 1024w, https:\/\/muzeumfarmacji.eu\/wp-content\/uploads\/2026\/04\/perfumy2-768x576.jpg 768w, https:\/\/muzeumfarmacji.eu\/wp-content\/uploads\/2026\/04\/perfumy2-1536x1152.jpg 1536w, https:\/\/muzeumfarmacji.eu\/wp-content\/uploads\/2026\/04\/perfumy2-scaled.jpg 2048w, https:\/\/muzeumfarmacji.eu\/wp-content\/uploads\/2026\/04\/perfumy2-500x375.jpg 500w, https:\/\/muzeumfarmacji.eu\/wp-content\/uploads\/2026\/04\/perfumy2-800x600.jpg 800w\" sizes=\"auto, (max-width: 300px) 100vw, 300px\" \/><\/p>\n<p><img loading=\"lazy\" decoding=\"async\" class=\"alignnone size-medium wp-image-1802\" src=\"https:\/\/muzeumfarmacji.eu\/wp-content\/uploads\/2026\/04\/ludzie-300x225.jpg\" alt=\"\" width=\"300\" height=\"225\" srcset=\"https:\/\/muzeumfarmacji.eu\/wp-content\/uploads\/2026\/04\/ludzie-300x225.jpg 300w, https:\/\/muzeumfarmacji.eu\/wp-content\/uploads\/2026\/04\/ludzie-1024x768.jpg 1024w, https:\/\/muzeumfarmacji.eu\/wp-content\/uploads\/2026\/04\/ludzie-768x576.jpg 768w, https:\/\/muzeumfarmacji.eu\/wp-content\/uploads\/2026\/04\/ludzie-1536x1152.jpg 1536w, https:\/\/muzeumfarmacji.eu\/wp-content\/uploads\/2026\/04\/ludzie-500x375.jpg 500w, https:\/\/muzeumfarmacji.eu\/wp-content\/uploads\/2026\/04\/ludzie-800x600.jpg 800w, https:\/\/muzeumfarmacji.eu\/wp-content\/uploads\/2026\/04\/ludzie.jpg 2048w\" sizes=\"auto, (max-width: 300px) 100vw, 300px\" \/><img loading=\"lazy\" decoding=\"async\" class=\"alignnone size-medium wp-image-1804\" src=\"https:\/\/muzeumfarmacji.eu\/wp-content\/uploads\/2026\/04\/2-300x225.jpeg\" alt=\"\" width=\"300\" height=\"225\" srcset=\"https:\/\/muzeumfarmacji.eu\/wp-content\/uploads\/2026\/04\/2-300x225.jpeg 300w, https:\/\/muzeumfarmacji.eu\/wp-content\/uploads\/2026\/04\/2-1024x768.jpeg 1024w, https:\/\/muzeumfarmacji.eu\/wp-content\/uploads\/2026\/04\/2-768x576.jpeg 768w, https:\/\/muzeumfarmacji.eu\/wp-content\/uploads\/2026\/04\/2-1536x1152.jpeg 1536w, https:\/\/muzeumfarmacji.eu\/wp-content\/uploads\/2026\/04\/2-scaled.jpeg 2048w, https:\/\/muzeumfarmacji.eu\/wp-content\/uploads\/2026\/04\/2-500x375.jpeg 500w, https:\/\/muzeumfarmacji.eu\/wp-content\/uploads\/2026\/04\/2-800x600.jpeg 800w\" sizes=\"auto, (max-width: 300px) 100vw, 300px\" \/><\/p>\n","protected":false},"excerpt":{"rendered":"<p>Muzeum na&nbsp;Maratonie. To&nbsp;jest&nbsp;to. Dwa dni intensywnych spotka\u0144 i&nbsp;rozm\u00f3w. Mamy nadziej\u0119, \u017ce&nbsp;zainteresowali\u015bmy Go\u015bci naszego stoiska.<\/p>\n","protected":false},"featured_media":1795,"template":"","meta":{"_acf_changed":false},"product_brand":[],"product_cat":[23],"product_tag":[],"class_list":{"0":"post-1792","1":"product","2":"type-product","3":"status-publish","4":"has-post-thumbnail","6":"product_cat-wydarzenia","8":"first","9":"instock","10":"virtual","11":"sold-individually","12":"purchasable","13":"product-type-booking"},"acf":[],"_links":{"self":[{"href":"https:\/\/muzeumfarmacji.eu\/pl\/wp-json\/wp\/v2\/product\/1792","targetHints":{"allow":["GET"]}}],"collection":[{"href":"https:\/\/muzeumfarmacji.eu\/pl\/wp-json\/wp\/v2\/product"}],"about":[{"href":"https:\/\/muzeumfarmacji.eu\/pl\/wp-json\/wp\/v2\/types\/product"}],"wp:featuredmedia":[{"embeddable":true,"href":"https:\/\/muzeumfarmacji.eu\/pl\/wp-json\/wp\/v2\/media\/1795"}],"wp:attachment":[{"href":"https:\/\/muzeumfarmacji.eu\/pl\/wp-json\/wp\/v2\/media?parent=1792"}],"wp:term":[{"taxonomy":"product_brand","embeddable":true,"href":"https:\/\/muzeumfarmacji.eu\/pl\/wp-json\/wp\/v2\/product_brand?post=1792"},{"taxonomy":"product_cat","embeddable":true,"href":"https:\/\/muzeumfarmacji.eu\/pl\/wp-json\/wp\/v2\/product_cat?post=1792"},{"taxonomy":"product_tag","embeddable":true,"href":"https:\/\/muzeumfarmacji.eu\/pl\/wp-json\/wp\/v2\/product_tag?post=1792"}],"curies":[{"name":"wp","href":"https:\/\/api.w.org\/{rel}","templated":true}]}}