{"id":1821,"date":"2026-05-06T12:37:14","date_gmt":"2026-05-06T10:37:14","guid":{"rendered":"https:\/\/muzeumfarmacji.eu\/?post_type=product&#038;p=1821"},"modified":"2026-05-06T12:37:15","modified_gmt":"2026-05-06T10:37:15","slug":"noc-muzeow-2026","status":"publish","type":"product","link":"https:\/\/muzeumfarmacji.eu\/pl\/wydarzenia\/noc-muzeow-2026\/","title":{"rendered":"NOC MUZE\u00d3W 2026"},"content":{"rendered":"<div class=\"xdj266r x14z9mp xat24cr x1lziwak x1vvkbs x126k92a\">\n<div dir=\"auto\">Tegoroczna NOC MUZE\u00d3W ju\u017c 16 maja. Zapraszamy do&nbsp;naszego Muzeum w&nbsp;godz. 18:00-23:30.<\/div>\n<div dir=\"auto\"><\/div>\n<div dir=\"auto\">B\u0119dzie mo\u017cna nie tylko zwiedzi\u0107 sta\u0142\u0105 ekspozycj\u0119 po\u015bwi\u0119con\u0105 historii XIX wiecznego aptekarstwa, ale&nbsp;r\u00f3wnie\u017c wzi\u0105\u0107 udzia\u0142 w&nbsp;ciekawych konkursach. Ka\u017cdy ch\u0119tny b\u0119dzie te\u017c m\u00f3g\u0142 wykona\u0107 pami\u0105tkow\u0105 zio\u0142ow\u0105 kapsu\u0142k\u0119.<\/div>\n<div dir=\"auto\"><\/div>\n<\/div>\n<div class=\"x14z9mp xat24cr x1lziwak x1vvkbs xtlvy1s x126k92a\">\n<div dir=\"auto\">Do&nbsp;zobaczenia!<\/div>\n<\/div>\n","protected":false},"excerpt":{"rendered":"<p>Jedyna taka NOC\u00a0 w&nbsp;roku przypada 16 maja. Warto p\u00f3j\u015b\u0107 p\u00f3\u017aniej spa\u0107.<\/p>\n","protected":false},"featured_media":1822,"template":"","meta":{"_acf_changed":false},"product_brand":[],"product_cat":[30],"product_tag":[],"class_list":{"0":"post-1821","1":"product","2":"type-product","3":"status-publish","4":"has-post-thumbnail","6":"product_cat-events","8":"first","9":"instock","10":"virtual","11":"sold-individually","12":"purchasable","13":"product-type-booking"},"acf":[],"_links":{"self":[{"href":"https:\/\/muzeumfarmacji.eu\/pl\/wp-json\/wp\/v2\/product\/1821","targetHints":{"allow":["GET"]}}],"collection":[{"href":"https:\/\/muzeumfarmacji.eu\/pl\/wp-json\/wp\/v2\/product"}],"about":[{"href":"https:\/\/muzeumfarmacji.eu\/pl\/wp-json\/wp\/v2\/types\/product"}],"wp:featuredmedia":[{"embeddable":true,"href":"https:\/\/muzeumfarmacji.eu\/pl\/wp-json\/wp\/v2\/media\/1822"}],"wp:attachment":[{"href":"https:\/\/muzeumfarmacji.eu\/pl\/wp-json\/wp\/v2\/media?parent=1821"}],"wp:term":[{"taxonomy":"product_brand","embeddable":true,"href":"https:\/\/muzeumfarmacji.eu\/pl\/wp-json\/wp\/v2\/product_brand?post=1821"},{"taxonomy":"product_cat","embeddable":true,"href":"https:\/\/muzeumfarmacji.eu\/pl\/wp-json\/wp\/v2\/product_cat?post=1821"},{"taxonomy":"product_tag","embeddable":true,"href":"https:\/\/muzeumfarmacji.eu\/pl\/wp-json\/wp\/v2\/product_tag?post=1821"}],"curies":[{"name":"wp","href":"https:\/\/api.w.org\/{rel}","templated":true}]}}