{"id":558,"date":"2025-01-10T20:10:16","date_gmt":"2025-01-10T19:10:16","guid":{"rendered":"https:\/\/ssgcsmdaqa.cfolks.pl\/muzeum\/?post_type=product&#038;p=558"},"modified":"2025-05-09T09:10:06","modified_gmt":"2025-05-09T07:10:06","slug":"niecodzienna-wizyta-xix-wiecznego-dawnego-fabrykanta","status":"publish","type":"product","link":"https:\/\/muzeumfarmacji.eu\/pl\/wydarzenia\/niecodzienna-wizyta-xix-wiecznego-dawnego-fabrykanta\/","title":{"rendered":"Niecodzienna wizyta XIX wiecznego dawnego fabrykanta"},"content":{"rendered":"<p>Muzeum odwiedzi\u0142a grupa go\u015bci, kt\u00f3rej przewodniczy\u0142 Karol Scheibler vel Jan Czemerski. Tutaj dowiedzieli si\u0119 o&nbsp;historii \u0141odzi oraz&nbsp;o&nbsp;historii farmacji w&nbsp;tym kto m\u00f3g\u0142 prowadzi\u0107 aptek\u0119 w&nbsp;mie\u015bcie i&nbsp;na wsi. Jakie dodatkowe us\u0142ugi \u015bwiadczy\u0142a apteka w&nbsp;XIX w., aby&nbsp;zwi\u0119kszy\u0107 sw\u00f3j biznes.<\/p>\n","protected":false},"excerpt":{"rendered":"<p class=\"p1\">Muzeum cz\u0119sto uczestniczy w&nbsp;grach terenowych i<span class=\"Apple-converted-space\">\u00a0 <\/span>eventach organizowanych przez&nbsp;r\u00f3\u017cne instytucje. Tak by\u0142o i&nbsp;tym razem.<\/p>\n","protected":false},"featured_media":561,"template":"","meta":{"_acf_changed":false},"product_brand":[],"product_cat":[23],"product_tag":[],"class_list":{"0":"post-558","1":"product","2":"type-product","3":"status-publish","4":"has-post-thumbnail","6":"product_cat-wydarzenia","8":"first","9":"instock","10":"virtual","11":"sold-individually","12":"purchasable","13":"product-type-booking"},"acf":[],"_links":{"self":[{"href":"https:\/\/muzeumfarmacji.eu\/pl\/wp-json\/wp\/v2\/product\/558","targetHints":{"allow":["GET"]}}],"collection":[{"href":"https:\/\/muzeumfarmacji.eu\/pl\/wp-json\/wp\/v2\/product"}],"about":[{"href":"https:\/\/muzeumfarmacji.eu\/pl\/wp-json\/wp\/v2\/types\/product"}],"wp:featuredmedia":[{"embeddable":true,"href":"https:\/\/muzeumfarmacji.eu\/pl\/wp-json\/wp\/v2\/media\/561"}],"wp:attachment":[{"href":"https:\/\/muzeumfarmacji.eu\/pl\/wp-json\/wp\/v2\/media?parent=558"}],"wp:term":[{"taxonomy":"product_brand","embeddable":true,"href":"https:\/\/muzeumfarmacji.eu\/pl\/wp-json\/wp\/v2\/product_brand?post=558"},{"taxonomy":"product_cat","embeddable":true,"href":"https:\/\/muzeumfarmacji.eu\/pl\/wp-json\/wp\/v2\/product_cat?post=558"},{"taxonomy":"product_tag","embeddable":true,"href":"https:\/\/muzeumfarmacji.eu\/pl\/wp-json\/wp\/v2\/product_tag?post=558"}],"curies":[{"name":"wp","href":"https:\/\/api.w.org\/{rel}","templated":true}]}}