{"id":564,"date":"2024-12-12T21:00:26","date_gmt":"2024-12-12T20:00:26","guid":{"rendered":"https:\/\/ssgcsmdaqa.cfolks.pl\/muzeum\/?post_type=product&#038;p=564"},"modified":"2025-02-04T11:52:36","modified_gmt":"2025-02-04T10:52:36","slug":"koncert-choru-sybirakow","status":"publish","type":"product","link":"https:\/\/muzeumfarmacji.eu\/pl\/wydarzenia\/koncert-choru-sybirakow\/","title":{"rendered":"Koncert Ch\u00f3ru Sybirak\u00f3w"},"content":{"rendered":"<p>W&nbsp;programie znalaz\u0142y si\u0119 kol\u0119dy powsta\u0142e na&nbsp;zsy\u0142ce z&nbsp;dala od domu. Pie\u015bni mimo zakazu w\u0142adz wykonywane by\u0142y w&nbsp;prywatnych domach dzi\u0119ki czemu cho\u0107&nbsp;przez chwil\u0119<span class=\"Apple-converted-space\">\u00a0 <\/span>Polacy wywiezieni do&nbsp;Kazachstanu, czy&nbsp;Syberii w&nbsp;latach 1940- 1942 mogli poczu\u0107 si\u0119 jak w&nbsp;umi\u0142owanej Ojczy\u017anie. Dyrygentem i&nbsp;akompaniatorem jest Swiet\u0142ana Niewiadomska.<\/p>\n","protected":false},"excerpt":{"rendered":"<p class=\"p1\">Od lat przed \u015bwi\u0119tami Muzeum go\u015bci w&nbsp;swoich murach Ch\u00f3r Sybirak\u00f3w. R\u00f3wnie\u017c w&nbsp;tym roku uczestnicy spotkania wys\u0142uchali koncertu kol\u0119d.<\/p>\n","protected":false},"featured_media":565,"template":"","meta":{"_acf_changed":false},"product_brand":[],"product_cat":[23],"product_tag":[],"class_list":{"0":"post-564","1":"product","2":"type-product","3":"status-publish","4":"has-post-thumbnail","6":"product_cat-wydarzenia","8":"first","9":"instock","10":"virtual","11":"sold-individually","12":"purchasable","13":"product-type-booking"},"acf":[],"_links":{"self":[{"href":"https:\/\/muzeumfarmacji.eu\/pl\/wp-json\/wp\/v2\/product\/564","targetHints":{"allow":["GET"]}}],"collection":[{"href":"https:\/\/muzeumfarmacji.eu\/pl\/wp-json\/wp\/v2\/product"}],"about":[{"href":"https:\/\/muzeumfarmacji.eu\/pl\/wp-json\/wp\/v2\/types\/product"}],"wp:featuredmedia":[{"embeddable":true,"href":"https:\/\/muzeumfarmacji.eu\/pl\/wp-json\/wp\/v2\/media\/565"}],"wp:attachment":[{"href":"https:\/\/muzeumfarmacji.eu\/pl\/wp-json\/wp\/v2\/media?parent=564"}],"wp:term":[{"taxonomy":"product_brand","embeddable":true,"href":"https:\/\/muzeumfarmacji.eu\/pl\/wp-json\/wp\/v2\/product_brand?post=564"},{"taxonomy":"product_cat","embeddable":true,"href":"https:\/\/muzeumfarmacji.eu\/pl\/wp-json\/wp\/v2\/product_cat?post=564"},{"taxonomy":"product_tag","embeddable":true,"href":"https:\/\/muzeumfarmacji.eu\/pl\/wp-json\/wp\/v2\/product_tag?post=564"}],"curies":[{"name":"wp","href":"https:\/\/api.w.org\/{rel}","templated":true}]}}