{"id":567,"date":"2024-10-28T21:02:27","date_gmt":"2024-10-28T20:02:27","guid":{"rendered":"https:\/\/ssgcsmdaqa.cfolks.pl\/muzeum\/?post_type=product&#038;p=567"},"modified":"2025-02-04T11:52:23","modified_gmt":"2025-02-04T10:52:23","slug":"wyklad-dr-lukasza-pigonskiego-na-konferencji-doz-fundacji-dbam-o-zdrowie-na-akademii-humanistyczno-ekonomicznej-w-lodzi","status":"publish","type":"product","link":"https:\/\/muzeumfarmacji.eu\/pl\/wydarzenia\/wyklad-dr-lukasza-pigonskiego-na-konferencji-doz-fundacji-dbam-o-zdrowie-na-akademii-humanistyczno-ekonomicznej-w-lodzi\/","title":{"rendered":"Wyk\u0142ad dr \u0141ukasza Pigo\u0144skiego na&nbsp;konferencji DOZ Fundacji dbam o&nbsp;zdrowie na&nbsp;Akademii Humanistyczno-Ekonomicznej w&nbsp;\u0141odzi"},"content":{"rendered":"<p class=\"p1\">W&nbsp;dniu 28.10.2024 r. na&nbsp;Akademii Humanistyczno-Ekonomicznej w&nbsp;\u0141odzi odby\u0142a si\u0119 konferencja DOZ Fundacji, na&nbsp;kt\u00f3rej wyst\u0105pi\u0142 Dyrektor Muzeum Farmacji im. prof.&nbsp;Jana Muszy\u0144skiego, dr \u0141ukasz Pigo\u0144ski. Go\u015bcie wys\u0142uchali wyk\u0142adu, pod&nbsp;tytu\u0142em \u201c<i>\u015aladem Kosmy i&nbsp;Damiana \u2013 sztuka medyczna i&nbsp;farmacja w&nbsp;p\u00f3\u017anym antyku\u201d,<\/i> po\u015bwi\u0119conego medycynie w&nbsp;staro\u017cytno\u015bci.<\/p>\n","protected":false},"excerpt":{"rendered":"<p>\u201c\u015aladem Kosmy i&nbsp;Damiana \u2013 sztuka medyczna i&nbsp;farmacja w&nbsp;p\u00f3\u017anym antyku\u201d<\/p>\n","protected":false},"featured_media":570,"template":"","meta":{"_acf_changed":false},"product_brand":[],"product_cat":[23],"product_tag":[],"class_list":{"0":"post-567","1":"product","2":"type-product","3":"status-publish","4":"has-post-thumbnail","6":"product_cat-wydarzenia","8":"first","9":"instock","10":"virtual","11":"sold-individually","12":"purchasable","13":"product-type-booking"},"acf":[],"_links":{"self":[{"href":"https:\/\/muzeumfarmacji.eu\/pl\/wp-json\/wp\/v2\/product\/567","targetHints":{"allow":["GET"]}}],"collection":[{"href":"https:\/\/muzeumfarmacji.eu\/pl\/wp-json\/wp\/v2\/product"}],"about":[{"href":"https:\/\/muzeumfarmacji.eu\/pl\/wp-json\/wp\/v2\/types\/product"}],"wp:featuredmedia":[{"embeddable":true,"href":"https:\/\/muzeumfarmacji.eu\/pl\/wp-json\/wp\/v2\/media\/570"}],"wp:attachment":[{"href":"https:\/\/muzeumfarmacji.eu\/pl\/wp-json\/wp\/v2\/media?parent=567"}],"wp:term":[{"taxonomy":"product_brand","embeddable":true,"href":"https:\/\/muzeumfarmacji.eu\/pl\/wp-json\/wp\/v2\/product_brand?post=567"},{"taxonomy":"product_cat","embeddable":true,"href":"https:\/\/muzeumfarmacji.eu\/pl\/wp-json\/wp\/v2\/product_cat?post=567"},{"taxonomy":"product_tag","embeddable":true,"href":"https:\/\/muzeumfarmacji.eu\/pl\/wp-json\/wp\/v2\/product_tag?post=567"}],"curies":[{"name":"wp","href":"https:\/\/api.w.org\/{rel}","templated":true}]}}