{"id":575,"date":"2024-10-24T21:15:40","date_gmt":"2024-10-24T19:15:40","guid":{"rendered":"https:\/\/ssgcsmdaqa.cfolks.pl\/muzeum\/?post_type=product&#038;p=575"},"modified":"2025-03-10T07:57:42","modified_gmt":"2025-03-10T06:57:42","slug":"wyklad-dr-lukasza-pigonskiego-sladem-kosmy-i-damiana-sztuka-medyczna-i-farmacja-w-poznym-antyku-dla-hospicjum","status":"publish","type":"product","link":"https:\/\/muzeumfarmacji.eu\/pl\/wydarzenia\/wyklad-dr-lukasza-pigonskiego-sladem-kosmy-i-damiana-sztuka-medyczna-i-farmacja-w-poznym-antyku-dla-hospicjum\/","title":{"rendered":"Wyk\u0142ad dr \u0141ukasza Pigo\u0144skiego \u201c\u015aladem Kosmy i&nbsp;Damiana \u2013 sztuka medyczna i&nbsp;farmacja w&nbsp;p\u00f3\u017anym antyku\u201d dla&nbsp;Hospicjum"},"content":{"rendered":"<p class=\"p1\">Dnia 24.10.2024 r., wolontariusze Zespo\u0142u Domowej Opieki Hospicyjnej wys\u0142uchali wyk\u0142adu dr \u0141ukasza Pigo\u0144skiego, Dyrektora Muzeum Farmacji im. prof.&nbsp;Jana Muszy\u0144skiego, pod&nbsp;tytu\u0142em \u201c<i>\u015aladem Kosmy i&nbsp;Damiana \u2013 sztuka medyczna i&nbsp;farmacja w&nbsp;p\u00f3\u017anym antyku\u201d<\/i>, omawiaj\u0105cego r\u00f3\u017cnorodne praktyki lecznicze stosowane w&nbsp;staro\u017cytno\u015bci.<\/p>\n","protected":false},"excerpt":{"rendered":"<p>Dnia 24.10.2024 r., wolontariusze Zespo\u0142u Domowej Opieki Hospicyjnej wys\u0142uchali wyk\u0142adu dr \u0141ukasza Pigo\u0144skiego, Dyrektora Muzeum Farmacji im. prof.&nbsp;Jana Muszy\u0144skiego, pod&nbsp;tytu\u0142em \u201c\u015aladem Kosmy i&nbsp;Damiana \u2013 sztuka medyczna i&nbsp;farmacja w&nbsp;p\u00f3\u017anym antyku\u201d, omawiaj\u0105cego r\u00f3\u017cnorodne praktyki lecznicze stosowane w&nbsp;staro\u017cytno\u015bci.<\/p>\n","protected":false},"featured_media":576,"template":"","meta":{"_acf_changed":false},"product_brand":[],"product_cat":[23],"product_tag":[],"class_list":{"0":"post-575","1":"product","2":"type-product","3":"status-publish","4":"has-post-thumbnail","6":"product_cat-wydarzenia","8":"first","9":"instock","10":"virtual","11":"sold-individually","12":"purchasable","13":"product-type-booking"},"acf":[],"_links":{"self":[{"href":"https:\/\/muzeumfarmacji.eu\/pl\/wp-json\/wp\/v2\/product\/575","targetHints":{"allow":["GET"]}}],"collection":[{"href":"https:\/\/muzeumfarmacji.eu\/pl\/wp-json\/wp\/v2\/product"}],"about":[{"href":"https:\/\/muzeumfarmacji.eu\/pl\/wp-json\/wp\/v2\/types\/product"}],"wp:featuredmedia":[{"embeddable":true,"href":"https:\/\/muzeumfarmacji.eu\/pl\/wp-json\/wp\/v2\/media\/576"}],"wp:attachment":[{"href":"https:\/\/muzeumfarmacji.eu\/pl\/wp-json\/wp\/v2\/media?parent=575"}],"wp:term":[{"taxonomy":"product_brand","embeddable":true,"href":"https:\/\/muzeumfarmacji.eu\/pl\/wp-json\/wp\/v2\/product_brand?post=575"},{"taxonomy":"product_cat","embeddable":true,"href":"https:\/\/muzeumfarmacji.eu\/pl\/wp-json\/wp\/v2\/product_cat?post=575"},{"taxonomy":"product_tag","embeddable":true,"href":"https:\/\/muzeumfarmacji.eu\/pl\/wp-json\/wp\/v2\/product_tag?post=575"}],"curies":[{"name":"wp","href":"https:\/\/api.w.org\/{rel}","templated":true}]}}