{"id":579,"date":"2024-09-26T21:21:32","date_gmt":"2024-09-26T19:21:32","guid":{"rendered":"https:\/\/ssgcsmdaqa.cfolks.pl\/muzeum\/?post_type=product&#038;p=579"},"modified":"2025-03-10T07:58:39","modified_gmt":"2025-03-10T06:58:39","slug":"spotkanie-z-okazji-dnia-aptekarza-w-muzeum-farmacji","status":"publish","type":"product","link":"https:\/\/muzeumfarmacji.eu\/pl\/wydarzenia\/spotkanie-z-okazji-dnia-aptekarza-w-muzeum-farmacji\/","title":{"rendered":"Spotkanie z&nbsp;okazji Dnia Aptekarza w&nbsp;Muzeum Farmacji"},"content":{"rendered":"<p class=\"p1\">26 wrze\u015bnia obchodzony jest Dzie\u0144 Aptekarza \u2013 data ta zwi\u0105zana jest ze \u015bwi\u0119tem patron\u00f3w farmaceut\u00f3w \u2013 Kosmy i&nbsp;Damiana, medyk\u00f3w z&nbsp;IV wieku n.e. \u015awi\u0119towanie nie omin\u0119\u0142o Muzeum Farmacji im. prof.&nbsp;Jana Muszy\u0144skiego, kt\u00f3re go\u015bci\u0142o przedstawicieli Okr\u0119gowej Rady Aptekarskiej w&nbsp;\u0141odzi i&nbsp;\u0142\u00f3dzkiego Wydzia\u0142u Farmacji oraz&nbsp;cz\u0142onk\u00f3w Katolickiego Stowarzyszenia Farmaceut\u00f3w. Uczestnicy wydarzenia, poza zwiedzaniem Muzeum, wys\u0142uchali wyk\u0142adu Dyrektora plac\u00f3wki, dr \u0141ukasza Pigo\u0144skiego, pod&nbsp;tytu\u0142em &#8222;<i>\u015aladem Kosmy i&nbsp;Damiana \u2013 sztuka medyczna i&nbsp;farmacja w&nbsp;p\u00f3\u017anym antyku&#8221;<\/i>.<\/p>\n","protected":false},"excerpt":{"rendered":"<p>26 wrze\u015bnia obchodzony jest Dzie\u0144 Aptekarza \u2013 data ta zwi\u0105zana jest ze \u015bwi\u0119tem patron\u00f3w farmaceut\u00f3w \u2013 Kosmy i&nbsp;Damiana, medyk\u00f3w z&nbsp;IV wieku n.e. \u015awi\u0119towanie nie omin\u0119\u0142o Muzeum Farmacji im. prof.&nbsp;Jana Muszy\u0144skiego, kt\u00f3re go\u015bci\u0142o przedstawicieli Okr\u0119gowej Rady Aptekarskiej w&nbsp;\u0141odzi i&nbsp;\u0142\u00f3dzkiego Wydzia\u0142u Farmacji oraz&nbsp;cz\u0142onk\u00f3w Katolickiego Stowarzyszenia Farmaceut\u00f3w. Uczestnicy wydarzenia, poza zwiedzaniem Muzeum, wys\u0142uchali wyk\u0142adu Dyrektora plac\u00f3wki, dr \u0141ukasza [&hellip;]<\/p>\n","protected":false},"featured_media":580,"template":"","meta":{"_acf_changed":false},"product_brand":[],"product_cat":[23],"product_tag":[],"class_list":{"0":"post-579","1":"product","2":"type-product","3":"status-publish","4":"has-post-thumbnail","6":"product_cat-wydarzenia","8":"first","9":"instock","10":"virtual","11":"sold-individually","12":"purchasable","13":"product-type-booking"},"acf":[],"_links":{"self":[{"href":"https:\/\/muzeumfarmacji.eu\/pl\/wp-json\/wp\/v2\/product\/579","targetHints":{"allow":["GET"]}}],"collection":[{"href":"https:\/\/muzeumfarmacji.eu\/pl\/wp-json\/wp\/v2\/product"}],"about":[{"href":"https:\/\/muzeumfarmacji.eu\/pl\/wp-json\/wp\/v2\/types\/product"}],"wp:featuredmedia":[{"embeddable":true,"href":"https:\/\/muzeumfarmacji.eu\/pl\/wp-json\/wp\/v2\/media\/580"}],"wp:attachment":[{"href":"https:\/\/muzeumfarmacji.eu\/pl\/wp-json\/wp\/v2\/media?parent=579"}],"wp:term":[{"taxonomy":"product_brand","embeddable":true,"href":"https:\/\/muzeumfarmacji.eu\/pl\/wp-json\/wp\/v2\/product_brand?post=579"},{"taxonomy":"product_cat","embeddable":true,"href":"https:\/\/muzeumfarmacji.eu\/pl\/wp-json\/wp\/v2\/product_cat?post=579"},{"taxonomy":"product_tag","embeddable":true,"href":"https:\/\/muzeumfarmacji.eu\/pl\/wp-json\/wp\/v2\/product_tag?post=579"}],"curies":[{"name":"wp","href":"https:\/\/api.w.org\/{rel}","templated":true}]}}