{"id":582,"date":"2024-09-20T21:22:49","date_gmt":"2024-09-20T19:22:49","guid":{"rendered":"https:\/\/ssgcsmdaqa.cfolks.pl\/muzeum\/?post_type=product&#038;p=582"},"modified":"2025-02-04T11:51:05","modified_gmt":"2025-02-04T10:51:05","slug":"gra-terenowa-iv-liceum-ogolnoksztalcacego-w-lodzi","status":"publish","type":"product","link":"https:\/\/muzeumfarmacji.eu\/pl\/wydarzenia\/gra-terenowa-iv-liceum-ogolnoksztalcacego-w-lodzi\/","title":{"rendered":"Gra terenowa IV Liceum Og\u00f3lnokszta\u0142c\u0105cego w&nbsp;\u0141odzi"},"content":{"rendered":"<p class=\"p2\">M\u0142odzie\u017c, pracuj\u0105ca w&nbsp;grupach, mia\u0142a za&nbsp;zadanie rozwi\u0105za\u0107 zagadk\u0119 na&nbsp;terenie Muzeum, za&nbsp;kt\u00f3r\u0105 by\u0142a nagradzana punktami. Gra rozwija\u0142a u&nbsp;pierwszoklasist\u00f3w umiej\u0119tno\u015bci kooperacji oraz&nbsp;zaszczepi\u0142a zainteresowanie dawn\u0105 farmacj\u0105 i&nbsp;muzealnictwem.<\/p>\n","protected":false},"excerpt":{"rendered":"<p>20 wrze\u015bnia Muzeum Farmacji wzi\u0119\u0142o udzia\u0142 w&nbsp;integracyjnej grze terenowej, organizowanej dla&nbsp;pierwszoklasist\u00f3w IV Liceum Og\u00f3lnokszta\u0142c\u0105cego im. Emilii Sczanieckiej w&nbsp;\u0141odzi.<\/p>\n","protected":false},"featured_media":0,"template":"","meta":{"_acf_changed":false},"product_brand":[],"product_cat":[23],"product_tag":[],"class_list":{"0":"post-582","1":"product","2":"type-product","3":"status-publish","5":"product_cat-wydarzenia","7":"first","8":"instock","9":"virtual","10":"sold-individually","11":"purchasable","12":"product-type-booking"},"acf":[],"_links":{"self":[{"href":"https:\/\/muzeumfarmacji.eu\/pl\/wp-json\/wp\/v2\/product\/582","targetHints":{"allow":["GET"]}}],"collection":[{"href":"https:\/\/muzeumfarmacji.eu\/pl\/wp-json\/wp\/v2\/product"}],"about":[{"href":"https:\/\/muzeumfarmacji.eu\/pl\/wp-json\/wp\/v2\/types\/product"}],"wp:attachment":[{"href":"https:\/\/muzeumfarmacji.eu\/pl\/wp-json\/wp\/v2\/media?parent=582"}],"wp:term":[{"taxonomy":"product_brand","embeddable":true,"href":"https:\/\/muzeumfarmacji.eu\/pl\/wp-json\/wp\/v2\/product_brand?post=582"},{"taxonomy":"product_cat","embeddable":true,"href":"https:\/\/muzeumfarmacji.eu\/pl\/wp-json\/wp\/v2\/product_cat?post=582"},{"taxonomy":"product_tag","embeddable":true,"href":"https:\/\/muzeumfarmacji.eu\/pl\/wp-json\/wp\/v2\/product_tag?post=582"}],"curies":[{"name":"wp","href":"https:\/\/api.w.org\/{rel}","templated":true}]}}