{"id":584,"date":"2025-01-20T22:20:39","date_gmt":"2025-01-20T21:20:39","guid":{"rendered":"https:\/\/ssgcsmdaqa.cfolks.pl\/muzeum\/?post_type=product&#038;p=584"},"modified":"2026-03-31T12:09:55","modified_gmt":"2026-03-31T10:09:55","slug":"maly-aptekarz-warsztaty-dla-dzieci","status":"publish","type":"product","link":"https:\/\/muzeumfarmacji.eu\/pl\/wydarzenia\/maly-aptekarz-warsztaty-dla-dzieci\/","title":{"rendered":"Ma\u0142y Aptekarz &#8211; warsztaty dla&nbsp;dzieci"},"content":{"rendered":"<h3 class=\"p1\"><span class=\"s1\">Stw\u00f3rz swoj\u0105 w\u0142asn\u0105 kapsu\u0142k\u0119!<\/span><\/h3>\n<p class=\"p2\">Podczas naszych warsztat\u00f3w dzieci wcielaj\u0105 si\u0119 w&nbsp;ma\u0142ego farmaceut\u0119 i&nbsp;przygotowuj\u0105 swoj\u0105 w\u0142asn\u0105 kapsu\u0142k\u0119. Ucz\u0105 si\u0119 u\u017cywa\u0107 mo\u017adzierza, a&nbsp;tak\u017ce dowiaduj\u0105 si\u0119, jak bezpiecznie pracowa\u0107 z&nbsp;substancjami. U\u017cywamy bezpiecznych dla&nbsp;dzieci materia\u0142\u00f3w (kostek cukru i&nbsp;kapsu\u0142ek skrobiowych). To nie tylko \u015bwietna zabawa, ale&nbsp;tak\u017ce okazja do&nbsp;poznania tajnik\u00f3w produkcji lek\u00f3w. Ka\u017cdy uczestnik zabierze do&nbsp;domu swoj\u0105 w\u0142asnor\u0119cznie przygotowan\u0105 kapsu\u0142k\u0119!<\/p>\n<p class=\"p2\"><img loading=\"lazy\" decoding=\"async\" class=\"wp-image-587 size-full alignnone\" src=\"https:\/\/muzeumfarmacji.eu\/wp-content\/uploads\/2025\/01\/Warsztaty-1.jpg\" alt=\"\" width=\"1350\" height=\"900\" srcset=\"https:\/\/muzeumfarmacji.eu\/wp-content\/uploads\/2025\/01\/Warsztaty-1.jpg 1350w, https:\/\/muzeumfarmacji.eu\/wp-content\/uploads\/2025\/01\/Warsztaty-1-800x533.jpg 800w, https:\/\/muzeumfarmacji.eu\/wp-content\/uploads\/2025\/01\/Warsztaty-1-300x200.jpg 300w, https:\/\/muzeumfarmacji.eu\/wp-content\/uploads\/2025\/01\/Warsztaty-1-1024x683.jpg 1024w, https:\/\/muzeumfarmacji.eu\/wp-content\/uploads\/2025\/01\/Warsztaty-1-768x512.jpg 768w\" sizes=\"auto, (max-width: 1350px) 100vw, 1350px\" \/><\/p>\n<h3 class=\"p1\"><span class=\"s1\">Weso\u0142a chemia &#8211; wska\u017anik pH<\/span><\/h3>\n<p class=\"p1\">Eksperyment polega na&nbsp;rozpoznaniu pH wody, kwasu i&nbsp;zasady w&nbsp;prosty, ciesz\u0105cy oko spos\u00f3b, za&nbsp;pomoc\u0105 soku z&nbsp;czerwonej kapusty. Zapewnia dzieciom pierwszy kontakt z&nbsp;metod\u0105 naukow\u0105, dostosowany do&nbsp;ich wieku.<\/p>\n<p class=\"p1\"><img loading=\"lazy\" decoding=\"async\" class=\"alignnone wp-image-585 size-full\" src=\"https:\/\/muzeumfarmacji.eu\/wp-content\/uploads\/2025\/01\/Warsztaty-2.jpg\" alt=\"\" width=\"1350\" height=\"900\" srcset=\"https:\/\/muzeumfarmacji.eu\/wp-content\/uploads\/2025\/01\/Warsztaty-2.jpg 1350w, https:\/\/muzeumfarmacji.eu\/wp-content\/uploads\/2025\/01\/Warsztaty-2-800x533.jpg 800w, https:\/\/muzeumfarmacji.eu\/wp-content\/uploads\/2025\/01\/Warsztaty-2-300x200.jpg 300w, https:\/\/muzeumfarmacji.eu\/wp-content\/uploads\/2025\/01\/Warsztaty-2-1024x683.jpg 1024w, https:\/\/muzeumfarmacji.eu\/wp-content\/uploads\/2025\/01\/Warsztaty-2-768x512.jpg 768w\" sizes=\"auto, (max-width: 1350px) 100vw, 1350px\" \/><\/p>\n","protected":false},"excerpt":{"rendered":"<p>Oferta skierowana do&nbsp;najm\u0142odszych dzieci z&nbsp;wczesnych klas szko\u0142y podstawowej.<\/p>\n","protected":false},"featured_media":585,"template":"","meta":{"_acf_changed":false},"product_brand":[],"product_cat":[25],"product_tag":[],"class_list":{"0":"post-584","1":"product","2":"type-product","3":"status-publish","4":"has-post-thumbnail","6":"product_cat-warsztaty","8":"first","9":"instock","10":"virtual","11":"sold-individually","12":"purchasable","13":"product-type-booking"},"acf":[],"_links":{"self":[{"href":"https:\/\/muzeumfarmacji.eu\/pl\/wp-json\/wp\/v2\/product\/584","targetHints":{"allow":["GET"]}}],"collection":[{"href":"https:\/\/muzeumfarmacji.eu\/pl\/wp-json\/wp\/v2\/product"}],"about":[{"href":"https:\/\/muzeumfarmacji.eu\/pl\/wp-json\/wp\/v2\/types\/product"}],"wp:featuredmedia":[{"embeddable":true,"href":"https:\/\/muzeumfarmacji.eu\/pl\/wp-json\/wp\/v2\/media\/585"}],"wp:attachment":[{"href":"https:\/\/muzeumfarmacji.eu\/pl\/wp-json\/wp\/v2\/media?parent=584"}],"wp:term":[{"taxonomy":"product_brand","embeddable":true,"href":"https:\/\/muzeumfarmacji.eu\/pl\/wp-json\/wp\/v2\/product_brand?post=584"},{"taxonomy":"product_cat","embeddable":true,"href":"https:\/\/muzeumfarmacji.eu\/pl\/wp-json\/wp\/v2\/product_cat?post=584"},{"taxonomy":"product_tag","embeddable":true,"href":"https:\/\/muzeumfarmacji.eu\/pl\/wp-json\/wp\/v2\/product_tag?post=584"}],"curies":[{"name":"wp","href":"https:\/\/api.w.org\/{rel}","templated":true}]}}