{"id":594,"date":"2025-01-20T23:15:28","date_gmt":"2025-01-20T22:15:28","guid":{"rendered":"https:\/\/ssgcsmdaqa.cfolks.pl\/muzeum\/?post_type=product&#038;p=594"},"modified":"2025-04-30T07:07:35","modified_gmt":"2025-04-30T05:07:35","slug":"poszukiwacze-zapomnianej-farmacji-gra-terenowa","status":"publish","type":"product","link":"https:\/\/muzeumfarmacji.eu\/pl\/wydarzenia\/poszukiwacze-zapomnianej-farmacji-gra-terenowa\/","title":{"rendered":"Poszukiwacze zapomnianej farmacji &#8211; gra terenowa"},"content":{"rendered":"<p class=\"p1\">Uczestnicy rozwi\u0105zuj\u0105 zagadki, przemierzaj\u0105c muzeum i&nbsp;poszerzaj\u0105c swoj\u0105 wiedz\u0119 o&nbsp;dawnych lekarstwach i&nbsp;sposobach leczenia. To nie tylko \u015bwietna zabawa, ale&nbsp;tak\u017ce okazja do&nbsp;nauki wsp\u00f3\u0142pracy w&nbsp;grupie.<\/p>\n","protected":false},"excerpt":{"rendered":"<p class=\"p1\">Oferta skierowana do&nbsp;m\u0142odzie\u017cy z&nbsp;VII i&nbsp;VIII klas szk\u00f3\u0142 podstawowych oraz&nbsp;uczni\u00f3w szk\u00f3\u0142 \u015brednich.<\/p>\n","protected":false},"featured_media":597,"template":"","meta":{"_acf_changed":false},"product_brand":[],"product_cat":[25],"product_tag":[],"class_list":{"0":"post-594","1":"product","2":"type-product","3":"status-publish","4":"has-post-thumbnail","6":"product_cat-warsztaty","8":"first","9":"instock","10":"virtual","11":"sold-individually","12":"purchasable","13":"product-type-booking"},"acf":[],"_links":{"self":[{"href":"https:\/\/muzeumfarmacji.eu\/pl\/wp-json\/wp\/v2\/product\/594","targetHints":{"allow":["GET"]}}],"collection":[{"href":"https:\/\/muzeumfarmacji.eu\/pl\/wp-json\/wp\/v2\/product"}],"about":[{"href":"https:\/\/muzeumfarmacji.eu\/pl\/wp-json\/wp\/v2\/types\/product"}],"wp:featuredmedia":[{"embeddable":true,"href":"https:\/\/muzeumfarmacji.eu\/pl\/wp-json\/wp\/v2\/media\/597"}],"wp:attachment":[{"href":"https:\/\/muzeumfarmacji.eu\/pl\/wp-json\/wp\/v2\/media?parent=594"}],"wp:term":[{"taxonomy":"product_brand","embeddable":true,"href":"https:\/\/muzeumfarmacji.eu\/pl\/wp-json\/wp\/v2\/product_brand?post=594"},{"taxonomy":"product_cat","embeddable":true,"href":"https:\/\/muzeumfarmacji.eu\/pl\/wp-json\/wp\/v2\/product_cat?post=594"},{"taxonomy":"product_tag","embeddable":true,"href":"https:\/\/muzeumfarmacji.eu\/pl\/wp-json\/wp\/v2\/product_tag?post=594"}],"curies":[{"name":"wp","href":"https:\/\/api.w.org\/{rel}","templated":true}]}}