{"id":599,"date":"2025-01-20T23:20:43","date_gmt":"2025-01-20T22:20:43","guid":{"rendered":"https:\/\/ssgcsmdaqa.cfolks.pl\/muzeum\/?post_type=product&#038;p=599"},"modified":"2025-08-05T11:45:35","modified_gmt":"2025-08-05T09:45:35","slug":"podroz-w-swiat-aromatow-warsztaty-perfumeryjne","status":"publish","type":"product","link":"https:\/\/muzeumfarmacji.eu\/pl\/wydarzenia\/podroz-w-swiat-aromatow-warsztaty-perfumeryjne\/","title":{"rendered":"Podr\u00f3\u017c w&nbsp;\u015bwiat aromat\u00f3w &#8211; warsztaty perfumeryjne"},"content":{"rendered":"<p class=\"p1\">Pod&nbsp;okiem naszych ekspert\u00f3w uczestnicy poznaj\u0105 teori\u0119 zapach\u00f3w, zasady komponowania perfum i&nbsp;stworz\u0105 w\u0142asn\u0105, niepowtarzaln\u0105 kompozycj\u0119 zapachow\u0105. Wykorzystujemy r\u00f3\u017cnorodne sk\u0142adniki, aby&nbsp;stworzy\u0107 unikalne perfumy, kt\u00f3re uczestnicy zabieraj\u0105 ze sob\u0105. Do&nbsp;tworzenia kompozycji zapachowych u\u017cywamy komercyjnie dost\u0119pnych olejk\u00f3w eterycznych, gliceryny oraz&nbsp;alkoholu etylowego.<\/p>\n","protected":false},"excerpt":{"rendered":"<p class=\"p1\">Stw\u00f3rz swoje unikalne perfumy!<\/p>\n","protected":false},"featured_media":1001,"template":"","meta":{"_acf_changed":false},"product_brand":[],"product_cat":[25],"product_tag":[],"class_list":{"0":"post-599","1":"product","2":"type-product","3":"status-publish","4":"has-post-thumbnail","6":"product_cat-warsztaty","8":"first","9":"instock","10":"virtual","11":"sold-individually","12":"purchasable","13":"product-type-booking"},"acf":[],"_links":{"self":[{"href":"https:\/\/muzeumfarmacji.eu\/pl\/wp-json\/wp\/v2\/product\/599","targetHints":{"allow":["GET"]}}],"collection":[{"href":"https:\/\/muzeumfarmacji.eu\/pl\/wp-json\/wp\/v2\/product"}],"about":[{"href":"https:\/\/muzeumfarmacji.eu\/pl\/wp-json\/wp\/v2\/types\/product"}],"wp:featuredmedia":[{"embeddable":true,"href":"https:\/\/muzeumfarmacji.eu\/pl\/wp-json\/wp\/v2\/media\/1001"}],"wp:attachment":[{"href":"https:\/\/muzeumfarmacji.eu\/pl\/wp-json\/wp\/v2\/media?parent=599"}],"wp:term":[{"taxonomy":"product_brand","embeddable":true,"href":"https:\/\/muzeumfarmacji.eu\/pl\/wp-json\/wp\/v2\/product_brand?post=599"},{"taxonomy":"product_cat","embeddable":true,"href":"https:\/\/muzeumfarmacji.eu\/pl\/wp-json\/wp\/v2\/product_cat?post=599"},{"taxonomy":"product_tag","embeddable":true,"href":"https:\/\/muzeumfarmacji.eu\/pl\/wp-json\/wp\/v2\/product_tag?post=599"}],"curies":[{"name":"wp","href":"https:\/\/api.w.org\/{rel}","templated":true}]}}