{"id":608,"date":"2019-07-01T00:00:00","date_gmt":"2019-06-30T22:00:00","guid":{"rendered":"https:\/\/ssgcsmdaqa.cfolks.pl\/muzeum\/?post_type=product&#038;p=608"},"modified":"2025-05-12T12:14:40","modified_gmt":"2025-05-12T10:14:40","slug":"kawa-cudowny-napoj-plansze","status":"publish","type":"product","link":"https:\/\/muzeumfarmacji.eu\/pl\/wydarzenia\/kawa-cudowny-napoj-plansze\/","title":{"rendered":"Kawa cudowny nap\u00f3j &#8211; Plansze"},"content":{"rendered":"<p>Francuski kr\u00f3l Ludwik XV tak polubi\u0142 ten nap\u00f3j, \u017ce&nbsp;za\u0142o\u017cy\u0142 niewielk\u0105 jej plantacj\u0119 na&nbsp;terenie pa\u0142acu wersalskiego. Papie\u017c Klemens VIII \u201eochrzci\u0142\u201d kaw\u0119, aby&nbsp;jej przeciwnicy ju\u017c si\u0119 jej \u201enie czepiali\u201d. Jan Sebastian Bach skomponowa\u0142 kantat\u0119 o&nbsp;kawie. Takich ciekawostek jest wiele.<\/p>\n<p>Za&nbsp;co kochamy kaw\u0119 i&nbsp;jakie ma w\u0142a\u015bciwo\u015bci.? O&nbsp;tym pisa\u0142 ju\u017c Avicenna w&nbsp;dziele \u201eKanon medycyny\u201d.<\/p>\n<p><strong><em>O&nbsp;tych i&nbsp;innych ciekawostkach mo\u017cna dowiedzie\u0107 si\u0119 z&nbsp;wystawy \u201eKawa cudowny nap\u00f3j\u201d.<\/em><\/strong><\/p>\n<p><strong><em>\u201eW\u015br\u00f3d wszystkich luksus\u00f3w sto\u0142u kawa wydaje si\u0119 jednym z&nbsp;najbardziej warto\u015bciowych\u201d<\/em><\/strong><\/p>\n<p><strong><em>Benjamin Franklin<\/em><\/strong><\/p>\n","protected":false},"excerpt":{"rendered":"<p>Wolter, Balzac, Franklin, Roosevelt to tylko nieliczni znani i&nbsp;s\u0142awni smakosze kawy. Niekt\u00f3rzy z&nbsp;nich wypijali dziennie nawet 40 fili\u017canek.<\/p>\n","protected":false},"featured_media":659,"template":"","meta":{"_acf_changed":false},"product_brand":[],"product_cat":[24],"product_tag":[],"class_list":{"0":"post-608","1":"product","2":"type-product","3":"status-publish","4":"has-post-thumbnail","6":"product_cat-wystawy","8":"first","9":"instock","10":"virtual","11":"sold-individually","12":"purchasable","13":"product-type-booking"},"acf":[],"_links":{"self":[{"href":"https:\/\/muzeumfarmacji.eu\/pl\/wp-json\/wp\/v2\/product\/608","targetHints":{"allow":["GET"]}}],"collection":[{"href":"https:\/\/muzeumfarmacji.eu\/pl\/wp-json\/wp\/v2\/product"}],"about":[{"href":"https:\/\/muzeumfarmacji.eu\/pl\/wp-json\/wp\/v2\/types\/product"}],"wp:featuredmedia":[{"embeddable":true,"href":"https:\/\/muzeumfarmacji.eu\/pl\/wp-json\/wp\/v2\/media\/659"}],"wp:attachment":[{"href":"https:\/\/muzeumfarmacji.eu\/pl\/wp-json\/wp\/v2\/media?parent=608"}],"wp:term":[{"taxonomy":"product_brand","embeddable":true,"href":"https:\/\/muzeumfarmacji.eu\/pl\/wp-json\/wp\/v2\/product_brand?post=608"},{"taxonomy":"product_cat","embeddable":true,"href":"https:\/\/muzeumfarmacji.eu\/pl\/wp-json\/wp\/v2\/product_cat?post=608"},{"taxonomy":"product_tag","embeddable":true,"href":"https:\/\/muzeumfarmacji.eu\/pl\/wp-json\/wp\/v2\/product_tag?post=608"}],"curies":[{"name":"wp","href":"https:\/\/api.w.org\/{rel}","templated":true}]}}