{"id":719,"date":"2023-03-10T00:00:00","date_gmt":"2023-03-09T23:00:00","guid":{"rendered":"https:\/\/ssgcsmdaqa.cfolks.pl\/muzeum\/?post_type=product&#038;p=719"},"modified":"2025-05-12T12:16:40","modified_gmt":"2025-05-12T10:16:40","slug":"powrot-do-medycyny-naturalnej-plansze","status":"publish","type":"product","link":"https:\/\/muzeumfarmacji.eu\/pl\/wydarzenia\/powrot-do-medycyny-naturalnej-plansze\/","title":{"rendered":"Powr\u00f3t do&nbsp;medycyny naturalnej &#8211; Plansze"},"content":{"rendered":"<p>Je\u017celi&nbsp;przyjmujemy jakie\u015b leki musimy szczeg\u00f3lnie uwa\u017ca\u0107 co i&nbsp;w jakich ilo\u015bciach pijemy. Nie zmienia to jednak&nbsp;faktu, \u017ce&nbsp;zio\u0142a bardzo korzystnie wp\u0142ywaj\u0105 na&nbsp;nasze zdrowie i&nbsp;samopoczucie. Szczeg\u00f3lnie medycyna ludowa pokocha\u0142a zio\u0142a.<\/p>\n<p>Jakie w\u0142a\u015bciwo\u015bci zdrowotne ma g\u0142\u00f3g, mniszek lekarski czy&nbsp;bor\u00f3wka z&nbsp;pewno\u015bci\u0105 wiemy, a&nbsp;na co pomo\u017ce serdecznik czy&nbsp;podagrycznik? Tego dowiemy si\u0119 z&nbsp;tej wystawy.<\/p>\n<p>Tak o&nbsp;cudownym dziurawcu pisa\u0142 ks.Jan Twardowski.<\/p>\n<p><strong>DZIURAWIEC<\/strong><\/p>\n<p><em>Dziurawiec \u2013 pos\u0142uszne ziele<\/em><\/p>\n<p><em>W&nbsp;noc \u015bwi\u0119toja\u0144sk\u0105 zakwita<\/em><\/p>\n<p><em>Dar wprost z&nbsp;bo\u017cej apteki<\/em><\/p>\n<p><em>Leczy w\u0105trob\u0119 jelita<\/em><\/p>\n<p><em>O&nbsp;jak\u017ce dla&nbsp;nas \u0142askawe s\u0105 twoje listki dziurawe<\/em><\/p>\n","protected":false},"excerpt":{"rendered":"<p>Wszyscy kochamy zi\u00f3\u0142ka i&nbsp;wszyscy my\u015blimy, \u017ce&nbsp;si\u0119 na&nbsp;nich znamy. Czy&nbsp;tak jest naprawd\u0119? Niestety nie zawsze.<\/p>\n","protected":false},"featured_media":722,"template":"","meta":{"_acf_changed":false},"product_brand":[],"product_cat":[24],"product_tag":[],"class_list":{"0":"post-719","1":"product","2":"type-product","3":"status-publish","4":"has-post-thumbnail","6":"product_cat-wystawy","8":"first","9":"instock","10":"virtual","11":"sold-individually","12":"purchasable","13":"product-type-booking"},"acf":[],"_links":{"self":[{"href":"https:\/\/muzeumfarmacji.eu\/pl\/wp-json\/wp\/v2\/product\/719","targetHints":{"allow":["GET"]}}],"collection":[{"href":"https:\/\/muzeumfarmacji.eu\/pl\/wp-json\/wp\/v2\/product"}],"about":[{"href":"https:\/\/muzeumfarmacji.eu\/pl\/wp-json\/wp\/v2\/types\/product"}],"wp:featuredmedia":[{"embeddable":true,"href":"https:\/\/muzeumfarmacji.eu\/pl\/wp-json\/wp\/v2\/media\/722"}],"wp:attachment":[{"href":"https:\/\/muzeumfarmacji.eu\/pl\/wp-json\/wp\/v2\/media?parent=719"}],"wp:term":[{"taxonomy":"product_brand","embeddable":true,"href":"https:\/\/muzeumfarmacji.eu\/pl\/wp-json\/wp\/v2\/product_brand?post=719"},{"taxonomy":"product_cat","embeddable":true,"href":"https:\/\/muzeumfarmacji.eu\/pl\/wp-json\/wp\/v2\/product_cat?post=719"},{"taxonomy":"product_tag","embeddable":true,"href":"https:\/\/muzeumfarmacji.eu\/pl\/wp-json\/wp\/v2\/product_tag?post=719"}],"curies":[{"name":"wp","href":"https:\/\/api.w.org\/{rel}","templated":true}]}}