{"id":740,"date":"2019-11-04T00:00:00","date_gmt":"2019-11-03T23:00:00","guid":{"rendered":"https:\/\/ssgcsmdaqa.cfolks.pl\/muzeum\/?post_type=product&#038;p=740"},"modified":"2025-05-12T12:17:33","modified_gmt":"2025-05-12T10:17:33","slug":"kakao-napoj-bogow-plansze","status":"publish","type":"product","link":"https:\/\/muzeumfarmacji.eu\/pl\/wydarzenia\/kakao-napoj-bogow-plansze\/","title":{"rendered":"Kakao nap\u00f3j bog\u00f3w &#8211; Plansze"},"content":{"rendered":"<p>S\u0142odycz zawdzi\u0119czamy hiszpa\u0144skim zakonnicom, kt\u00f3re dodawa\u0142y do&nbsp;niego mi\u00f3d i&nbsp;cukier. I&nbsp;od tego czasu kochaj\u0105 je wszyscy (no prawie wszyscy, cho\u0107&nbsp;trudno to poj\u0105\u0107).<\/p>\n<p>Nap\u00f3j nazywany \u201enapojem bog\u00f3w\u201d zarezerwowany by\u0142 pocz\u0105tkowo tylko dla&nbsp;kr\u00f3la, arystokracji czy&nbsp;wojownik\u00f3w. P\u00f3\u017aniej do&nbsp;tej elitarnej grupy do\u0142\u0105czyli kupcy maj\u0105cy wysok\u0105 pozycje spo\u0142eczn\u0105.<\/p>\n<p>Ziarna kakaowca ze wzgl\u0119du na&nbsp;swoj\u0105 wyj\u0105tkowo\u015b\u0107 by\u0142y u\u017cywane jako waluta \u2013 np.&nbsp;za 30 ziaren mo\u017cna by\u0142o kupi\u0107 kr\u00f3lika, a&nbsp;za 100 ziaren nawet niewolnika.<\/p>\n<p>Cho\u0107&nbsp;pierwsze \u015blady u\u017cywania nasion kakaowca odnaleziono w&nbsp;Ekwadorze ju\u017c ok. 3 tys. lat p.n.e. do&nbsp;Europy sprowadzi\u0142 je hiszpa\u0144ski kolonizator Hernan Cortez, kt\u00f3remu podarowa\u0142 je sam kr\u00f3l Montezuma II&nbsp;(w sekrecie zdradzi\u0142, \u017ce&nbsp;wypija porcj\u0119 tcoccoatl nim uda si\u0119 do&nbsp;swojego haremu).<\/p>\n<p>Do&nbsp;po\u0142owy XIX w. nap\u00f3j z&nbsp;ziaren kakaowca uwa\u017cano za&nbsp;\u015brodek leczniczy, kt\u00f3ry kupowano w&nbsp;aptekach by leczy\u0107 apati\u0119, zm\u0119czenie, problemy z&nbsp;trawieniem, anemi\u0119, malari\u0119, a&nbsp;nawet choroby psychiczne.<\/p>\n<p><em><strong>Kto\u015b m\u0105dry powiedzia\u0142: \u201eZ tabliczk\u0105 czekolady nigdy nie jeste\u015b samotny\u201d.<\/strong><\/em><\/p>\n","protected":false},"excerpt":{"rendered":"<p>Kakao nazywane \u201es\u0142odkim narkotykiem\u201d nie zawsze by\u0142o s\u0142odkie, dodawano bowiem do&nbsp;niego m.in. chili i&nbsp;kardamon, dzi\u0119ki kt\u00f3rym nap\u00f3j by\u0142 gorzki i&nbsp;piek\u0105cy.<\/p>\n","protected":false},"featured_media":966,"template":"","meta":{"_acf_changed":false},"product_brand":[],"product_cat":[24],"product_tag":[],"class_list":{"0":"post-740","1":"product","2":"type-product","3":"status-publish","4":"has-post-thumbnail","6":"product_cat-wystawy","8":"first","9":"instock","10":"virtual","11":"sold-individually","12":"purchasable","13":"product-type-booking"},"acf":[],"_links":{"self":[{"href":"https:\/\/muzeumfarmacji.eu\/pl\/wp-json\/wp\/v2\/product\/740","targetHints":{"allow":["GET"]}}],"collection":[{"href":"https:\/\/muzeumfarmacji.eu\/pl\/wp-json\/wp\/v2\/product"}],"about":[{"href":"https:\/\/muzeumfarmacji.eu\/pl\/wp-json\/wp\/v2\/types\/product"}],"wp:featuredmedia":[{"embeddable":true,"href":"https:\/\/muzeumfarmacji.eu\/pl\/wp-json\/wp\/v2\/media\/966"}],"wp:attachment":[{"href":"https:\/\/muzeumfarmacji.eu\/pl\/wp-json\/wp\/v2\/media?parent=740"}],"wp:term":[{"taxonomy":"product_brand","embeddable":true,"href":"https:\/\/muzeumfarmacji.eu\/pl\/wp-json\/wp\/v2\/product_brand?post=740"},{"taxonomy":"product_cat","embeddable":true,"href":"https:\/\/muzeumfarmacji.eu\/pl\/wp-json\/wp\/v2\/product_cat?post=740"},{"taxonomy":"product_tag","embeddable":true,"href":"https:\/\/muzeumfarmacji.eu\/pl\/wp-json\/wp\/v2\/product_tag?post=740"}],"curies":[{"name":"wp","href":"https:\/\/api.w.org\/{rel}","templated":true}]}}