{"id":813,"date":"2020-04-01T00:00:00","date_gmt":"2020-03-31T22:00:00","guid":{"rendered":"https:\/\/ssgcsmdaqa.cfolks.pl\/muzeum\/?post_type=product&#038;p=813"},"modified":"2025-05-12T12:17:58","modified_gmt":"2025-05-12T10:17:58","slug":"czas-na-herbatke-plansze","status":"publish","type":"product","link":"https:\/\/muzeumfarmacji.eu\/pl\/wydarzenia\/czas-na-herbatke-plansze\/","title":{"rendered":"Czas na&nbsp;herbatk\u0119 &#8211; Plansze"},"content":{"rendered":"<p>Dlaczego ten nap\u00f3j cieszy si\u0119 tak du\u017cym powodzeniem? Jest to najstarszy nap\u00f3j \u015bwiata. Legenda g\u0142osi, \u017ce&nbsp;herbat\u0119 odkry\u0142 w&nbsp;2737 roku p.n.e. chi\u0144ski cesarz Shennong.<\/p>\n<p>Kiedy herbata po&nbsp;raz pierwszy pojawi\u0142a si\u0119 w&nbsp;Wielkiej Brytanii, mo\u017cna j\u0105 by\u0142o kupi\u0107 wy\u0142\u0105cznie w&nbsp;aptekach. Nikogo to nie dziwi, bo&nbsp;przecie\u017c herbata ma wspania\u0142e w\u0142a\u015bciwo\u015bci zdrowotne. W&nbsp;Japonii uwa\u017ca si\u0119, \u017ce&nbsp;dzia\u0142a ona leczniczo w&nbsp;przypadku blisko 61 r\u00f3\u017cnych dolegliwo\u015bci.<\/p>\n<p>Najlepsz\u0105 reklam\u0119 herbacie \u201ewystawi\u0142\u201d Premier Wielkiej Brytanii William Gladstone:<\/p>\n<p><strong><em>\u201eJe\u015bli jest ci zimno, herbata ci\u0119 ogrzeje.<\/em><\/strong><\/p>\n<p><strong><em>Je\u015bli jest ci gor\u0105co, herbata ci\u0119 och\u0142odzi.<\/em><\/strong><\/p>\n<p><strong><em>Je\u015bli jeste\u015b pobudzony, herbata ci\u0119 uspokoi.\u201d<\/em><\/strong><\/p>\n","protected":false},"excerpt":{"rendered":"<p>Po&nbsp;wodzie to herbata jest najcz\u0119\u015bciej spo\u017cywanym napojem na&nbsp;ziemi. Wypijamy jej \u2026..3 mld fili\u017canek dziennie.<\/p>\n","protected":false},"featured_media":836,"template":"","meta":{"_acf_changed":false},"product_brand":[],"product_cat":[24],"product_tag":[],"class_list":{"0":"post-813","1":"product","2":"type-product","3":"status-publish","4":"has-post-thumbnail","6":"product_cat-wystawy","8":"first","9":"instock","10":"virtual","11":"sold-individually","12":"purchasable","13":"product-type-booking"},"acf":[],"_links":{"self":[{"href":"https:\/\/muzeumfarmacji.eu\/pl\/wp-json\/wp\/v2\/product\/813","targetHints":{"allow":["GET"]}}],"collection":[{"href":"https:\/\/muzeumfarmacji.eu\/pl\/wp-json\/wp\/v2\/product"}],"about":[{"href":"https:\/\/muzeumfarmacji.eu\/pl\/wp-json\/wp\/v2\/types\/product"}],"wp:featuredmedia":[{"embeddable":true,"href":"https:\/\/muzeumfarmacji.eu\/pl\/wp-json\/wp\/v2\/media\/836"}],"wp:attachment":[{"href":"https:\/\/muzeumfarmacji.eu\/pl\/wp-json\/wp\/v2\/media?parent=813"}],"wp:term":[{"taxonomy":"product_brand","embeddable":true,"href":"https:\/\/muzeumfarmacji.eu\/pl\/wp-json\/wp\/v2\/product_brand?post=813"},{"taxonomy":"product_cat","embeddable":true,"href":"https:\/\/muzeumfarmacji.eu\/pl\/wp-json\/wp\/v2\/product_cat?post=813"},{"taxonomy":"product_tag","embeddable":true,"href":"https:\/\/muzeumfarmacji.eu\/pl\/wp-json\/wp\/v2\/product_tag?post=813"}],"curies":[{"name":"wp","href":"https:\/\/api.w.org\/{rel}","templated":true}]}}