{"id":872,"date":"2018-09-12T00:00:00","date_gmt":"2018-09-11T22:00:00","guid":{"rendered":"https:\/\/ssgcsmdaqa.cfolks.pl\/muzeum\/?post_type=product&#038;p=872"},"modified":"2025-05-12T12:12:20","modified_gmt":"2025-05-12T10:12:20","slug":"skarby-z-ula","status":"publish","type":"product","link":"https:\/\/muzeumfarmacji.eu\/pl\/wydarzenia\/skarby-z-ula\/","title":{"rendered":"Skarby z&nbsp;ula &#8211; Plansze"},"content":{"rendered":"<p>Aby&nbsp;tego dokona\u0107 musi przysi\u0105\u015b\u0107 oko\u0142o 4 miliony razy na&nbsp;kwiatach lub&nbsp;li\u015bciach. Podczas lotu pszczo\u0142a wykonuje 350-435 ruch\u00f3w skrzyd\u0142ami na&nbsp;sekund\u0119, czyli&nbsp;a\u017c 11 400 razy na&nbsp;minut\u0119. Przeci\u0119tna szybko\u015b\u0107 pszczo\u0142y to 24 kilometry na&nbsp;godzin\u0119. Jak wida\u0107 \u017cycie pszcz\u00f3\u0142 nie jest lekkie, ale&nbsp;\u015bwiat przesta\u0142by istnie\u0107 bez tych pracowitych i&nbsp;po\u017cytecznych stworze\u0144.<\/p>\n<p>Mi\u00f3d to tylko jeden z&nbsp;cudownych produkt\u00f3w jakie powstaj\u0105 w&nbsp;ulu. W\u0142a\u015bciwo\u015bci lecznicze ma pierzga, propolis, py\u0142ek, wosk i&nbsp;mleczko pszczele, a&nbsp;nawet jad pszczeli.<\/p>\n<p>Jedn\u0105 z&nbsp;najstarszych metod leczniczych jest apiterapia. Jej pocz\u0105tki si\u0119gaj\u0105 czas\u00f3w staro\u017cytnej Grecji. Hipokrates twierdzi\u0142, \u017ce&nbsp;swojej s\u0142abo\u015bci do&nbsp;miodu zawdzi\u0119cza\u0142 zdrowe i&nbsp;d\u0142ugie \u017cycie.<\/p>\n<p>Mi\u00f3d jest perfekcyjnym konserwatorem. Cia\u0142o Aleksandra III&nbsp;Macedo\u0144skiego podczas transportu do&nbsp;Macedonii zamoczono w&nbsp;miodzie, by zapobiec jego rozk\u0142adowi.<\/p>\n<p><em><strong>Jedna z&nbsp;m\u0105dro\u015bci ludowych m\u00f3wi: &#8222;Gdy ch\u0142\u00f3d i&nbsp;s\u0142ota, mi\u00f3d jest na&nbsp;wag\u0119 z\u0142ota&#8221;<\/strong><\/em><\/p>\n","protected":false},"excerpt":{"rendered":"<p>Dla&nbsp;wyprodukowania 1 kg miodu pszczo\u0142a musi zebra\u0107 ok. 3 kg nektaru i&nbsp;przy \u015bredniej d\u0142ugo\u015bci lotu 800 m, musi pokona\u0107 tras\u0119 40 000 km (jedno okr\u0105\u017cenie kuli ziemskiej).<\/p>\n","protected":false},"featured_media":968,"template":"","meta":{"_acf_changed":false},"product_brand":[],"product_cat":[24],"product_tag":[],"class_list":{"0":"post-872","1":"product","2":"type-product","3":"status-publish","4":"has-post-thumbnail","6":"product_cat-wystawy","8":"first","9":"instock","10":"virtual","11":"sold-individually","12":"purchasable","13":"product-type-booking"},"acf":[],"_links":{"self":[{"href":"https:\/\/muzeumfarmacji.eu\/pl\/wp-json\/wp\/v2\/product\/872","targetHints":{"allow":["GET"]}}],"collection":[{"href":"https:\/\/muzeumfarmacji.eu\/pl\/wp-json\/wp\/v2\/product"}],"about":[{"href":"https:\/\/muzeumfarmacji.eu\/pl\/wp-json\/wp\/v2\/types\/product"}],"wp:featuredmedia":[{"embeddable":true,"href":"https:\/\/muzeumfarmacji.eu\/pl\/wp-json\/wp\/v2\/media\/968"}],"wp:attachment":[{"href":"https:\/\/muzeumfarmacji.eu\/pl\/wp-json\/wp\/v2\/media?parent=872"}],"wp:term":[{"taxonomy":"product_brand","embeddable":true,"href":"https:\/\/muzeumfarmacji.eu\/pl\/wp-json\/wp\/v2\/product_brand?post=872"},{"taxonomy":"product_cat","embeddable":true,"href":"https:\/\/muzeumfarmacji.eu\/pl\/wp-json\/wp\/v2\/product_cat?post=872"},{"taxonomy":"product_tag","embeddable":true,"href":"https:\/\/muzeumfarmacji.eu\/pl\/wp-json\/wp\/v2\/product_tag?post=872"}],"curies":[{"name":"wp","href":"https:\/\/api.w.org\/{rel}","templated":true}]}}